{"id":889,"date":"2021-10-18T22:13:43","date_gmt":"2021-10-18T20:13:43","guid":{"rendered":"https:\/\/www.nathalie-yoga.com\/?page_id=889"},"modified":"2025-08-14T10:50:55","modified_gmt":"2025-08-14T08:50:55","slug":"infos-pratiques-plus","status":"publish","type":"page","link":"https:\/\/www.nathalie-yoga.com\/index.php\/infos-pratiques-plus\/","title":{"rendered":"INFOS PRATIQUES PLUS"},"content":{"rendered":"\n<p class=\"has-accent-2-color has-accent-1-background-color has-text-color has-background has-large-font-size\">Dans ce nouvel espace www.nathalie-yoga.com,  j&rsquo;esp\u00e8re que vous pourrez voyager et trouver les infos que vous recherchez.<\/p>\n\n\n\n<figure class=\"wp-block-image size-large\"><img loading=\"lazy\" decoding=\"async\" width=\"1024\" height=\"578\" src=\"https:\/\/www.nathalie-yoga.com\/wp-content\/uploads\/2021\/11\/Humour-Zen-1024x578.jpg\" alt=\"\" class=\"wp-image-1082\" srcset=\"https:\/\/www.nathalie-yoga.com\/wp-content\/uploads\/2021\/11\/Humour-Zen-1024x578.jpg 1024w, https:\/\/www.nathalie-yoga.com\/wp-content\/uploads\/2021\/11\/Humour-Zen-300x169.jpg 300w, https:\/\/www.nathalie-yoga.com\/wp-content\/uploads\/2021\/11\/Humour-Zen-768x433.jpg 768w, https:\/\/www.nathalie-yoga.com\/wp-content\/uploads\/2021\/11\/Humour-Zen-1536x867.jpg 1536w, https:\/\/www.nathalie-yoga.com\/wp-content\/uploads\/2021\/11\/Humour-Zen-2048x1156.jpg 2048w, https:\/\/www.nathalie-yoga.com\/wp-content\/uploads\/2021\/11\/Humour-Zen-532x300.jpg 532w\" sizes=\"auto, (max-width: 1024px) 100vw, 1024px\" \/><\/figure>\n\n\n\n<p class=\"has-accent-2-color has-accent-1-background-color has-text-color has-background has-large-font-size\">MES cours de yoga ont lieu sur Saint- Junien  et  Rochechouart<\/p>\n\n\n\n<p class=\"has-headings-color has-sitetext-background-color has-text-color has-background has-large-font-size\">A St Junien le mercredi \u00e0 partir de 17h et 18h30 , le  jeudi soir( 17h30 ) et  le vendredi matin ( 9h et 11h) soit 5 s\u00e9ances de yoga par semaine sur St Junien.<\/p>\n\n\n\n<p><\/p>\n\n\n\n<p class=\"has-headings-color has-sitetext-background-color has-text-color has-background has-large-font-size\">A Rochechouart le mardi soir \u00e0 19h et  le mercredi matin  \u00e0 9h30 soit 2 s\u00e9ances de yoga par semaine sur Rochechouart.<\/p>\n\n\n\n<p class=\"has-accent-2-color has-accent-1-background-color has-text-color has-background has-large-font-size\">Mon lieu de pratique \u00e0 <strong>Saint-Junien<\/strong> 19, rue Jean-Jacques Rousseau ( anciennement le resto \u00a0\u00bb La Bol\u00e9e\u00a0\u00bb la cr\u00eaperie)<\/p>\n\n\n\n<p class=\"has-accent-2-color has-text-color has-large-font-size\">Vous trouverez les horaires et les jours sur l&rsquo;onglet : <a href=\"https:\/\/www.nathalie-yoga.com\/index.php\/planning\/\">Les Planning :   Yoga    Massages Ayurv\u00e9diques      Formation en Massage Ayurv\u00e9dique<\/a><\/p>\n\n\n\n<p><\/p>\n\n\n\n<p class=\"has-accent-1-background-color has-background has-large-font-size\"><strong>DEPUIS   SEPTEMBRE  2023 , je vous propose de VOUS FORMER AUX MASSAGES <\/strong>Ayurv\u00e9diques pour vous faire plaisir dans des moments \u00e0 deux.<\/p>\n\n\n\n<p class=\"has-sitetext-color has-accent-1-background-color has-text-color has-background has-large-font-size\"><strong>Formation le dimanche: de 10h-13h et de 14h-17h ,  soit 6 h  de pratique pour connaitre et maitriser un  protocole de massage Ayurv\u00e9dique: 260\u20ac<\/strong> ( mat\u00e9riel de massage \u00e0 disposition, huiles :vata, pitta et kapha , serviettes ) venir avec son cobaye ( ami(e),coll\u00e9gue, compagne, compagnon ou autre) et mon exp\u00e9rience de plus de 10 ans de massages de salon et soins Ayurv\u00e9diques .<\/p>\n\n\n\n<p><\/p>\n\n\n\n<p><\/p>\n\n\n\n<div style=\"height:30px\" aria-hidden=\"true\" class=\"wp-block-spacer\"><\/div>\n\n\n\n<p><\/p>\n\n\n\n<p class=\"has-sitetext-color has-text-color has-large-font-size\"><strong>Nathalie Sineux &#8211; Professeure de Yoga et Yogath\u00e9rapie &#8211; Th\u00e9rapeute en Ayurv\u00e9da (France et Inde)<\/strong><\/p>\n\n\n\n<p><\/p>\n\n\n\n<p><\/p>\n\n\n\n<figure class=\"wp-block-image size-large\"><img loading=\"lazy\" decoding=\"async\" width=\"1024\" height=\"683\" src=\"https:\/\/www.nathalie-yoga.com\/wp-content\/uploads\/2021\/10\/IMG_1157-yoga-moi-Copie-1024x683.jpg\" alt=\"\" class=\"wp-image-847\" srcset=\"https:\/\/www.nathalie-yoga.com\/wp-content\/uploads\/2021\/10\/IMG_1157-yoga-moi-Copie-1024x683.jpg 1024w, https:\/\/www.nathalie-yoga.com\/wp-content\/uploads\/2021\/10\/IMG_1157-yoga-moi-Copie-300x200.jpg 300w, https:\/\/www.nathalie-yoga.com\/wp-content\/uploads\/2021\/10\/IMG_1157-yoga-moi-Copie-768x512.jpg 768w, https:\/\/www.nathalie-yoga.com\/wp-content\/uploads\/2021\/10\/IMG_1157-yoga-moi-Copie-1536x1024.jpg 1536w, https:\/\/www.nathalie-yoga.com\/wp-content\/uploads\/2021\/10\/IMG_1157-yoga-moi-Copie-2048x1365.jpg 2048w, https:\/\/www.nathalie-yoga.com\/wp-content\/uploads\/2021\/10\/IMG_1157-yoga-moi-Copie-450x300.jpg 450w\" sizes=\"auto, (max-width: 1024px) 100vw, 1024px\" \/><figcaption class=\"wp-element-caption\">Lieu priv\u00e9<\/figcaption><\/figure>\n<!--CusAds0-->\n<div style=\"font-size: 0px; height: 0px; line-height: 0px; margin: 0; padding: 0; clear: both;\"><\/div>","protected":false},"excerpt":{"rendered":"<p>Dans ce nouvel espace www.nathalie-yoga.com, j&rsquo;esp\u00e8re que vous pourrez voyager et trouver les infos que vous recherchez. MES cours de yoga ont lieu sur Saint- &hellip;<\/p>\n","protected":false},"author":1,"featured_media":0,"parent":0,"menu_order":0,"comment_status":"closed","ping_status":"closed","template":"","meta":{"footnotes":""},"class_list":["post-889","page","type-page","status-publish","hentry"],"yoast_head":"<!-- This site is optimized with the Yoast SEO plugin v23.7 - https:\/\/yoast.com\/wordpress\/plugins\/seo\/ -->\n<title>INFOS PRATIQUES PLUS - NAThalie-YOGA - Cours et stages<\/title>\n<meta name=\"description\" content=\"Les cours de yoga sont assur\u00e9s dans diff\u00e9rents lieux ainsi tout le monde peut participer, avec ou sans pass-sanitaire.\" \/>\n<meta name=\"robots\" content=\"index, follow, max-snippet:-1, max-image-preview:large, max-video-preview:-1\" \/>\n<link rel=\"canonical\" href=\"https:\/\/www.nathalie-yoga.com\/index.php\/infos-pratiques-plus\/\" \/>\n<meta property=\"og:locale\" content=\"fr_FR\" \/>\n<meta property=\"og:type\" content=\"article\" \/>\n<meta property=\"og:title\" content=\"INFOS PRATIQUES PLUS - NAThalie-YOGA - Cours et stages\" \/>\n<meta property=\"og:description\" content=\"Les cours de yoga sont assur\u00e9s dans diff\u00e9rents lieux ainsi tout le monde peut participer, avec ou sans pass-sanitaire.\" \/>\n<meta property=\"og:url\" content=\"https:\/\/www.nathalie-yoga.com\/index.php\/infos-pratiques-plus\/\" \/>\n<meta property=\"og:site_name\" content=\"NAThalie-YOGA\" \/>\n<meta property=\"article:publisher\" content=\"https:\/\/www.facebook.com\/Nathalieyoga-105104835221700\" \/>\n<meta property=\"article:modified_time\" content=\"2025-08-14T08:50:55+00:00\" \/>\n<meta property=\"og:image\" content=\"https:\/\/www.nathalie-yoga.com\/wp-content\/uploads\/2021\/11\/Humour-Zen-scaled.jpg\" \/>\n\t<meta property=\"og:image:width\" content=\"2560\" \/>\n\t<meta property=\"og:image:height\" content=\"1444\" \/>\n\t<meta property=\"og:image:type\" content=\"image\/jpeg\" \/>\n<meta name=\"twitter:card\" content=\"summary_large_image\" \/>\n<meta name=\"twitter:label1\" content=\"Dur\u00e9e de lecture estim\u00e9e\" \/>\n\t<meta name=\"twitter:data1\" content=\"2 minutes\" \/>\n<script type=\"application\/ld+json\" class=\"yoast-schema-graph\">{\"@context\":\"https:\/\/schema.org\",\"@graph\":[{\"@type\":\"WebPage\",\"@id\":\"https:\/\/www.nathalie-yoga.com\/index.php\/infos-pratiques-plus\/\",\"url\":\"https:\/\/www.nathalie-yoga.com\/index.php\/infos-pratiques-plus\/\",\"name\":\"INFOS PRATIQUES PLUS - NAThalie-YOGA - Cours et stages\",\"isPartOf\":{\"@id\":\"https:\/\/www.nathalie-yoga.com\/#website\"},\"primaryImageOfPage\":{\"@id\":\"https:\/\/www.nathalie-yoga.com\/index.php\/infos-pratiques-plus\/#primaryimage\"},\"image\":{\"@id\":\"https:\/\/www.nathalie-yoga.com\/index.php\/infos-pratiques-plus\/#primaryimage\"},\"thumbnailUrl\":\"https:\/\/www.nathalie-yoga.com\/wp-content\/uploads\/2021\/11\/Humour-Zen-1024x578.jpg\",\"datePublished\":\"2021-10-18T20:13:43+00:00\",\"dateModified\":\"2025-08-14T08:50:55+00:00\",\"description\":\"Les cours de yoga sont assur\u00e9s dans diff\u00e9rents lieux ainsi tout le monde peut participer, avec ou sans pass-sanitaire.\",\"breadcrumb\":{\"@id\":\"https:\/\/www.nathalie-yoga.com\/index.php\/infos-pratiques-plus\/#breadcrumb\"},\"inLanguage\":\"fr-FR\",\"potentialAction\":[{\"@type\":\"ReadAction\",\"target\":[\"https:\/\/www.nathalie-yoga.com\/index.php\/infos-pratiques-plus\/\"]}]},{\"@type\":\"ImageObject\",\"inLanguage\":\"fr-FR\",\"@id\":\"https:\/\/www.nathalie-yoga.com\/index.php\/infos-pratiques-plus\/#primaryimage\",\"url\":\"https:\/\/www.nathalie-yoga.com\/wp-content\/uploads\/2021\/11\/Humour-Zen-scaled.jpg\",\"contentUrl\":\"https:\/\/www.nathalie-yoga.com\/wp-content\/uploads\/2021\/11\/Humour-Zen-scaled.jpg\",\"width\":2560,\"height\":1444},{\"@type\":\"BreadcrumbList\",\"@id\":\"https:\/\/www.nathalie-yoga.com\/index.php\/infos-pratiques-plus\/#breadcrumb\",\"itemListElement\":[{\"@type\":\"ListItem\",\"position\":1,\"name\":\"Accueil\",\"item\":\"https:\/\/www.nathalie-yoga.com\/\"},{\"@type\":\"ListItem\",\"position\":2,\"name\":\"INFOS PRATIQUES PLUS\"}]},{\"@type\":\"WebSite\",\"@id\":\"https:\/\/www.nathalie-yoga.com\/#website\",\"url\":\"https:\/\/www.nathalie-yoga.com\/\",\"name\":\"NAThalie-YOGA\",\"description\":\"Ayurveda &amp; Yoga\",\"publisher\":{\"@id\":\"https:\/\/www.nathalie-yoga.com\/#organization\"},\"potentialAction\":[{\"@type\":\"SearchAction\",\"target\":{\"@type\":\"EntryPoint\",\"urlTemplate\":\"https:\/\/www.nathalie-yoga.com\/?s={search_term_string}\"},\"query-input\":{\"@type\":\"PropertyValueSpecification\",\"valueRequired\":true,\"valueName\":\"search_term_string\"}}],\"inLanguage\":\"fr-FR\"},{\"@type\":\"Organization\",\"@id\":\"https:\/\/www.nathalie-yoga.com\/#organization\",\"name\":\"NAThalie-YOGA\",\"url\":\"https:\/\/www.nathalie-yoga.com\/\",\"logo\":{\"@type\":\"ImageObject\",\"inLanguage\":\"fr-FR\",\"@id\":\"https:\/\/www.nathalie-yoga.com\/#\/schema\/logo\/image\/\",\"url\":\"https:\/\/www.nathalie-yoga.com\/wp-content\/uploads\/2021\/11\/cropped-LogoSiteCercleCouleur.png\",\"contentUrl\":\"https:\/\/www.nathalie-yoga.com\/wp-content\/uploads\/2021\/11\/cropped-LogoSiteCercleCouleur.png\",\"width\":168,\"height\":204,\"caption\":\"NAThalie-YOGA\"},\"image\":{\"@id\":\"https:\/\/www.nathalie-yoga.com\/#\/schema\/logo\/image\/\"},\"sameAs\":[\"https:\/\/www.facebook.com\/Nathalieyoga-105104835221700\",\"https:\/\/studio.youtube.com\/channel\/UCIzlfL2iLtNhlW_xsvmi7-g\/videos\/upload?filter=[]&amp;sort={&quot;columnType&quot;:&quot;date&quot;,&quot;sortOrder&quot;DESCENDING&quot;}\"]}]}<\/script>\n<!-- \/ Yoast SEO plugin. -->","yoast_head_json":{"title":"INFOS PRATIQUES PLUS - NAThalie-YOGA - Cours et stages","description":"Les cours de yoga sont assur\u00e9s dans diff\u00e9rents lieux ainsi tout le monde peut participer, avec ou sans pass-sanitaire.","robots":{"index":"index","follow":"follow","max-snippet":"max-snippet:-1","max-image-preview":"max-image-preview:large","max-video-preview":"max-video-preview:-1"},"canonical":"https:\/\/www.nathalie-yoga.com\/index.php\/infos-pratiques-plus\/","og_locale":"fr_FR","og_type":"article","og_title":"INFOS PRATIQUES PLUS - NAThalie-YOGA - Cours et stages","og_description":"Les cours de yoga sont assur\u00e9s dans diff\u00e9rents lieux ainsi tout le monde peut participer, avec ou sans pass-sanitaire.","og_url":"https:\/\/www.nathalie-yoga.com\/index.php\/infos-pratiques-plus\/","og_site_name":"NAThalie-YOGA","article_publisher":"https:\/\/www.facebook.com\/Nathalieyoga-105104835221700","article_modified_time":"2025-08-14T08:50:55+00:00","og_image":[{"width":2560,"height":1444,"url":"https:\/\/www.nathalie-yoga.com\/wp-content\/uploads\/2021\/11\/Humour-Zen-scaled.jpg","type":"image\/jpeg"}],"twitter_card":"summary_large_image","twitter_misc":{"Dur\u00e9e de lecture estim\u00e9e":"2 minutes"},"schema":{"@context":"https:\/\/schema.org","@graph":[{"@type":"WebPage","@id":"https:\/\/www.nathalie-yoga.com\/index.php\/infos-pratiques-plus\/","url":"https:\/\/www.nathalie-yoga.com\/index.php\/infos-pratiques-plus\/","name":"INFOS PRATIQUES PLUS - NAThalie-YOGA - Cours et stages","isPartOf":{"@id":"https:\/\/www.nathalie-yoga.com\/#website"},"primaryImageOfPage":{"@id":"https:\/\/www.nathalie-yoga.com\/index.php\/infos-pratiques-plus\/#primaryimage"},"image":{"@id":"https:\/\/www.nathalie-yoga.com\/index.php\/infos-pratiques-plus\/#primaryimage"},"thumbnailUrl":"https:\/\/www.nathalie-yoga.com\/wp-content\/uploads\/2021\/11\/Humour-Zen-1024x578.jpg","datePublished":"2021-10-18T20:13:43+00:00","dateModified":"2025-08-14T08:50:55+00:00","description":"Les cours de yoga sont assur\u00e9s dans diff\u00e9rents lieux ainsi tout le monde peut participer, avec ou sans pass-sanitaire.","breadcrumb":{"@id":"https:\/\/www.nathalie-yoga.com\/index.php\/infos-pratiques-plus\/#breadcrumb"},"inLanguage":"fr-FR","potentialAction":[{"@type":"ReadAction","target":["https:\/\/www.nathalie-yoga.com\/index.php\/infos-pratiques-plus\/"]}]},{"@type":"ImageObject","inLanguage":"fr-FR","@id":"https:\/\/www.nathalie-yoga.com\/index.php\/infos-pratiques-plus\/#primaryimage","url":"https:\/\/www.nathalie-yoga.com\/wp-content\/uploads\/2021\/11\/Humour-Zen-scaled.jpg","contentUrl":"https:\/\/www.nathalie-yoga.com\/wp-content\/uploads\/2021\/11\/Humour-Zen-scaled.jpg","width":2560,"height":1444},{"@type":"BreadcrumbList","@id":"https:\/\/www.nathalie-yoga.com\/index.php\/infos-pratiques-plus\/#breadcrumb","itemListElement":[{"@type":"ListItem","position":1,"name":"Accueil","item":"https:\/\/www.nathalie-yoga.com\/"},{"@type":"ListItem","position":2,"name":"INFOS PRATIQUES PLUS"}]},{"@type":"WebSite","@id":"https:\/\/www.nathalie-yoga.com\/#website","url":"https:\/\/www.nathalie-yoga.com\/","name":"NAThalie-YOGA","description":"Ayurveda &amp; Yoga","publisher":{"@id":"https:\/\/www.nathalie-yoga.com\/#organization"},"potentialAction":[{"@type":"SearchAction","target":{"@type":"EntryPoint","urlTemplate":"https:\/\/www.nathalie-yoga.com\/?s={search_term_string}"},"query-input":{"@type":"PropertyValueSpecification","valueRequired":true,"valueName":"search_term_string"}}],"inLanguage":"fr-FR"},{"@type":"Organization","@id":"https:\/\/www.nathalie-yoga.com\/#organization","name":"NAThalie-YOGA","url":"https:\/\/www.nathalie-yoga.com\/","logo":{"@type":"ImageObject","inLanguage":"fr-FR","@id":"https:\/\/www.nathalie-yoga.com\/#\/schema\/logo\/image\/","url":"https:\/\/www.nathalie-yoga.com\/wp-content\/uploads\/2021\/11\/cropped-LogoSiteCercleCouleur.png","contentUrl":"https:\/\/www.nathalie-yoga.com\/wp-content\/uploads\/2021\/11\/cropped-LogoSiteCercleCouleur.png","width":168,"height":204,"caption":"NAThalie-YOGA"},"image":{"@id":"https:\/\/www.nathalie-yoga.com\/#\/schema\/logo\/image\/"},"sameAs":["https:\/\/www.facebook.com\/Nathalieyoga-105104835221700","https:\/\/studio.youtube.com\/channel\/UCIzlfL2iLtNhlW_xsvmi7-g\/videos\/upload?filter=[]&amp;sort={&quot;columnType&quot;:&quot;date&quot;,&quot;sortOrder&quot;DESCENDING&quot;}"]}]}},"jetpack_sharing_enabled":false,"_links":{"self":[{"href":"https:\/\/www.nathalie-yoga.com\/index.php\/wp-json\/wp\/v2\/pages\/889","targetHints":{"allow":["GET"]}}],"collection":[{"href":"https:\/\/www.nathalie-yoga.com\/index.php\/wp-json\/wp\/v2\/pages"}],"about":[{"href":"https:\/\/www.nathalie-yoga.com\/index.php\/wp-json\/wp\/v2\/types\/page"}],"author":[{"embeddable":true,"href":"https:\/\/www.nathalie-yoga.com\/index.php\/wp-json\/wp\/v2\/users\/1"}],"replies":[{"embeddable":true,"href":"https:\/\/www.nathalie-yoga.com\/index.php\/wp-json\/wp\/v2\/comments?post=889"}],"version-history":[{"count":16,"href":"https:\/\/www.nathalie-yoga.com\/index.php\/wp-json\/wp\/v2\/pages\/889\/revisions"}],"predecessor-version":[{"id":1612,"href":"https:\/\/www.nathalie-yoga.com\/index.php\/wp-json\/wp\/v2\/pages\/889\/revisions\/1612"}],"wp:attachment":[{"href":"https:\/\/www.nathalie-yoga.com\/index.php\/wp-json\/wp\/v2\/media?parent=889"}],"curies":[{"name":"wp","href":"https:\/\/api.w.org\/{rel}","templated":true}]}}