{"id":86,"date":"2021-08-10T00:48:31","date_gmt":"2021-08-09T22:48:31","guid":{"rendered":"https:\/\/www.nathalie-yoga.com\/?page_id=86"},"modified":"2023-08-10T22:21:11","modified_gmt":"2023-08-10T20:21:11","slug":"mardana","status":"publish","type":"page","link":"https:\/\/www.nathalie-yoga.com\/index.php\/mardana\/","title":{"rendered":"Mardana"},"content":{"rendered":"\n<h2 class=\"has-text-align-center has-accent-2-color has-accent-1-background-color has-text-color has-background has-large-font-size wp-block-heading\">LE MASSAGE MARDANA<\/h2>\n\n\n\n<div style=\"height:29px\" aria-hidden=\"true\" class=\"wp-block-spacer\"><\/div>\n\n\n<div class=\"wp-block-image\">\n<figure class=\"aligncenter size-large\"><img loading=\"lazy\" decoding=\"async\" width=\"1024\" height=\"559\" src=\"https:\/\/www.nathalie-yoga.com\/wp-content\/uploads\/2021\/08\/Mardana2-1024x559.jpg\" alt=\"\" class=\"wp-image-553\" srcset=\"https:\/\/www.nathalie-yoga.com\/wp-content\/uploads\/2021\/08\/Mardana2-1024x559.jpg 1024w, https:\/\/www.nathalie-yoga.com\/wp-content\/uploads\/2021\/08\/Mardana2-300x164.jpg 300w, https:\/\/www.nathalie-yoga.com\/wp-content\/uploads\/2021\/08\/Mardana2-768x419.jpg 768w, https:\/\/www.nathalie-yoga.com\/wp-content\/uploads\/2021\/08\/Mardana2-549x300.jpg 549w, https:\/\/www.nathalie-yoga.com\/wp-content\/uploads\/2021\/08\/Mardana2.jpg 1238w\" sizes=\"auto, (max-width: 1024px) 100vw, 1024px\" \/><\/figure><\/div>\n\n\n<p class=\"has-accent-2-color has-text-color has-large-font-size\"><strong>Le massage Mardana <\/strong>est un massage <strong>Ayurv\u00e9dique <\/strong>\u00e0 l&rsquo;huile v\u00e9g\u00e9tale chaude et de plantes recommand\u00e9 pour les sportifs ou toutes personnes aimant les massages <strong>dynamiques <\/strong>!<\/p>\n\n\n\n<p class=\"has-accent-2-color has-text-color has-large-font-size\">Le Mardana&nbsp;est <strong>stimulant <\/strong>et <strong>vigoureux <\/strong>du corps , surtout adapt\u00e9 aux <strong>sportifs <\/strong>et aux <strong>doshas Kapha<\/strong> ( terre et eau).<\/p>\n\n\n\n<p class=\"has-accent-2-color has-text-color has-large-font-size\">Kapha dans ses qualit\u00e9s est celui qui \u00e0 le plus de tissus (peau \u00e9paisse, grasse et lourde).  Il fait parti des massages de base de l\u2019ayurv\u00e9da avec <a href=\"https:\/\/www.nathalie-yoga.com\/index.php\/abhyanga\/\">l\u2019Abhyanga <\/a>et le <a href=\"https:\/\/www.nathalie-yoga.com\/index.php\/snheana\/\">Snehana<\/a>. <\/p>\n\n\n\n<p class=\"has-accent-2-color has-text-color has-large-font-size\">C\u2019est \u00e0 dire que le Mardana est un MASSAGE COMPLET du corps, puis il peut \u00eatre ajout\u00e9 apr\u00e8s un <strong>autre protocole ou technique<\/strong> pour approfondir la probl\u00e9matique que vous ressentez.  Le Mardana se pratique bien souvent avant ou apr\u00e8s un effort avec des gestes tr\u00e8s rapides et appuy\u00e9s. <\/p>\n\n\n\n<div style=\"height:17px\" aria-hidden=\"true\" class=\"wp-block-spacer\"><\/div>\n\n\n\n<h4 class=\"has-accent-2-color has-text-color has-large-font-size wp-block-heading\">Les bienfaits de ce massage :<\/h4>\n\n\n\n<ul class=\"has-large-font-size wp-block-list\">\n<li>Pr\u00e9vient les probl\u00e8mes musculaires,<\/li>\n\n\n\n<li>Nettoyant et d\u00e9toxifiant du tissus musculaire,<\/li>\n\n\n\n<li>Stimule et d\u00e9tend les muscles,<\/li>\n\n\n\n<li>\u00c9limine les toxines.<\/li>\n<\/ul>\n\n\n\n<p class=\"has-accent-2-color has-text-color has-large-font-size\">Ses effets \u00e0 la fois <strong>relaxants <\/strong>et <strong>tonifiants <\/strong>vous procurent un bien-\u00eatre profond et durable.  Sa dur\u00e9e est de <strong>moins d\u2019une heure<\/strong>, avant cela un petit questionnaire pour vous conna\u00eetre.<\/p>\n\n\n\n<p class=\"has-accent-2-color has-text-color has-large-font-size\">Son PRIX est 65\u20ac.<\/p>\n\n\n\n<div style=\"height:26px\" aria-hidden=\"true\" class=\"wp-block-spacer\"><\/div>\n\n\n\n<h4 class=\"has-headings-color has-accent-2-background-color has-text-color has-background has-large-font-size wp-block-heading\">Quelques conseils\u00a0<\/h4>\n\n\n\n<p class=\"has-headings-color has-accent-2-background-color has-text-color has-background has-large-font-size\"><strong>A<\/strong>pr\u00e8s le massage, il est recommand\u00e9 de <strong>boire beaucoup<\/strong> d&rsquo;eau ti\u00e8de ou chaude et de pr\u00e9voir un <strong>programme tranquille apr\u00e8s<\/strong> (qui vous permet de rester \u00e0 l&rsquo;\u00e9coute de vous) de manger l\u00e9ger et chaud,  si vous n&rsquo;avez pas faim, on ne mange pas &#8230;. l&rsquo;huile se dig\u00e8re , de garder l\u2019huile le plus longtemps possible &#8230;.Si vous ressentez le froid ou des frissons, alors une douche \u00e0 l\u2019eau chaude sans savon ou autres produits nettoyants. <\/p>\n\n\n\n<p class=\"has-headings-color has-accent-2-background-color has-text-color has-background has-large-font-size\"> Il y a quelques cas de <strong>contre-indications<\/strong> pour ce faire masser (infections, inflammation, fi\u00e8vre, maladies de peau, probl\u00e8mes cardiaques, cancers, diarrh\u00e9e, douleurs aigu\u00ebs). Je vous remercie de me  le signaler lors de la prise de rendez-vous d&rsquo; \u00e9ventuels troubles.  Un massage Ayurv\u00e9dique, <strong>Ne se substitue pas \u00e0 un avis m\u00e9dical.<\/strong> <\/p>\n\n\n\n<p class=\"has-headings-color has-text-color has-large-font-size\">\u200bCes recommandations sont indicatrices et g\u00e9n\u00e9rales. Nous sommes tous diff\u00e9rents et selon nos constitutions ayurv\u00e9diques, il faut aussi prendre en compte nos autres doshas, nos histoires de vie, nos empruntes familiales, nous n\u2019aurons pas besoin des m\u00eames choses. <\/p>\n\n\n\n<p class=\"has-large-font-size\">Prenez rendez vous avec moi , les espaces temps Massage Ayurv\u00e9dique sont :<\/p>\n\n\n\n<p class=\"has-large-font-size\">lundi apr\u00e8s midi \u00e0 partir de 14h<\/p>\n\n\n\n<p class=\"has-large-font-size\">mercredi entre 12h et 14 h<\/p>\n\n\n\n<p class=\"has-large-font-size\">samedi apr\u00e8s midi \u00e0 partir de 14h<\/p>\n\n\n\n<p class=\"has-headings-color has-text-color has-large-font-size\">Nathalie Sineux<\/p>\n<!--CusAds0-->\n<div style=\"font-size: 0px; height: 0px; line-height: 0px; margin: 0; padding: 0; clear: both;\"><\/div>","protected":false},"excerpt":{"rendered":"<p>LE MASSAGE MARDANA Le massage Mardana est un massage Ayurv\u00e9dique \u00e0 l&rsquo;huile v\u00e9g\u00e9tale chaude et de plantes recommand\u00e9 pour les sportifs ou toutes personnes aimant &hellip;<\/p>\n","protected":false},"author":1,"featured_media":551,"parent":0,"menu_order":0,"comment_status":"closed","ping_status":"closed","template":"","meta":{"footnotes":""},"class_list":["post-86","page","type-page","status-publish","has-post-thumbnail","hentry"],"yoast_head":"<!-- This site is optimized with the Yoast SEO plugin v23.7 - https:\/\/yoast.com\/wordpress\/plugins\/seo\/ -->\n<title>Mardana - NAThalie-YOGA<\/title>\n<meta name=\"description\" content=\"Le massage Mardana, aux bien faits multiples, est un massage Ayurv\u00e9dique \u00e0 l&#039;huile v\u00e9g\u00e9tale chaude et aux plantes. Id\u00e9al pour les sportifs.\" \/>\n<meta name=\"robots\" content=\"index, follow, max-snippet:-1, max-image-preview:large, max-video-preview:-1\" \/>\n<link rel=\"canonical\" href=\"https:\/\/www.nathalie-yoga.com\/index.php\/mardana\/\" \/>\n<meta property=\"og:locale\" content=\"fr_FR\" \/>\n<meta property=\"og:type\" content=\"article\" \/>\n<meta property=\"og:title\" content=\"Mardana - NAThalie-YOGA\" \/>\n<meta property=\"og:description\" content=\"Le massage Mardana, aux bien faits multiples, est un massage Ayurv\u00e9dique \u00e0 l&#039;huile v\u00e9g\u00e9tale chaude et aux plantes. Id\u00e9al pour les sportifs.\" \/>\n<meta property=\"og:url\" content=\"https:\/\/www.nathalie-yoga.com\/index.php\/mardana\/\" \/>\n<meta property=\"og:site_name\" content=\"NAThalie-YOGA\" \/>\n<meta property=\"article:publisher\" content=\"https:\/\/www.facebook.com\/Nathalieyoga-105104835221700\" \/>\n<meta property=\"article:modified_time\" content=\"2023-08-10T20:21:11+00:00\" \/>\n<meta property=\"og:image\" content=\"https:\/\/www.nathalie-yoga.com\/wp-content\/uploads\/2021\/08\/Mardana.jpg\" \/>\n\t<meta property=\"og:image:width\" content=\"1238\" \/>\n\t<meta property=\"og:image:height\" content=\"676\" \/>\n\t<meta property=\"og:image:type\" content=\"image\/jpeg\" \/>\n<meta name=\"twitter:card\" content=\"summary_large_image\" \/>\n<meta name=\"twitter:label1\" content=\"Dur\u00e9e de lecture estim\u00e9e\" \/>\n\t<meta name=\"twitter:data1\" content=\"3 minutes\" \/>\n<script type=\"application\/ld+json\" class=\"yoast-schema-graph\">{\"@context\":\"https:\/\/schema.org\",\"@graph\":[{\"@type\":\"WebPage\",\"@id\":\"https:\/\/www.nathalie-yoga.com\/index.php\/mardana\/\",\"url\":\"https:\/\/www.nathalie-yoga.com\/index.php\/mardana\/\",\"name\":\"Mardana - NAThalie-YOGA\",\"isPartOf\":{\"@id\":\"https:\/\/www.nathalie-yoga.com\/#website\"},\"primaryImageOfPage\":{\"@id\":\"https:\/\/www.nathalie-yoga.com\/index.php\/mardana\/#primaryimage\"},\"image\":{\"@id\":\"https:\/\/www.nathalie-yoga.com\/index.php\/mardana\/#primaryimage\"},\"thumbnailUrl\":\"https:\/\/www.nathalie-yoga.com\/wp-content\/uploads\/2021\/08\/Mardana.jpg\",\"datePublished\":\"2021-08-09T22:48:31+00:00\",\"dateModified\":\"2023-08-10T20:21:11+00:00\",\"description\":\"Le massage Mardana, aux bien faits multiples, est un massage Ayurv\u00e9dique \u00e0 l'huile v\u00e9g\u00e9tale chaude et aux plantes. Id\u00e9al pour les sportifs.\",\"breadcrumb\":{\"@id\":\"https:\/\/www.nathalie-yoga.com\/index.php\/mardana\/#breadcrumb\"},\"inLanguage\":\"fr-FR\",\"potentialAction\":[{\"@type\":\"ReadAction\",\"target\":[\"https:\/\/www.nathalie-yoga.com\/index.php\/mardana\/\"]}]},{\"@type\":\"ImageObject\",\"inLanguage\":\"fr-FR\",\"@id\":\"https:\/\/www.nathalie-yoga.com\/index.php\/mardana\/#primaryimage\",\"url\":\"https:\/\/www.nathalie-yoga.com\/wp-content\/uploads\/2021\/08\/Mardana.jpg\",\"contentUrl\":\"https:\/\/www.nathalie-yoga.com\/wp-content\/uploads\/2021\/08\/Mardana.jpg\",\"width\":1238,\"height\":676},{\"@type\":\"BreadcrumbList\",\"@id\":\"https:\/\/www.nathalie-yoga.com\/index.php\/mardana\/#breadcrumb\",\"itemListElement\":[{\"@type\":\"ListItem\",\"position\":1,\"name\":\"Accueil\",\"item\":\"https:\/\/www.nathalie-yoga.com\/\"},{\"@type\":\"ListItem\",\"position\":2,\"name\":\"Mardana\"}]},{\"@type\":\"WebSite\",\"@id\":\"https:\/\/www.nathalie-yoga.com\/#website\",\"url\":\"https:\/\/www.nathalie-yoga.com\/\",\"name\":\"NAThalie-YOGA\",\"description\":\"Ayurveda &amp; Yoga\",\"publisher\":{\"@id\":\"https:\/\/www.nathalie-yoga.com\/#organization\"},\"potentialAction\":[{\"@type\":\"SearchAction\",\"target\":{\"@type\":\"EntryPoint\",\"urlTemplate\":\"https:\/\/www.nathalie-yoga.com\/?s={search_term_string}\"},\"query-input\":{\"@type\":\"PropertyValueSpecification\",\"valueRequired\":true,\"valueName\":\"search_term_string\"}}],\"inLanguage\":\"fr-FR\"},{\"@type\":\"Organization\",\"@id\":\"https:\/\/www.nathalie-yoga.com\/#organization\",\"name\":\"NAThalie-YOGA\",\"url\":\"https:\/\/www.nathalie-yoga.com\/\",\"logo\":{\"@type\":\"ImageObject\",\"inLanguage\":\"fr-FR\",\"@id\":\"https:\/\/www.nathalie-yoga.com\/#\/schema\/logo\/image\/\",\"url\":\"https:\/\/www.nathalie-yoga.com\/wp-content\/uploads\/2021\/11\/cropped-LogoSiteCercleCouleur.png\",\"contentUrl\":\"https:\/\/www.nathalie-yoga.com\/wp-content\/uploads\/2021\/11\/cropped-LogoSiteCercleCouleur.png\",\"width\":168,\"height\":204,\"caption\":\"NAThalie-YOGA\"},\"image\":{\"@id\":\"https:\/\/www.nathalie-yoga.com\/#\/schema\/logo\/image\/\"},\"sameAs\":[\"https:\/\/www.facebook.com\/Nathalieyoga-105104835221700\",\"https:\/\/studio.youtube.com\/channel\/UCIzlfL2iLtNhlW_xsvmi7-g\/videos\/upload?filter=[]&amp;sort={&quot;columnType&quot;:&quot;date&quot;,&quot;sortOrder&quot;DESCENDING&quot;}\"]}]}<\/script>\n<!-- \/ Yoast SEO plugin. -->","yoast_head_json":{"title":"Mardana - NAThalie-YOGA","description":"Le massage Mardana, aux bien faits multiples, est un massage Ayurv\u00e9dique \u00e0 l'huile v\u00e9g\u00e9tale chaude et aux plantes. Id\u00e9al pour les sportifs.","robots":{"index":"index","follow":"follow","max-snippet":"max-snippet:-1","max-image-preview":"max-image-preview:large","max-video-preview":"max-video-preview:-1"},"canonical":"https:\/\/www.nathalie-yoga.com\/index.php\/mardana\/","og_locale":"fr_FR","og_type":"article","og_title":"Mardana - NAThalie-YOGA","og_description":"Le massage Mardana, aux bien faits multiples, est un massage Ayurv\u00e9dique \u00e0 l'huile v\u00e9g\u00e9tale chaude et aux plantes. Id\u00e9al pour les sportifs.","og_url":"https:\/\/www.nathalie-yoga.com\/index.php\/mardana\/","og_site_name":"NAThalie-YOGA","article_publisher":"https:\/\/www.facebook.com\/Nathalieyoga-105104835221700","article_modified_time":"2023-08-10T20:21:11+00:00","og_image":[{"width":1238,"height":676,"url":"https:\/\/www.nathalie-yoga.com\/wp-content\/uploads\/2021\/08\/Mardana.jpg","type":"image\/jpeg"}],"twitter_card":"summary_large_image","twitter_misc":{"Dur\u00e9e de lecture estim\u00e9e":"3 minutes"},"schema":{"@context":"https:\/\/schema.org","@graph":[{"@type":"WebPage","@id":"https:\/\/www.nathalie-yoga.com\/index.php\/mardana\/","url":"https:\/\/www.nathalie-yoga.com\/index.php\/mardana\/","name":"Mardana - NAThalie-YOGA","isPartOf":{"@id":"https:\/\/www.nathalie-yoga.com\/#website"},"primaryImageOfPage":{"@id":"https:\/\/www.nathalie-yoga.com\/index.php\/mardana\/#primaryimage"},"image":{"@id":"https:\/\/www.nathalie-yoga.com\/index.php\/mardana\/#primaryimage"},"thumbnailUrl":"https:\/\/www.nathalie-yoga.com\/wp-content\/uploads\/2021\/08\/Mardana.jpg","datePublished":"2021-08-09T22:48:31+00:00","dateModified":"2023-08-10T20:21:11+00:00","description":"Le massage Mardana, aux bien faits multiples, est un massage Ayurv\u00e9dique \u00e0 l'huile v\u00e9g\u00e9tale chaude et aux plantes. Id\u00e9al pour les sportifs.","breadcrumb":{"@id":"https:\/\/www.nathalie-yoga.com\/index.php\/mardana\/#breadcrumb"},"inLanguage":"fr-FR","potentialAction":[{"@type":"ReadAction","target":["https:\/\/www.nathalie-yoga.com\/index.php\/mardana\/"]}]},{"@type":"ImageObject","inLanguage":"fr-FR","@id":"https:\/\/www.nathalie-yoga.com\/index.php\/mardana\/#primaryimage","url":"https:\/\/www.nathalie-yoga.com\/wp-content\/uploads\/2021\/08\/Mardana.jpg","contentUrl":"https:\/\/www.nathalie-yoga.com\/wp-content\/uploads\/2021\/08\/Mardana.jpg","width":1238,"height":676},{"@type":"BreadcrumbList","@id":"https:\/\/www.nathalie-yoga.com\/index.php\/mardana\/#breadcrumb","itemListElement":[{"@type":"ListItem","position":1,"name":"Accueil","item":"https:\/\/www.nathalie-yoga.com\/"},{"@type":"ListItem","position":2,"name":"Mardana"}]},{"@type":"WebSite","@id":"https:\/\/www.nathalie-yoga.com\/#website","url":"https:\/\/www.nathalie-yoga.com\/","name":"NAThalie-YOGA","description":"Ayurveda &amp; Yoga","publisher":{"@id":"https:\/\/www.nathalie-yoga.com\/#organization"},"potentialAction":[{"@type":"SearchAction","target":{"@type":"EntryPoint","urlTemplate":"https:\/\/www.nathalie-yoga.com\/?s={search_term_string}"},"query-input":{"@type":"PropertyValueSpecification","valueRequired":true,"valueName":"search_term_string"}}],"inLanguage":"fr-FR"},{"@type":"Organization","@id":"https:\/\/www.nathalie-yoga.com\/#organization","name":"NAThalie-YOGA","url":"https:\/\/www.nathalie-yoga.com\/","logo":{"@type":"ImageObject","inLanguage":"fr-FR","@id":"https:\/\/www.nathalie-yoga.com\/#\/schema\/logo\/image\/","url":"https:\/\/www.nathalie-yoga.com\/wp-content\/uploads\/2021\/11\/cropped-LogoSiteCercleCouleur.png","contentUrl":"https:\/\/www.nathalie-yoga.com\/wp-content\/uploads\/2021\/11\/cropped-LogoSiteCercleCouleur.png","width":168,"height":204,"caption":"NAThalie-YOGA"},"image":{"@id":"https:\/\/www.nathalie-yoga.com\/#\/schema\/logo\/image\/"},"sameAs":["https:\/\/www.facebook.com\/Nathalieyoga-105104835221700","https:\/\/studio.youtube.com\/channel\/UCIzlfL2iLtNhlW_xsvmi7-g\/videos\/upload?filter=[]&amp;sort={&quot;columnType&quot;:&quot;date&quot;,&quot;sortOrder&quot;DESCENDING&quot;}"]}]}},"jetpack_sharing_enabled":false,"_links":{"self":[{"href":"https:\/\/www.nathalie-yoga.com\/index.php\/wp-json\/wp\/v2\/pages\/86","targetHints":{"allow":["GET"]}}],"collection":[{"href":"https:\/\/www.nathalie-yoga.com\/index.php\/wp-json\/wp\/v2\/pages"}],"about":[{"href":"https:\/\/www.nathalie-yoga.com\/index.php\/wp-json\/wp\/v2\/types\/page"}],"author":[{"embeddable":true,"href":"https:\/\/www.nathalie-yoga.com\/index.php\/wp-json\/wp\/v2\/users\/1"}],"replies":[{"embeddable":true,"href":"https:\/\/www.nathalie-yoga.com\/index.php\/wp-json\/wp\/v2\/comments?post=86"}],"version-history":[{"count":16,"href":"https:\/\/www.nathalie-yoga.com\/index.php\/wp-json\/wp\/v2\/pages\/86\/revisions"}],"predecessor-version":[{"id":1364,"href":"https:\/\/www.nathalie-yoga.com\/index.php\/wp-json\/wp\/v2\/pages\/86\/revisions\/1364"}],"wp:featuredmedia":[{"embeddable":true,"href":"https:\/\/www.nathalie-yoga.com\/index.php\/wp-json\/wp\/v2\/media\/551"}],"wp:attachment":[{"href":"https:\/\/www.nathalie-yoga.com\/index.php\/wp-json\/wp\/v2\/media?parent=86"}],"curies":[{"name":"wp","href":"https:\/\/api.w.org\/{rel}","templated":true}]}}