{"id":84,"date":"2021-08-10T00:48:02","date_gmt":"2021-08-09T22:48:02","guid":{"rendered":"https:\/\/www.nathalie-yoga.com\/?page_id=84"},"modified":"2023-08-15T14:30:27","modified_gmt":"2023-08-15T12:30:27","slug":"snheana","status":"publish","type":"page","link":"https:\/\/www.nathalie-yoga.com\/index.php\/snheana\/","title":{"rendered":"Snehana"},"content":{"rendered":"\n<h2 class=\"wp-block-heading has-text-align-center has-accent-2-color has-accent-1-background-color has-text-color has-background has-large-font-size\">Massage Snehana<\/h2>\n\n\n<div class=\"wp-block-image\">\n<figure class=\"aligncenter size-full is-resized\"><img loading=\"lazy\" decoding=\"async\" src=\"https:\/\/www.nathalie-yoga.com\/wp-content\/uploads\/2021\/09\/Abhyanga2.jpg\" alt=\"\" class=\"wp-image-582\" style=\"width:844px;height:634px\" width=\"844\" height=\"634\" srcset=\"https:\/\/www.nathalie-yoga.com\/wp-content\/uploads\/2021\/09\/Abhyanga2.jpg 450w, https:\/\/www.nathalie-yoga.com\/wp-content\/uploads\/2021\/09\/Abhyanga2-300x225.jpg 300w, https:\/\/www.nathalie-yoga.com\/wp-content\/uploads\/2021\/09\/Abhyanga2-399x300.jpg 399w\" sizes=\"auto, (max-width: 844px) 100vw, 844px\" \/><\/figure><\/div>\n\n\n<p class=\"has-accent-2-color has-text-color has-large-font-size\">Le massage Ayurv\u00e9dique , le <strong>Snehana <\/strong>fait partie de la trilogie des massages de base,<\/p>\n\n\n\n<p class=\"has-accent-2-color has-text-color has-large-font-size\">Au<strong>x huiles v\u00e9g\u00e9tales<\/strong> chaudes et aux <strong>plantes<\/strong>, ce massage relaxant favorise la d\u00e9tente et l&rsquo;<strong>harmonie du corps et de l&rsquo;esprit<\/strong>.  Il Stimule les syst\u00e8mes circulatoires dans le corps et le mental (le sang, la respiration, les fluides: la sueur, les r\u00e8gles, le sperme, l\u2019urine, la connexion des neurones,) etc .\u2026 <\/p>\n\n\n\n<p class=\"has-accent-2-color has-text-color has-large-font-size\">Les mains du masseur bien d\u00e9fini avec ces mouvements sur les diff\u00e9rentes parties du corps, aide les <strong>5 vents<\/strong> (Apana\u00a0: le bassin, Udana\u00a0: dos, thorax, Vyana:les bras, mains et jambes, pieds, Samana: ventre et Prana: t\u00eate et les sens).<\/p>\n\n\n\n<h4 class=\"wp-block-heading has-text-align-center has-accent-2-color has-text-color has-large-font-size\"> Les bienfaits de ce massage : <\/h4>\n\n\n\n<p class=\"has-accent-2-color has-text-color has-large-font-size\"><strong>L\u2019\u00e9nergie circule <\/strong>\u00e0 nouveau de fa\u00e7on r\u00e9guli\u00e8re, \u00e9limine les <strong>tensions <\/strong>(peau), et les <strong>toxines <\/strong>corporelles (chaleur) \u00e0 se liqu\u00e9fier, \u00e9galement mentales et \u00e9motionnelles bloqu\u00e9es. Nourrit&nbsp;la <strong>peau <\/strong>et les <strong>tissus <\/strong>(dathus) profonds.  <\/p>\n\n\n\n<p class=\"has-accent-2-color has-text-color has-large-font-size\">Apaise donc le Dosha Vata (air et \u00e9ther) en premier le toucher de la peau ,  l&rsquo;agitation, l&rsquo;anxi\u00e9t\u00e9, les douleurs, les probl\u00e8mes de sommeil, la s\u00e9cheresse (l\u2019huile).<\/p>\n\n\n\n<p class=\"has-accent-2-color has-text-color has-large-font-size\">Soin adapt\u00e9 aux\u00a0<strong>enfants<\/strong>, <strong>adultes<\/strong>,<strong> personnes \u00e2g\u00e9es et femmes enceintes<\/strong>\u00a0\u00e0 partir du 3\u00e8me mois de grossesse en Occident, (m\u00eame si en Inde, les femmes enceintes sont mass\u00e9es tous les jours, du d\u00e9but de la grossesse jusqu\u2019\u00e0 l\u2019accouchement et au-del\u00e0. Le <strong>nouveau n\u00e9<\/strong> sera mass\u00e9 \u00e9galement pendant plusieurs mois tous les jours.<\/p>\n\n\n\n<p class=\"has-accent-2-color has-text-color has-large-font-size\">Ce massage peut durer entre <strong>1h15 et 50<\/strong> <strong>min <\/strong>en fonction de votre constitution Ayurv\u00e9dique, son PRIX est de 65\u20ac.<\/p>\n\n\n\n<div style=\"height:29px\" aria-hidden=\"true\" class=\"wp-block-spacer\"><\/div>\n\n\n\n<h4 class=\"wp-block-heading has-text-align-center has-accent-2-color has-text-color has-large-font-size\"> <strong>Quelques conseils&nbsp;<\/strong>: <\/h4>\n\n\n\n<p class=\"has-accent-2-color has-text-color has-large-font-size\"><strong>A<\/strong>pr\u00e8s le massage, il est recommand\u00e9 de <strong>boire beaucoup<\/strong> <strong>d&rsquo;eau ti\u00e8de ou chaude<\/strong> et de pr\u00e9voir un <strong>programme tranquille apr\u00e8s<\/strong> (qui vous permette de rester \u00e0 l&rsquo;\u00e9coute de vous) de <strong>manger l\u00e9ger<\/strong> et <strong>chaud<\/strong>, de garder l\u2019huile le plus longtemps possible &#8230;.Si vous ressentez le <strong>froid <\/strong>ou des <strong>frissons<\/strong>, alors une <strong>douche <\/strong>\u00e0 l\u2019eau chaude sans savon ou autres produits nettoyants.  Il y a quelques cas de <strong>contre-indications<\/strong> pour ce faire masser (infections, inflammation, fi\u00e8vre, maladies de peau, probl\u00e8mes cardiaques, cancers, diarrh\u00e9e, douleurs aigu\u00ebs). Je vous remercie de me signaler lors de la prise de rendez-vous les \u00e9ventuels troubles. <strong>Ne se substitue pas \u00e0 un avis m\u00e9dical.<\/strong><\/p>\n\n\n\n<p class=\"has-accent-2-color has-text-color has-large-font-size\">Ces recommandations sont indicatrices et g\u00e9n\u00e9rales. Nous sommes tous diff\u00e9rents et selon nos constitutions ayurv\u00e9diques, il faut aussi prendre en compte nos doshas, nos histoires de vie, nos empruntes familiales, nous n\u2019aurons pas besoin des m\u00eames choses.<\/p>\n\n\n\n<p class=\"has-accent-2-color has-text-color has-large-font-size\"> Pour en savoir plus et mettre en place une approche personnalis\u00e9e en fonction de votre constitution Ayurv\u00e9dique, prenez rendez vous avec <a href=\"https:\/\/www.nathalie-yoga.com\/index.php\/contact\/\" target=\"_blank\" rel=\"noreferrer noopener\">VOTRE PRATICIENNE pr\u00e9f\u00e9r\u00e9e<\/a>\u00a0! <\/p>\n\n\n\n<p class=\"has-sitetext-color has-text-color has-large-font-size\">Nathalie Sineux<\/p>\n<!--CusAds0-->\n<div style=\"font-size: 0px; height: 0px; line-height: 0px; margin: 0; padding: 0; clear: both;\"><\/div>","protected":false},"excerpt":{"rendered":"<p>Massage Snehana Le massage Ayurv\u00e9dique , le Snehana fait partie de la trilogie des massages de base, Aux huiles v\u00e9g\u00e9tales chaudes et aux plantes, ce &hellip;<\/p>\n","protected":false},"author":1,"featured_media":597,"parent":0,"menu_order":0,"comment_status":"closed","ping_status":"closed","template":"","meta":{"footnotes":""},"class_list":["post-84","page","type-page","status-publish","has-post-thumbnail","hentry"],"yoast_head":"<!-- This site is optimized with the Yoast SEO plugin v23.7 - https:\/\/yoast.com\/wordpress\/plugins\/seo\/ -->\n<title>Snehana - NAThalie-YOGA<\/title>\n<meta name=\"description\" content=\"Le Snehana est un massage ayurv\u00e9dique adapt\u00e9 aux\u00a0enfants, adultes, personnes \u00e2g\u00e9es et femmes enceintes. D\u00e9couvrez le avec Nathalie Yoga.\" \/>\n<meta name=\"robots\" content=\"index, follow, max-snippet:-1, max-image-preview:large, max-video-preview:-1\" \/>\n<link rel=\"canonical\" href=\"https:\/\/www.nathalie-yoga.com\/index.php\/snheana\/\" \/>\n<meta property=\"og:locale\" content=\"fr_FR\" \/>\n<meta property=\"og:type\" content=\"article\" \/>\n<meta property=\"og:title\" content=\"Snehana - NAThalie-YOGA\" \/>\n<meta property=\"og:description\" content=\"Le Snehana est un massage ayurv\u00e9dique adapt\u00e9 aux\u00a0enfants, adultes, personnes \u00e2g\u00e9es et femmes enceintes. D\u00e9couvrez le avec Nathalie Yoga.\" \/>\n<meta property=\"og:url\" content=\"https:\/\/www.nathalie-yoga.com\/index.php\/snheana\/\" \/>\n<meta property=\"og:site_name\" content=\"NAThalie-YOGA\" \/>\n<meta property=\"article:publisher\" content=\"https:\/\/www.facebook.com\/Nathalieyoga-105104835221700\" \/>\n<meta property=\"article:modified_time\" content=\"2023-08-15T12:30:27+00:00\" \/>\n<meta property=\"og:image\" content=\"https:\/\/www.nathalie-yoga.com\/wp-content\/uploads\/2021\/09\/background-3104413_1920.jpg\" \/>\n\t<meta property=\"og:image:width\" content=\"1920\" \/>\n\t<meta property=\"og:image:height\" content=\"756\" \/>\n\t<meta property=\"og:image:type\" content=\"image\/jpeg\" \/>\n<meta name=\"twitter:card\" content=\"summary_large_image\" \/>\n<meta name=\"twitter:label1\" content=\"Dur\u00e9e de lecture estim\u00e9e\" \/>\n\t<meta name=\"twitter:data1\" content=\"3 minutes\" \/>\n<script type=\"application\/ld+json\" class=\"yoast-schema-graph\">{\"@context\":\"https:\/\/schema.org\",\"@graph\":[{\"@type\":\"WebPage\",\"@id\":\"https:\/\/www.nathalie-yoga.com\/index.php\/snheana\/\",\"url\":\"https:\/\/www.nathalie-yoga.com\/index.php\/snheana\/\",\"name\":\"Snehana - NAThalie-YOGA\",\"isPartOf\":{\"@id\":\"https:\/\/www.nathalie-yoga.com\/#website\"},\"primaryImageOfPage\":{\"@id\":\"https:\/\/www.nathalie-yoga.com\/index.php\/snheana\/#primaryimage\"},\"image\":{\"@id\":\"https:\/\/www.nathalie-yoga.com\/index.php\/snheana\/#primaryimage\"},\"thumbnailUrl\":\"https:\/\/www.nathalie-yoga.com\/wp-content\/uploads\/2021\/09\/background-3104413_1920.jpg\",\"datePublished\":\"2021-08-09T22:48:02+00:00\",\"dateModified\":\"2023-08-15T12:30:27+00:00\",\"description\":\"Le Snehana est un massage ayurv\u00e9dique adapt\u00e9 aux\u00a0enfants, adultes, personnes \u00e2g\u00e9es et femmes enceintes. D\u00e9couvrez le avec Nathalie Yoga.\",\"breadcrumb\":{\"@id\":\"https:\/\/www.nathalie-yoga.com\/index.php\/snheana\/#breadcrumb\"},\"inLanguage\":\"fr-FR\",\"potentialAction\":[{\"@type\":\"ReadAction\",\"target\":[\"https:\/\/www.nathalie-yoga.com\/index.php\/snheana\/\"]}]},{\"@type\":\"ImageObject\",\"inLanguage\":\"fr-FR\",\"@id\":\"https:\/\/www.nathalie-yoga.com\/index.php\/snheana\/#primaryimage\",\"url\":\"https:\/\/www.nathalie-yoga.com\/wp-content\/uploads\/2021\/09\/background-3104413_1920.jpg\",\"contentUrl\":\"https:\/\/www.nathalie-yoga.com\/wp-content\/uploads\/2021\/09\/background-3104413_1920.jpg\",\"width\":1920,\"height\":756},{\"@type\":\"BreadcrumbList\",\"@id\":\"https:\/\/www.nathalie-yoga.com\/index.php\/snheana\/#breadcrumb\",\"itemListElement\":[{\"@type\":\"ListItem\",\"position\":1,\"name\":\"Accueil\",\"item\":\"https:\/\/www.nathalie-yoga.com\/\"},{\"@type\":\"ListItem\",\"position\":2,\"name\":\"Snehana\"}]},{\"@type\":\"WebSite\",\"@id\":\"https:\/\/www.nathalie-yoga.com\/#website\",\"url\":\"https:\/\/www.nathalie-yoga.com\/\",\"name\":\"NAThalie-YOGA\",\"description\":\"Ayurveda &amp; Yoga\",\"publisher\":{\"@id\":\"https:\/\/www.nathalie-yoga.com\/#organization\"},\"potentialAction\":[{\"@type\":\"SearchAction\",\"target\":{\"@type\":\"EntryPoint\",\"urlTemplate\":\"https:\/\/www.nathalie-yoga.com\/?s={search_term_string}\"},\"query-input\":{\"@type\":\"PropertyValueSpecification\",\"valueRequired\":true,\"valueName\":\"search_term_string\"}}],\"inLanguage\":\"fr-FR\"},{\"@type\":\"Organization\",\"@id\":\"https:\/\/www.nathalie-yoga.com\/#organization\",\"name\":\"NAThalie-YOGA\",\"url\":\"https:\/\/www.nathalie-yoga.com\/\",\"logo\":{\"@type\":\"ImageObject\",\"inLanguage\":\"fr-FR\",\"@id\":\"https:\/\/www.nathalie-yoga.com\/#\/schema\/logo\/image\/\",\"url\":\"https:\/\/www.nathalie-yoga.com\/wp-content\/uploads\/2021\/11\/cropped-LogoSiteCercleCouleur.png\",\"contentUrl\":\"https:\/\/www.nathalie-yoga.com\/wp-content\/uploads\/2021\/11\/cropped-LogoSiteCercleCouleur.png\",\"width\":168,\"height\":204,\"caption\":\"NAThalie-YOGA\"},\"image\":{\"@id\":\"https:\/\/www.nathalie-yoga.com\/#\/schema\/logo\/image\/\"},\"sameAs\":[\"https:\/\/www.facebook.com\/Nathalieyoga-105104835221700\",\"https:\/\/studio.youtube.com\/channel\/UCIzlfL2iLtNhlW_xsvmi7-g\/videos\/upload?filter=[]&amp;sort={&quot;columnType&quot;:&quot;date&quot;,&quot;sortOrder&quot;DESCENDING&quot;}\"]}]}<\/script>\n<!-- \/ Yoast SEO plugin. -->","yoast_head_json":{"title":"Snehana - NAThalie-YOGA","description":"Le Snehana est un massage ayurv\u00e9dique adapt\u00e9 aux\u00a0enfants, adultes, personnes \u00e2g\u00e9es et femmes enceintes. D\u00e9couvrez le avec Nathalie Yoga.","robots":{"index":"index","follow":"follow","max-snippet":"max-snippet:-1","max-image-preview":"max-image-preview:large","max-video-preview":"max-video-preview:-1"},"canonical":"https:\/\/www.nathalie-yoga.com\/index.php\/snheana\/","og_locale":"fr_FR","og_type":"article","og_title":"Snehana - NAThalie-YOGA","og_description":"Le Snehana est un massage ayurv\u00e9dique adapt\u00e9 aux\u00a0enfants, adultes, personnes \u00e2g\u00e9es et femmes enceintes. D\u00e9couvrez le avec Nathalie Yoga.","og_url":"https:\/\/www.nathalie-yoga.com\/index.php\/snheana\/","og_site_name":"NAThalie-YOGA","article_publisher":"https:\/\/www.facebook.com\/Nathalieyoga-105104835221700","article_modified_time":"2023-08-15T12:30:27+00:00","og_image":[{"width":1920,"height":756,"url":"https:\/\/www.nathalie-yoga.com\/wp-content\/uploads\/2021\/09\/background-3104413_1920.jpg","type":"image\/jpeg"}],"twitter_card":"summary_large_image","twitter_misc":{"Dur\u00e9e de lecture estim\u00e9e":"3 minutes"},"schema":{"@context":"https:\/\/schema.org","@graph":[{"@type":"WebPage","@id":"https:\/\/www.nathalie-yoga.com\/index.php\/snheana\/","url":"https:\/\/www.nathalie-yoga.com\/index.php\/snheana\/","name":"Snehana - NAThalie-YOGA","isPartOf":{"@id":"https:\/\/www.nathalie-yoga.com\/#website"},"primaryImageOfPage":{"@id":"https:\/\/www.nathalie-yoga.com\/index.php\/snheana\/#primaryimage"},"image":{"@id":"https:\/\/www.nathalie-yoga.com\/index.php\/snheana\/#primaryimage"},"thumbnailUrl":"https:\/\/www.nathalie-yoga.com\/wp-content\/uploads\/2021\/09\/background-3104413_1920.jpg","datePublished":"2021-08-09T22:48:02+00:00","dateModified":"2023-08-15T12:30:27+00:00","description":"Le Snehana est un massage ayurv\u00e9dique adapt\u00e9 aux\u00a0enfants, adultes, personnes \u00e2g\u00e9es et femmes enceintes. D\u00e9couvrez le avec Nathalie Yoga.","breadcrumb":{"@id":"https:\/\/www.nathalie-yoga.com\/index.php\/snheana\/#breadcrumb"},"inLanguage":"fr-FR","potentialAction":[{"@type":"ReadAction","target":["https:\/\/www.nathalie-yoga.com\/index.php\/snheana\/"]}]},{"@type":"ImageObject","inLanguage":"fr-FR","@id":"https:\/\/www.nathalie-yoga.com\/index.php\/snheana\/#primaryimage","url":"https:\/\/www.nathalie-yoga.com\/wp-content\/uploads\/2021\/09\/background-3104413_1920.jpg","contentUrl":"https:\/\/www.nathalie-yoga.com\/wp-content\/uploads\/2021\/09\/background-3104413_1920.jpg","width":1920,"height":756},{"@type":"BreadcrumbList","@id":"https:\/\/www.nathalie-yoga.com\/index.php\/snheana\/#breadcrumb","itemListElement":[{"@type":"ListItem","position":1,"name":"Accueil","item":"https:\/\/www.nathalie-yoga.com\/"},{"@type":"ListItem","position":2,"name":"Snehana"}]},{"@type":"WebSite","@id":"https:\/\/www.nathalie-yoga.com\/#website","url":"https:\/\/www.nathalie-yoga.com\/","name":"NAThalie-YOGA","description":"Ayurveda &amp; Yoga","publisher":{"@id":"https:\/\/www.nathalie-yoga.com\/#organization"},"potentialAction":[{"@type":"SearchAction","target":{"@type":"EntryPoint","urlTemplate":"https:\/\/www.nathalie-yoga.com\/?s={search_term_string}"},"query-input":{"@type":"PropertyValueSpecification","valueRequired":true,"valueName":"search_term_string"}}],"inLanguage":"fr-FR"},{"@type":"Organization","@id":"https:\/\/www.nathalie-yoga.com\/#organization","name":"NAThalie-YOGA","url":"https:\/\/www.nathalie-yoga.com\/","logo":{"@type":"ImageObject","inLanguage":"fr-FR","@id":"https:\/\/www.nathalie-yoga.com\/#\/schema\/logo\/image\/","url":"https:\/\/www.nathalie-yoga.com\/wp-content\/uploads\/2021\/11\/cropped-LogoSiteCercleCouleur.png","contentUrl":"https:\/\/www.nathalie-yoga.com\/wp-content\/uploads\/2021\/11\/cropped-LogoSiteCercleCouleur.png","width":168,"height":204,"caption":"NAThalie-YOGA"},"image":{"@id":"https:\/\/www.nathalie-yoga.com\/#\/schema\/logo\/image\/"},"sameAs":["https:\/\/www.facebook.com\/Nathalieyoga-105104835221700","https:\/\/studio.youtube.com\/channel\/UCIzlfL2iLtNhlW_xsvmi7-g\/videos\/upload?filter=[]&amp;sort={&quot;columnType&quot;:&quot;date&quot;,&quot;sortOrder&quot;DESCENDING&quot;}"]}]}},"jetpack_sharing_enabled":false,"_links":{"self":[{"href":"https:\/\/www.nathalie-yoga.com\/index.php\/wp-json\/wp\/v2\/pages\/84","targetHints":{"allow":["GET"]}}],"collection":[{"href":"https:\/\/www.nathalie-yoga.com\/index.php\/wp-json\/wp\/v2\/pages"}],"about":[{"href":"https:\/\/www.nathalie-yoga.com\/index.php\/wp-json\/wp\/v2\/types\/page"}],"author":[{"embeddable":true,"href":"https:\/\/www.nathalie-yoga.com\/index.php\/wp-json\/wp\/v2\/users\/1"}],"replies":[{"embeddable":true,"href":"https:\/\/www.nathalie-yoga.com\/index.php\/wp-json\/wp\/v2\/comments?post=84"}],"version-history":[{"count":14,"href":"https:\/\/www.nathalie-yoga.com\/index.php\/wp-json\/wp\/v2\/pages\/84\/revisions"}],"predecessor-version":[{"id":1423,"href":"https:\/\/www.nathalie-yoga.com\/index.php\/wp-json\/wp\/v2\/pages\/84\/revisions\/1423"}],"wp:featuredmedia":[{"embeddable":true,"href":"https:\/\/www.nathalie-yoga.com\/index.php\/wp-json\/wp\/v2\/media\/597"}],"wp:attachment":[{"href":"https:\/\/www.nathalie-yoga.com\/index.php\/wp-json\/wp\/v2\/media?parent=84"}],"curies":[{"name":"wp","href":"https:\/\/api.w.org\/{rel}","templated":true}]}}