{"id":70,"date":"2021-08-10T00:45:15","date_gmt":"2021-08-09T22:45:15","guid":{"rendered":"https:\/\/www.nathalie-yoga.com\/?page_id=70"},"modified":"2023-08-13T14:15:00","modified_gmt":"2023-08-13T12:15:00","slug":"saisons","status":"publish","type":"page","link":"https:\/\/www.nathalie-yoga.com\/index.php\/saisons\/","title":{"rendered":"SAISONS"},"content":{"rendered":"\n<h2 class=\"wp-block-heading has-text-align-center has-accent-2-color has-accent-1-background-color has-text-color has-background has-large-font-size\"> Les saisons selon <a href=\"https:\/\/www.nathalie-yoga.com\/index.php\/ayurveda-harmonie-stress\/\" target=\"_blank\" rel=\"noreferrer noopener\">l\u2019Ayurv\u00e9da<\/a> <\/h2>\n\n\n\n<p class=\"has-accent-2-color has-text-color has-large-font-size\">Les saisons sont des p\u00e9riodes d\u00e9finis par des dates sur un calendrier, en occident et nous divisons l\u2019ann\u00e9e de 12 mois en 4 saisons dont la dur\u00e9e est de 3 mois.<\/p>\n\n\n\n<p class=\"has-accent-2-color has-text-color has-large-font-size\">Le printemps le 21 mars<br>L\u2019\u00e9t\u00e9 le 21 juin<br>L\u2019automne le 21 septembre<br>L\u2019hiver le 21 d\u00e9cembre<\/p>\n\n\n\n<p class=\"has-accent-2-color has-text-color has-large-font-size\">Cependant, les connaissances ancestrales comme l\u2019ayurv\u00e9da et la m\u00e9decine chinoise pr\u00e9sente un calendrier bien diff\u00e9rent o\u00f9 les solstices et \u00e9quinoxes ne marquent pas le d\u00e9but d\u2019une saison mais leur apog\u00e9e.<\/p>\n\n\n\n<h5 class=\"wp-block-heading has-text-align-center has-accent-2-color has-text-color has-large-font-size\">Petit rappel&nbsp;:<\/h5>\n\n\n\n<p class=\"has-accent-2-color has-text-color has-large-font-size\">Solstice d\u2019\u00e9t\u00e9&nbsp;: jour le plus long de l\u2019ann\u00e9e.<br>Solstice d\u2019hiver&nbsp;: jour le plus court de l\u2019ann\u00e9e.<br>\u00c9quinoxes&nbsp;: point d\u2019\u00e9quilibre entre jour et nuit.<\/p>\n\n\n\n<p class=\"has-accent-2-color has-text-color has-large-font-size\">En quoi est-ce important dans notre vie, me demanderez-vous ?<\/p>\n\n\n\n<p class=\"has-accent-2-color has-text-color has-large-font-size\">Nous savons que les m\u00e9decines ancestrales consid\u00e9raient que tout avait un impact sur l\u2019humain et donc sur sa sant\u00e9 (mentale, physique, \u00e9motionnelle &amp; spirituelle). Les saisons ne d\u00e9rogent pas \u00e0 cette r\u00e8gle et rentrent en consid\u00e9ration dans l\u2019\u00e9quilibre d\u2019une personne.<\/p>\n\n\n\n<h4 class=\"wp-block-heading has-text-align-center has-accent-2-color has-accent-1-background-color has-text-color has-background has-large-font-size\">Phases solaire &amp; lunaire<\/h4>\n\n\n\n<h5 class=\"wp-block-heading has-accent-2-color has-text-color has-large-font-size\"><strong>L\u2019ayurv\u00e9da divise l\u2019ann\u00e9e en deux p\u00e9riodes :<\/strong><\/h5>\n\n\n\n<p class=\"has-accent-2-color has-text-color has-large-font-size\"><strong>Adana,<\/strong> moiti\u00e9 solaire&nbsp;: la&nbsp;phase septentrionale&nbsp;(mot originaire de la Grande Ourse qui tourne toujours autours du&nbsp;nord) qui s\u2019\u00e9tend de mi-janvier \u00e0 mi-juin. Le soleil et le vent ass\u00e8chent l\u2019environnement par leurs capacit\u00e9s absorbantes. Adana diminue la force et l\u2019\u00e9nergie de l\u2019individu. <strong>Cela aura un impact sur les doshas qui poss\u00e9dent l&rsquo;air et le feu !<\/strong><\/p>\n\n\n\n<p class=\"has-text-align-justify has-accent-2-color has-text-color has-large-font-size\"><strong>Visarga<\/strong>&nbsp;(\u00ab&nbsp;le son qui s\u2019\u00e9teint&nbsp;\u00bb), moiti\u00e9 lunaire&nbsp;: la&nbsp;phase m\u00e9ridionale, qui s\u2019\u00e9tend de mi-juin \u00e0 mi-janvier. L\u2019humidit\u00e9 retourne dans la terre et offre une terre g\u00e9n\u00e9reuse, riche en l\u00e9gumes sucr\u00e9s.<br>La p\u00e9riode du&nbsp;22 novembre au 9 d\u00e9cembre&nbsp;(appel\u00e9e&nbsp;Yama Damstra) est une&nbsp;jonction majeure&nbsp;durant laquelle les \u00e9nergies sont tr\u00e8s puissantes et accentuent les d\u00e9s\u00e9quilibres. Il est donc important d\u2019\u00eatre encore plus vigilant durant ces quelques semaines au niveau des choix du mode de vie (alimentation, sport, sommeil, relations) et du climat. Cependant, cette p\u00e9riode de vuln\u00e9rabilit\u00e9 permet une importante transformation (particuli\u00e8rement psychologique) si nos intentions sont pures. La s\u00e9cheresse de vata en sera meilleure, Pitta et Kapha devront \u00eatre attentifs aux refroidissements.<\/p>\n\n\n\n<p class=\"has-accent-2-color has-text-color has-large-font-size\"><strong>Chaque intersaison est une zone de vuln\u00e9rabilit\u00e9 pour le corps, l\u2019individu doit donc faire plus attention que d\u2019habitude \u00e0 sa routine, son alimentation et son sommeil.<\/strong><\/p>\n\n\n\n<h4 class=\"wp-block-heading has-text-align-center has-accent-2-color has-accent-1-background-color has-text-color has-background has-large-font-size\">L\u2019ayurv\u00e9da  distingue  6 saisons<\/h4>\n\n\n\n<p class=\"has-accent-2-color has-text-color has-large-font-size\">Ces 6 saisons peuvent d\u2019ailleurs recouper aux&nbsp;6 go\u00fbts<em> de l\u2019alimentation :&nbsp;sucr\u00e9&nbsp; et amer et avec un froid humide ou sec ( l\u2019hiver),&nbsp;acide et &nbsp;sal\u00e9,&nbsp; venteux et humide ( l\u2019automne),&nbsp;piquant et  un chaud sec :orages&nbsp;( l&rsquo;\u00e9t\u00e9),&nbsp;astringent et tr\u00e8s humide et froid &nbsp;(printemps).<\/em><\/p>\n\n\n\n<div style=\"height:30px\" aria-hidden=\"true\" class=\"wp-block-spacer\"><\/div>\n\n\n\n<p class=\"has-accent-2-color has-accent-1-background-color has-text-color has-background has-large-font-size\"><em> <\/em><strong><a href=\"https:\/\/www.nathalie-yoga.com\/index.php\/saison-hiver-ayurveda-et-spiritualite\/\">L\u2019hiver<\/a><\/strong><em><a href=\"https:\/\/www.nathalie-yoga.com\/index.php\/saison-hiver-ayurveda-et-spiritualite\/\"> <\/a>(Hemanta&nbsp;&amp;&nbsp;Shishira) : <strong>15 novembre \u2013 15 mar<\/strong><\/em>s  :   le sucr\u00e9 pour adoucir  l&rsquo;air  et l&rsquo;amer pour  \u00e9viter d&rsquo;amplifier l&rsquo;eau. <\/p>\n\n\n\n<h6 class=\"wp-block-heading has-accent-2-color has-text-color has-large-font-size\"><em> Aggravation du&nbsp;dosha Vata&nbsp;(air &amp; \u00e9ther), Kapha (terre &amp; eau) commence \u00e0 s\u2019accumuler<\/em>.<\/h6>\n\n\n\n<p class=\"has-text-align-justify has-accent-2-color has-text-color has-large-font-size\"><em><strong>Caract\u00e9ristiques&nbsp;<\/strong>: Froid, sec, Force et \u00e9nergie tr\u00e8s \u00e9lev\u00e9es. <strong>Digestion <\/strong>tr\u00e8s bonne (le feu digestif \u2013&nbsp;agni&nbsp;\u2013 augmente pour r\u00e9chauffer le corps, cette chaleur reste \u00e0 l\u2019int\u00e9rieur du corps et offre donc une digestion optimale). Le <strong>corps <\/strong>\u00e0 besoin d\u2019alimentation nourrissante et chauffante <\/em><\/p>\n\n\n\n<div style=\"height:30px\" aria-hidden=\"true\" class=\"wp-block-spacer\"><\/div>\n\n\n\n<p class=\"has-accent-2-color has-accent-1-background-color has-text-color has-background has-large-font-size\"><strong><a href=\"https:\/\/www.nathalie-yoga.com\/index.php\/printemps\/\">Le printemps<\/a><\/strong><em> (Vasanta) : <strong>15 mars \u2013 15 mai<\/strong><\/em>     l&rsquo;astringence, va aspirer le trop plein d&rsquo;eau du printemps <\/p>\n\n\n\n<h6 class=\"wp-block-heading has-accent-2-color has-text-color has-large-font-size\"><em>Aggravation du&nbsp;dosha Kapha&nbsp;(terre &amp; eau) qui s\u2019est accumul\u00e9 pendant l\u2019hiver et ressort au printemps.<\/em><\/h6>\n\n\n\n<p class=\"has-accent-2-color has-text-color has-large-font-size\"><em><strong>Caract\u00e9ristiques\u00a0<\/strong>:\u00a0humide, lourd Force et \u00e9nergie diminuent,<strong>Digestion <\/strong>plus lente Le <strong>corps <\/strong>a besoin de se purifier et n\u00e9cessite des aliments plus l\u00e9gers et ass\u00e9chant (ex : asperges, radis, miel, \u2026)<\/em> oui le miel a une forme d&rsquo;astringence en deuxi\u00e8me effet post-digestion.<\/p>\n\n\n\n<div style=\"height:30px\" aria-hidden=\"true\" class=\"wp-block-spacer\"><\/div>\n\n\n\n<p class=\"has-text-align-left has-accent-2-color has-accent-1-background-color has-text-color has-background has-large-font-size\"><strong> <a href=\"https:\/\/www.nathalie-yoga.com\/index.php\/ete\/\">L\u2019\u00e9t\u00e9<\/a><\/strong><em> (Greeshma) : <strong>15 mai \u2013 15 juillet <\/strong><\/em>  :   le piquant,   TOUT EST FEU , on doit \u00eatre mod\u00e9r\u00e9 avec cette sensation ext\u00e9rieure et int\u00e9rieure.<\/p>\n\n\n\n<h6 class=\"wp-block-heading has-accent-2-color has-text-color has-large-font-size\"><em>Aggravation de Pitta (feu &amp; eau).<\/em>La chaleur est l\u00e0 , le feu est a son paroxisme pour lui, de plus l&rsquo;alimentation est tr\u00e8s acide (vinaigrette, barbecue, sauce mayonnaise et j&rsquo;en passe des meilleures: ketchup aussi &#8230;. ET l&rsquo;eau peut donc s&rsquo;ass\u00e9cher. <\/h6>\n\n\n\n<h6 class=\"wp-block-heading has-accent-2-color has-text-color has-large-font-size\"> <em><strong>Caract\u00e9ristiques <\/strong>: chaud, sec Force et \u00e9nergie diminuent \u00e0 leur minimum. <strong>Digestion <\/strong>la moins bonne car&nbsp;agni&nbsp;(feu digestif) diminue pour ne pas surchauffer le corps. Le <strong>corps <\/strong>n\u00e9cessite des aliments refroidissants, sucr\u00e9s au go\u00fbt<\/em>, liquides et l\u00e9gers pour le syst\u00e8me digestif (fruits, pseudo-c\u00e9r\u00e9ales, feuilles, l\u00e9gumes verts\u2026)<\/h6>\n\n\n\n<div style=\"height:30px\" aria-hidden=\"true\" class=\"wp-block-spacer\"><\/div>\n\n\n\n<p class=\"has-accent-2-color has-accent-1-background-color has-text-color has-background has-large-font-size\"><strong>La saison des pluies<\/strong> et du vent  (Varsha) : <em><strong>15 juillet \u2013 15 septembre<\/strong><\/em>   l&rsquo;acide et le sal\u00e9 vont \u00eatre des oscillateurs de saveurs  coupl\u00e9s.<\/p>\n\n\n\n<h6 class=\"wp-block-heading has-accent-2-color has-text-color has-large-font-size\">Le dosha pitta ( feu et eau ) est au plus haut. D\u00e9but de l&rsquo;Aggravation de Vata ( air et \u00e9ther)<\/h6>\n\n\n\n<p><\/p>\n\n\n\n<p class=\"has-accent-2-color has-text-color has-large-font-size\"><strong>Caract\u00e9ristiques&nbsp;<\/strong>: chaud, humide. Force et \u00e9nergie minimum, r\u00e9-augmentent doucement. La <strong><em>digestion <\/em><\/strong>est faible. Le <em><strong>corps <\/strong><\/em>a besoin de go\u00fbts, comme l&rsquo; astringence, d&rsquo;amer et de sucr\u00e9 qui diminuront  le dosha Pitta.<\/p>\n\n\n\n<div style=\"height:30px\" aria-hidden=\"true\" class=\"wp-block-spacer\"><\/div>\n\n\n\n<p class=\"has-accent-2-color has-accent-1-background-color has-text-color has-background has-large-font-size\"><strong><a href=\"https:\/\/www.nathalie-yoga.com\/index.php\/automne\/\">L\u2019automne<\/a><\/strong> (Sharat) : 15 septembre \u2013 15 novembre : l&rsquo;acide et le sal\u00e9 devront \u00eatre r\u00e9gul\u00e9s avec le temps tr\u00e8s changeant de cette p\u00e9riode<\/p>\n\n\n\n<h6 class=\"wp-block-heading has-accent-2-color has-text-color has-large-font-size\"><em>Aggravation de Vata  dosha.<\/em><\/h6>\n\n\n\n<p class=\"has-accent-2-color has-text-color has-large-font-size\"><em><strong>Caract\u00e9ristiques&nbsp;<\/strong>: Froid et sec. Force et \u00e9nergies augmentent. La <strong>digestion <\/strong>peut \u00eatre variable, instable (passant de bonne \u00e0 mauvaise et inversement). Le <strong>corps <\/strong>n\u00e9cessite des aliments fibreux (l\u00e9gumes, fruits) pour \u00e9vacuer les toxines et la chaleur accumul\u00e9s dans le colon. On cuit les aliments et int\u00e8gre des \u00e9pices pour soutenir le feu digestif.<\/em> Comme le fenouil, la cardamome, le fenugrec&#8230;.<\/p>\n\n\n\n<p><\/p>\n\n\n\n<p class=\"has-large-font-size\">Nathalie Sineux<\/p>\n<!--CusAds0-->\n<div style=\"font-size: 0px; height: 0px; line-height: 0px; margin: 0; padding: 0; clear: both;\"><\/div>","protected":false},"excerpt":{"rendered":"<p>Les saisons selon l\u2019Ayurv\u00e9da Les saisons sont des p\u00e9riodes d\u00e9finis par des dates sur un calendrier, en occident et nous divisons l\u2019ann\u00e9e de 12 mois &hellip;<\/p>\n","protected":false},"author":1,"featured_media":253,"parent":0,"menu_order":0,"comment_status":"closed","ping_status":"closed","template":"","meta":{"footnotes":""},"class_list":["post-70","page","type-page","status-publish","has-post-thumbnail","hentry"],"yoast_head":"<!-- This site is optimized with the Yoast SEO plugin v23.7 - https:\/\/yoast.com\/wordpress\/plugins\/seo\/ -->\n<title>SAISONS - NAThalie-YOGA<\/title>\n<meta name=\"robots\" content=\"index, follow, max-snippet:-1, max-image-preview:large, max-video-preview:-1\" \/>\n<link rel=\"canonical\" href=\"https:\/\/www.nathalie-yoga.com\/index.php\/saisons\/\" \/>\n<meta property=\"og:locale\" content=\"fr_FR\" \/>\n<meta property=\"og:type\" content=\"article\" \/>\n<meta property=\"og:title\" content=\"SAISONS - NAThalie-YOGA\" \/>\n<meta property=\"og:description\" content=\"Les saisons selon l\u2019Ayurv\u00e9da Les saisons sont des p\u00e9riodes d\u00e9finis par des dates sur un calendrier, en occident et nous divisons l\u2019ann\u00e9e de 12 mois &hellip;\" \/>\n<meta property=\"og:url\" content=\"https:\/\/www.nathalie-yoga.com\/index.php\/saisons\/\" \/>\n<meta property=\"og:site_name\" content=\"NAThalie-YOGA\" \/>\n<meta property=\"article:publisher\" content=\"https:\/\/www.facebook.com\/Nathalieyoga-105104835221700\" \/>\n<meta property=\"article:modified_time\" content=\"2023-08-13T12:15:00+00:00\" \/>\n<meta property=\"og:image\" content=\"https:\/\/www.nathalie-yoga.com\/wp-content\/uploads\/2021\/08\/Ete-1.jpg\" \/>\n\t<meta property=\"og:image:width\" content=\"1920\" \/>\n\t<meta property=\"og:image:height\" content=\"800\" \/>\n\t<meta property=\"og:image:type\" content=\"image\/jpeg\" \/>\n<meta name=\"twitter:card\" content=\"summary_large_image\" \/>\n<meta name=\"twitter:label1\" content=\"Dur\u00e9e de lecture estim\u00e9e\" \/>\n\t<meta name=\"twitter:data1\" content=\"5 minutes\" \/>\n<script type=\"application\/ld+json\" class=\"yoast-schema-graph\">{\"@context\":\"https:\/\/schema.org\",\"@graph\":[{\"@type\":\"WebPage\",\"@id\":\"https:\/\/www.nathalie-yoga.com\/index.php\/saisons\/\",\"url\":\"https:\/\/www.nathalie-yoga.com\/index.php\/saisons\/\",\"name\":\"SAISONS - NAThalie-YOGA\",\"isPartOf\":{\"@id\":\"https:\/\/www.nathalie-yoga.com\/#website\"},\"primaryImageOfPage\":{\"@id\":\"https:\/\/www.nathalie-yoga.com\/index.php\/saisons\/#primaryimage\"},\"image\":{\"@id\":\"https:\/\/www.nathalie-yoga.com\/index.php\/saisons\/#primaryimage\"},\"thumbnailUrl\":\"https:\/\/www.nathalie-yoga.com\/wp-content\/uploads\/2021\/08\/Ete-1.jpg\",\"datePublished\":\"2021-08-09T22:45:15+00:00\",\"dateModified\":\"2023-08-13T12:15:00+00:00\",\"breadcrumb\":{\"@id\":\"https:\/\/www.nathalie-yoga.com\/index.php\/saisons\/#breadcrumb\"},\"inLanguage\":\"fr-FR\",\"potentialAction\":[{\"@type\":\"ReadAction\",\"target\":[\"https:\/\/www.nathalie-yoga.com\/index.php\/saisons\/\"]}]},{\"@type\":\"ImageObject\",\"inLanguage\":\"fr-FR\",\"@id\":\"https:\/\/www.nathalie-yoga.com\/index.php\/saisons\/#primaryimage\",\"url\":\"https:\/\/www.nathalie-yoga.com\/wp-content\/uploads\/2021\/08\/Ete-1.jpg\",\"contentUrl\":\"https:\/\/www.nathalie-yoga.com\/wp-content\/uploads\/2021\/08\/Ete-1.jpg\",\"width\":1920,\"height\":800},{\"@type\":\"BreadcrumbList\",\"@id\":\"https:\/\/www.nathalie-yoga.com\/index.php\/saisons\/#breadcrumb\",\"itemListElement\":[{\"@type\":\"ListItem\",\"position\":1,\"name\":\"Accueil\",\"item\":\"https:\/\/www.nathalie-yoga.com\/\"},{\"@type\":\"ListItem\",\"position\":2,\"name\":\"SAISONS\"}]},{\"@type\":\"WebSite\",\"@id\":\"https:\/\/www.nathalie-yoga.com\/#website\",\"url\":\"https:\/\/www.nathalie-yoga.com\/\",\"name\":\"NAThalie-YOGA\",\"description\":\"Ayurveda &amp; Yoga\",\"publisher\":{\"@id\":\"https:\/\/www.nathalie-yoga.com\/#organization\"},\"potentialAction\":[{\"@type\":\"SearchAction\",\"target\":{\"@type\":\"EntryPoint\",\"urlTemplate\":\"https:\/\/www.nathalie-yoga.com\/?s={search_term_string}\"},\"query-input\":{\"@type\":\"PropertyValueSpecification\",\"valueRequired\":true,\"valueName\":\"search_term_string\"}}],\"inLanguage\":\"fr-FR\"},{\"@type\":\"Organization\",\"@id\":\"https:\/\/www.nathalie-yoga.com\/#organization\",\"name\":\"NAThalie-YOGA\",\"url\":\"https:\/\/www.nathalie-yoga.com\/\",\"logo\":{\"@type\":\"ImageObject\",\"inLanguage\":\"fr-FR\",\"@id\":\"https:\/\/www.nathalie-yoga.com\/#\/schema\/logo\/image\/\",\"url\":\"https:\/\/www.nathalie-yoga.com\/wp-content\/uploads\/2021\/11\/cropped-LogoSiteCercleCouleur.png\",\"contentUrl\":\"https:\/\/www.nathalie-yoga.com\/wp-content\/uploads\/2021\/11\/cropped-LogoSiteCercleCouleur.png\",\"width\":168,\"height\":204,\"caption\":\"NAThalie-YOGA\"},\"image\":{\"@id\":\"https:\/\/www.nathalie-yoga.com\/#\/schema\/logo\/image\/\"},\"sameAs\":[\"https:\/\/www.facebook.com\/Nathalieyoga-105104835221700\",\"https:\/\/studio.youtube.com\/channel\/UCIzlfL2iLtNhlW_xsvmi7-g\/videos\/upload?filter=[]&amp;sort={&quot;columnType&quot;:&quot;date&quot;,&quot;sortOrder&quot;DESCENDING&quot;}\"]}]}<\/script>\n<!-- \/ Yoast SEO plugin. -->","yoast_head_json":{"title":"SAISONS - NAThalie-YOGA","robots":{"index":"index","follow":"follow","max-snippet":"max-snippet:-1","max-image-preview":"max-image-preview:large","max-video-preview":"max-video-preview:-1"},"canonical":"https:\/\/www.nathalie-yoga.com\/index.php\/saisons\/","og_locale":"fr_FR","og_type":"article","og_title":"SAISONS - NAThalie-YOGA","og_description":"Les saisons selon l\u2019Ayurv\u00e9da Les saisons sont des p\u00e9riodes d\u00e9finis par des dates sur un calendrier, en occident et nous divisons l\u2019ann\u00e9e de 12 mois &hellip;","og_url":"https:\/\/www.nathalie-yoga.com\/index.php\/saisons\/","og_site_name":"NAThalie-YOGA","article_publisher":"https:\/\/www.facebook.com\/Nathalieyoga-105104835221700","article_modified_time":"2023-08-13T12:15:00+00:00","og_image":[{"width":1920,"height":800,"url":"https:\/\/www.nathalie-yoga.com\/wp-content\/uploads\/2021\/08\/Ete-1.jpg","type":"image\/jpeg"}],"twitter_card":"summary_large_image","twitter_misc":{"Dur\u00e9e de lecture estim\u00e9e":"5 minutes"},"schema":{"@context":"https:\/\/schema.org","@graph":[{"@type":"WebPage","@id":"https:\/\/www.nathalie-yoga.com\/index.php\/saisons\/","url":"https:\/\/www.nathalie-yoga.com\/index.php\/saisons\/","name":"SAISONS - NAThalie-YOGA","isPartOf":{"@id":"https:\/\/www.nathalie-yoga.com\/#website"},"primaryImageOfPage":{"@id":"https:\/\/www.nathalie-yoga.com\/index.php\/saisons\/#primaryimage"},"image":{"@id":"https:\/\/www.nathalie-yoga.com\/index.php\/saisons\/#primaryimage"},"thumbnailUrl":"https:\/\/www.nathalie-yoga.com\/wp-content\/uploads\/2021\/08\/Ete-1.jpg","datePublished":"2021-08-09T22:45:15+00:00","dateModified":"2023-08-13T12:15:00+00:00","breadcrumb":{"@id":"https:\/\/www.nathalie-yoga.com\/index.php\/saisons\/#breadcrumb"},"inLanguage":"fr-FR","potentialAction":[{"@type":"ReadAction","target":["https:\/\/www.nathalie-yoga.com\/index.php\/saisons\/"]}]},{"@type":"ImageObject","inLanguage":"fr-FR","@id":"https:\/\/www.nathalie-yoga.com\/index.php\/saisons\/#primaryimage","url":"https:\/\/www.nathalie-yoga.com\/wp-content\/uploads\/2021\/08\/Ete-1.jpg","contentUrl":"https:\/\/www.nathalie-yoga.com\/wp-content\/uploads\/2021\/08\/Ete-1.jpg","width":1920,"height":800},{"@type":"BreadcrumbList","@id":"https:\/\/www.nathalie-yoga.com\/index.php\/saisons\/#breadcrumb","itemListElement":[{"@type":"ListItem","position":1,"name":"Accueil","item":"https:\/\/www.nathalie-yoga.com\/"},{"@type":"ListItem","position":2,"name":"SAISONS"}]},{"@type":"WebSite","@id":"https:\/\/www.nathalie-yoga.com\/#website","url":"https:\/\/www.nathalie-yoga.com\/","name":"NAThalie-YOGA","description":"Ayurveda &amp; Yoga","publisher":{"@id":"https:\/\/www.nathalie-yoga.com\/#organization"},"potentialAction":[{"@type":"SearchAction","target":{"@type":"EntryPoint","urlTemplate":"https:\/\/www.nathalie-yoga.com\/?s={search_term_string}"},"query-input":{"@type":"PropertyValueSpecification","valueRequired":true,"valueName":"search_term_string"}}],"inLanguage":"fr-FR"},{"@type":"Organization","@id":"https:\/\/www.nathalie-yoga.com\/#organization","name":"NAThalie-YOGA","url":"https:\/\/www.nathalie-yoga.com\/","logo":{"@type":"ImageObject","inLanguage":"fr-FR","@id":"https:\/\/www.nathalie-yoga.com\/#\/schema\/logo\/image\/","url":"https:\/\/www.nathalie-yoga.com\/wp-content\/uploads\/2021\/11\/cropped-LogoSiteCercleCouleur.png","contentUrl":"https:\/\/www.nathalie-yoga.com\/wp-content\/uploads\/2021\/11\/cropped-LogoSiteCercleCouleur.png","width":168,"height":204,"caption":"NAThalie-YOGA"},"image":{"@id":"https:\/\/www.nathalie-yoga.com\/#\/schema\/logo\/image\/"},"sameAs":["https:\/\/www.facebook.com\/Nathalieyoga-105104835221700","https:\/\/studio.youtube.com\/channel\/UCIzlfL2iLtNhlW_xsvmi7-g\/videos\/upload?filter=[]&amp;sort={&quot;columnType&quot;:&quot;date&quot;,&quot;sortOrder&quot;DESCENDING&quot;}"]}]}},"jetpack_sharing_enabled":false,"_links":{"self":[{"href":"https:\/\/www.nathalie-yoga.com\/index.php\/wp-json\/wp\/v2\/pages\/70","targetHints":{"allow":["GET"]}}],"collection":[{"href":"https:\/\/www.nathalie-yoga.com\/index.php\/wp-json\/wp\/v2\/pages"}],"about":[{"href":"https:\/\/www.nathalie-yoga.com\/index.php\/wp-json\/wp\/v2\/types\/page"}],"author":[{"embeddable":true,"href":"https:\/\/www.nathalie-yoga.com\/index.php\/wp-json\/wp\/v2\/users\/1"}],"replies":[{"embeddable":true,"href":"https:\/\/www.nathalie-yoga.com\/index.php\/wp-json\/wp\/v2\/comments?post=70"}],"version-history":[{"count":24,"href":"https:\/\/www.nathalie-yoga.com\/index.php\/wp-json\/wp\/v2\/pages\/70\/revisions"}],"predecessor-version":[{"id":1421,"href":"https:\/\/www.nathalie-yoga.com\/index.php\/wp-json\/wp\/v2\/pages\/70\/revisions\/1421"}],"wp:featuredmedia":[{"embeddable":true,"href":"https:\/\/www.nathalie-yoga.com\/index.php\/wp-json\/wp\/v2\/media\/253"}],"wp:attachment":[{"href":"https:\/\/www.nathalie-yoga.com\/index.php\/wp-json\/wp\/v2\/media?parent=70"}],"curies":[{"name":"wp","href":"https:\/\/api.w.org\/{rel}","templated":true}]}}