{"id":43,"date":"2021-08-09T23:52:45","date_gmt":"2021-08-09T21:52:45","guid":{"rendered":"http:\/\/www.nathalie-yoga.com\/?page_id=43"},"modified":"2026-03-15T12:20:00","modified_gmt":"2026-03-15T11:20:00","slug":"planning","status":"publish","type":"page","link":"https:\/\/www.nathalie-yoga.com\/index.php\/planning\/","title":{"rendered":"Les Planning :   Yoga    Massages Ayurv\u00e9diques      Formation en Massage Ayurv\u00e9dique"},"content":{"rendered":"\n<h4 class=\"wp-block-heading has-accent-2-color has-accent-1-background-color has-text-color has-background has-large-font-size\">Les cours de Yoga :  <strong> sur la semaine<\/strong>&#8230;&#8230;.<\/h4>\n\n\n\n<figure class=\"wp-block-table is-style-stripes has-large-font-size\"><table class=\"has-headings-color has-sitebg-background-color has-text-color has-background\"><tbody><tr><td class=\"has-text-align-center\" data-align=\"center\"><strong>LUNDI<\/strong><\/td><td class=\"has-text-align-center\" data-align=\"center\"><strong>MARDI<\/strong><\/td><td class=\"has-text-align-center\" data-align=\"center\"><strong>MERCREDI<\/strong><\/td><td class=\"has-text-align-center\" data-align=\"center\"><strong>JEUDI<\/strong><\/td><td class=\"has-text-align-center\" data-align=\"center\"><strong>VENDREDI<\/strong><\/td><\/tr><tr><td class=\"has-text-align-center\" data-align=\"center\"><\/td><td class=\"has-text-align-center\" data-align=\"center\"><\/td><td class=\"has-text-align-center\" data-align=\"center\"><strong>9h30<\/strong>-11h \u00e0 Rochechouart<br>salle Jacques Brel<\/td><td class=\"has-text-align-center\" data-align=\"center\"><\/td><td class=\"has-text-align-center\" data-align=\"center\"> <strong>9h<\/strong>-10h30 \u00e0 St Junien<\/td><\/tr><tr><td class=\"has-text-align-center\" data-align=\"center\"><\/td><td class=\"has-text-align-center\" data-align=\"center\"><\/td><td class=\"has-text-align-center\" data-align=\"center\"><\/td><td class=\"has-text-align-center\" data-align=\"center\"><\/td><td class=\"has-text-align-center\" data-align=\"center\"><strong> 11h<\/strong>-12h30 \u00e0 St Junien<\/td><\/tr><tr><td class=\"has-text-align-center\" data-align=\"center\"><\/td><td class=\"has-text-align-center\" data-align=\"center\"><\/td><td class=\"has-text-align-center\" data-align=\"center\"><\/td><td class=\"has-text-align-center\" data-align=\"center\"><\/td><td class=\"has-text-align-center\" data-align=\"center\"><\/td><\/tr><tr><td class=\"has-text-align-center\" data-align=\"center\"><\/td><td class=\"has-text-align-center\" data-align=\"center\"><\/td><td class=\"has-text-align-center\" data-align=\"center\"><\/td><td class=\"has-text-align-center\" data-align=\"center\"><\/td><td class=\"has-text-align-center\" data-align=\"center\"><\/td><\/tr><tr><td class=\"has-text-align-center\" data-align=\"center\"><\/td><td class=\"has-text-align-center\" data-align=\"center\"><\/td><td class=\"has-text-align-center\" data-align=\"center\"><strong>17h<\/strong> &#8211; 18h30 \u00e0<br> St Junien<\/td><td class=\"has-text-align-center\" data-align=\"center\">17h30-19h \u00e0<br>St Junien<\/td><td class=\"has-text-align-center\" data-align=\"center\"><\/td><\/tr><tr><td class=\"has-text-align-center\" data-align=\"center\"><\/td><td class=\"has-text-align-center\" data-align=\"center\"><strong>19h<\/strong>-20h30 \u00e0 Rochechouart<br>salle jacques Brel<\/td><td class=\"has-text-align-center\" data-align=\"center\"><strong> 18h30<\/strong>&#8211; 20h \u00e0 <br>St Junien<\/td><td class=\"has-text-align-center\" data-align=\"center\"><br><\/td><td class=\"has-text-align-center\" data-align=\"center\"><\/td><\/tr><\/tbody><\/table><\/figure>\n\n\n\n<p class=\"has-accent-2-color has-text-color has-large-font-size\">  Rentr\u00e9e 2025, le MARDI 2  septembre 2025<\/p>\n\n\n\n<p class=\"has-text-align-center has-accent-1-color has-accent-2-background-color has-text-color has-background has-link-color has-large-font-size wp-elements-c11fbfe3d6a943afdcd161ea6fcf68d8\">LES MASSAGES AYURVEDIQUES <\/p>\n\n\n\n<div style=\"height:20px\" aria-hidden=\"true\" class=\"wp-block-spacer\"><\/div>\n\n\n\n<h4 class=\"wp-block-heading has-accent-2-color has-accent-1-background-color has-text-color has-background\">LES MASSAGES AYURVEDIQUES             LES ESPACES TEMPS RDV MASSAGE et FORMATION AU MASSAGE DE BASE<\/h4>\n\n\n\n<figure class=\"wp-block-table is-style-stripes has-large-font-size\"><table><tbody><tr><td class=\"has-text-align-center\" data-align=\"center\"><\/td><td class=\"has-text-align-center\" data-align=\"center\">mercredi <\/td><td class=\"has-text-align-center\" data-align=\"center\">Samedi <\/td><\/tr><tr><td class=\"has-text-align-center\" data-align=\"center\"> <\/td><td class=\"has-text-align-center\" data-align=\"center\">MASSAGES<\/td><td class=\"has-text-align-center\" data-align=\"center\">Massages\/ Ateliers<br><\/td><\/tr><tr><td class=\"has-text-align-center\" data-align=\"center\"><\/td><td class=\"has-text-align-center\" data-align=\"center\">A partir de 11h30<\/td><td class=\"has-text-align-center\" data-align=\"center\">A partir de 14h\/15h<\/td><\/tr><tr><td class=\"has-text-align-center\" data-align=\"center\"><\/td><td class=\"has-text-align-center\" data-align=\"center\"><\/td><td class=\"has-text-align-center\" data-align=\"center\"><\/td><\/tr><tr><td class=\"has-text-align-center\" data-align=\"center\">dimanche<br>Formation  en Massage de Base<\/td><td class=\"has-text-align-center\" data-align=\"center\"><\/td><td class=\"has-text-align-center\" data-align=\"center\"><\/td><\/tr><tr><td class=\"has-text-align-center\" data-align=\"center\">De 10h- 13h<br>Et de 14h-17h<\/td><td class=\"has-text-align-center\" data-align=\"center\"><\/td><td class=\"has-text-align-center\" data-align=\"center\"><\/td><\/tr><tr><td class=\"has-text-align-center\" data-align=\"center\"><\/td><td class=\"has-text-align-center\" data-align=\"center\"><\/td><td class=\"has-text-align-center\" data-align=\"center\"><\/td><\/tr><\/tbody><\/table><figcaption class=\"wp-element-caption\">Cours collectif de Yoga de Nathalie<\/figcaption><\/figure>\n\n\n\n<figure class=\"wp-block-image size-full is-resized\"><img loading=\"lazy\" decoding=\"async\" width=\"275\" height=\"183\" src=\"https:\/\/www.nathalie-yoga.com\/wp-content\/uploads\/2021\/09\/STAGE1.jpg\" alt=\"\" class=\"wp-image-629\" style=\"width:557px;height:371px\"\/><\/figure>\n\n\n\n<figure class=\"wp-block-image size-full\"><img loading=\"lazy\" decoding=\"async\" width=\"1000\" height=\"500\" src=\"https:\/\/www.nathalie-yoga.com\/wp-content\/uploads\/2021\/09\/stage-2.jpg\" alt=\"\" class=\"wp-image-630\" srcset=\"https:\/\/www.nathalie-yoga.com\/wp-content\/uploads\/2021\/09\/stage-2.jpg 1000w, https:\/\/www.nathalie-yoga.com\/wp-content\/uploads\/2021\/09\/stage-2-300x150.jpg 300w, https:\/\/www.nathalie-yoga.com\/wp-content\/uploads\/2021\/09\/stage-2-768x384.jpg 768w, https:\/\/www.nathalie-yoga.com\/wp-content\/uploads\/2021\/09\/stage-2-583x292.jpg 583w\" sizes=\"auto, (max-width: 1000px) 100vw, 1000px\" \/><\/figure>\n<!--CusAds0-->\n<div style=\"font-size: 0px; height: 0px; line-height: 0px; margin: 0; padding: 0; clear: both;\"><\/div>","protected":false},"excerpt":{"rendered":"<p>Les cours de Yoga : sur la semaine&#8230;&#8230;. LUNDI MARDI MERCREDI JEUDI VENDREDI 9h30-11h \u00e0 Rochechouartsalle Jacques Brel 9h-10h30 \u00e0 St Junien 11h-12h30 \u00e0 St &hellip;<\/p>\n","protected":false},"author":1,"featured_media":545,"parent":0,"menu_order":0,"comment_status":"closed","ping_status":"closed","template":"","meta":{"footnotes":""},"class_list":["post-43","page","type-page","status-publish","has-post-thumbnail","hentry"],"yoast_head":"<!-- This site is optimized with the Yoast SEO plugin v23.7 - https:\/\/yoast.com\/wordpress\/plugins\/seo\/ -->\n<title>Les Planning :  Yoga  Massages Ayurv\u00e9diques   Formation en Massage Ayurv\u00e9dique - NAThalie-YOGA - Haute-Vienne et Charente<\/title>\n<meta name=\"description\" content=\"Retrouvez tout les horaires pour suivre les cours de yoga en Haute-Vienne et en Charente. Et aussi ceux des stages durant les week-end.\" \/>\n<meta name=\"robots\" content=\"index, follow, max-snippet:-1, max-image-preview:large, max-video-preview:-1\" \/>\n<link rel=\"canonical\" href=\"https:\/\/www.nathalie-yoga.com\/index.php\/planning\/\" \/>\n<meta property=\"og:locale\" content=\"fr_FR\" \/>\n<meta property=\"og:type\" content=\"article\" \/>\n<meta property=\"og:title\" content=\"Les Planning :  Yoga  Massages Ayurv\u00e9diques   Formation en Massage Ayurv\u00e9dique - NAThalie-YOGA - Haute-Vienne et Charente\" \/>\n<meta property=\"og:description\" content=\"Retrouvez tout les horaires pour suivre les cours de yoga en Haute-Vienne et en Charente. Et aussi ceux des stages durant les week-end.\" \/>\n<meta property=\"og:url\" content=\"https:\/\/www.nathalie-yoga.com\/index.php\/planning\/\" \/>\n<meta property=\"og:site_name\" content=\"NAThalie-YOGA\" \/>\n<meta property=\"article:publisher\" content=\"https:\/\/www.facebook.com\/Nathalieyoga-105104835221700\" \/>\n<meta property=\"article:modified_time\" content=\"2026-03-15T11:20:00+00:00\" \/>\n<meta property=\"og:image\" content=\"https:\/\/www.nathalie-yoga.com\/wp-content\/uploads\/2021\/08\/Planning.jpg\" \/>\n\t<meta property=\"og:image:width\" content=\"1238\" \/>\n\t<meta property=\"og:image:height\" content=\"676\" \/>\n\t<meta property=\"og:image:type\" content=\"image\/jpeg\" \/>\n<meta name=\"twitter:card\" content=\"summary_large_image\" \/>\n<meta name=\"twitter:label1\" content=\"Dur\u00e9e de lecture estim\u00e9e\" \/>\n\t<meta name=\"twitter:data1\" content=\"2 minutes\" \/>\n<script type=\"application\/ld+json\" class=\"yoast-schema-graph\">{\"@context\":\"https:\/\/schema.org\",\"@graph\":[{\"@type\":\"WebPage\",\"@id\":\"https:\/\/www.nathalie-yoga.com\/index.php\/planning\/\",\"url\":\"https:\/\/www.nathalie-yoga.com\/index.php\/planning\/\",\"name\":\"Les Planning : Yoga Massages Ayurv\u00e9diques Formation en Massage Ayurv\u00e9dique - NAThalie-YOGA - Haute-Vienne et Charente\",\"isPartOf\":{\"@id\":\"https:\/\/www.nathalie-yoga.com\/#website\"},\"primaryImageOfPage\":{\"@id\":\"https:\/\/www.nathalie-yoga.com\/index.php\/planning\/#primaryimage\"},\"image\":{\"@id\":\"https:\/\/www.nathalie-yoga.com\/index.php\/planning\/#primaryimage\"},\"thumbnailUrl\":\"https:\/\/www.nathalie-yoga.com\/wp-content\/uploads\/2021\/08\/Planning.jpg\",\"datePublished\":\"2021-08-09T21:52:45+00:00\",\"dateModified\":\"2026-03-15T11:20:00+00:00\",\"description\":\"Retrouvez tout les horaires pour suivre les cours de yoga en Haute-Vienne et en Charente. Et aussi ceux des stages durant les week-end.\",\"breadcrumb\":{\"@id\":\"https:\/\/www.nathalie-yoga.com\/index.php\/planning\/#breadcrumb\"},\"inLanguage\":\"fr-FR\",\"potentialAction\":[{\"@type\":\"ReadAction\",\"target\":[\"https:\/\/www.nathalie-yoga.com\/index.php\/planning\/\"]}]},{\"@type\":\"ImageObject\",\"inLanguage\":\"fr-FR\",\"@id\":\"https:\/\/www.nathalie-yoga.com\/index.php\/planning\/#primaryimage\",\"url\":\"https:\/\/www.nathalie-yoga.com\/wp-content\/uploads\/2021\/08\/Planning.jpg\",\"contentUrl\":\"https:\/\/www.nathalie-yoga.com\/wp-content\/uploads\/2021\/08\/Planning.jpg\",\"width\":1238,\"height\":676},{\"@type\":\"BreadcrumbList\",\"@id\":\"https:\/\/www.nathalie-yoga.com\/index.php\/planning\/#breadcrumb\",\"itemListElement\":[{\"@type\":\"ListItem\",\"position\":1,\"name\":\"Accueil\",\"item\":\"https:\/\/www.nathalie-yoga.com\/\"},{\"@type\":\"ListItem\",\"position\":2,\"name\":\"Les Planning : Yoga Massages Ayurv\u00e9diques Formation en Massage Ayurv\u00e9dique\"}]},{\"@type\":\"WebSite\",\"@id\":\"https:\/\/www.nathalie-yoga.com\/#website\",\"url\":\"https:\/\/www.nathalie-yoga.com\/\",\"name\":\"NAThalie-YOGA\",\"description\":\"Ayurveda &amp; Yoga\",\"publisher\":{\"@id\":\"https:\/\/www.nathalie-yoga.com\/#organization\"},\"potentialAction\":[{\"@type\":\"SearchAction\",\"target\":{\"@type\":\"EntryPoint\",\"urlTemplate\":\"https:\/\/www.nathalie-yoga.com\/?s={search_term_string}\"},\"query-input\":{\"@type\":\"PropertyValueSpecification\",\"valueRequired\":true,\"valueName\":\"search_term_string\"}}],\"inLanguage\":\"fr-FR\"},{\"@type\":\"Organization\",\"@id\":\"https:\/\/www.nathalie-yoga.com\/#organization\",\"name\":\"NAThalie-YOGA\",\"url\":\"https:\/\/www.nathalie-yoga.com\/\",\"logo\":{\"@type\":\"ImageObject\",\"inLanguage\":\"fr-FR\",\"@id\":\"https:\/\/www.nathalie-yoga.com\/#\/schema\/logo\/image\/\",\"url\":\"https:\/\/www.nathalie-yoga.com\/wp-content\/uploads\/2021\/11\/cropped-LogoSiteCercleCouleur.png\",\"contentUrl\":\"https:\/\/www.nathalie-yoga.com\/wp-content\/uploads\/2021\/11\/cropped-LogoSiteCercleCouleur.png\",\"width\":168,\"height\":204,\"caption\":\"NAThalie-YOGA\"},\"image\":{\"@id\":\"https:\/\/www.nathalie-yoga.com\/#\/schema\/logo\/image\/\"},\"sameAs\":[\"https:\/\/www.facebook.com\/Nathalieyoga-105104835221700\",\"https:\/\/studio.youtube.com\/channel\/UCIzlfL2iLtNhlW_xsvmi7-g\/videos\/upload?filter=[]&amp;sort={&quot;columnType&quot;:&quot;date&quot;,&quot;sortOrder&quot;DESCENDING&quot;}\"]}]}<\/script>\n<!-- \/ Yoast SEO plugin. -->","yoast_head_json":{"title":"Les Planning :  Yoga  Massages Ayurv\u00e9diques   Formation en Massage Ayurv\u00e9dique - NAThalie-YOGA - Haute-Vienne et Charente","description":"Retrouvez tout les horaires pour suivre les cours de yoga en Haute-Vienne et en Charente. Et aussi ceux des stages durant les week-end.","robots":{"index":"index","follow":"follow","max-snippet":"max-snippet:-1","max-image-preview":"max-image-preview:large","max-video-preview":"max-video-preview:-1"},"canonical":"https:\/\/www.nathalie-yoga.com\/index.php\/planning\/","og_locale":"fr_FR","og_type":"article","og_title":"Les Planning :  Yoga  Massages Ayurv\u00e9diques   Formation en Massage Ayurv\u00e9dique - NAThalie-YOGA - Haute-Vienne et Charente","og_description":"Retrouvez tout les horaires pour suivre les cours de yoga en Haute-Vienne et en Charente. Et aussi ceux des stages durant les week-end.","og_url":"https:\/\/www.nathalie-yoga.com\/index.php\/planning\/","og_site_name":"NAThalie-YOGA","article_publisher":"https:\/\/www.facebook.com\/Nathalieyoga-105104835221700","article_modified_time":"2026-03-15T11:20:00+00:00","og_image":[{"width":1238,"height":676,"url":"https:\/\/www.nathalie-yoga.com\/wp-content\/uploads\/2021\/08\/Planning.jpg","type":"image\/jpeg"}],"twitter_card":"summary_large_image","twitter_misc":{"Dur\u00e9e de lecture estim\u00e9e":"2 minutes"},"schema":{"@context":"https:\/\/schema.org","@graph":[{"@type":"WebPage","@id":"https:\/\/www.nathalie-yoga.com\/index.php\/planning\/","url":"https:\/\/www.nathalie-yoga.com\/index.php\/planning\/","name":"Les Planning : Yoga Massages Ayurv\u00e9diques Formation en Massage Ayurv\u00e9dique - NAThalie-YOGA - Haute-Vienne et Charente","isPartOf":{"@id":"https:\/\/www.nathalie-yoga.com\/#website"},"primaryImageOfPage":{"@id":"https:\/\/www.nathalie-yoga.com\/index.php\/planning\/#primaryimage"},"image":{"@id":"https:\/\/www.nathalie-yoga.com\/index.php\/planning\/#primaryimage"},"thumbnailUrl":"https:\/\/www.nathalie-yoga.com\/wp-content\/uploads\/2021\/08\/Planning.jpg","datePublished":"2021-08-09T21:52:45+00:00","dateModified":"2026-03-15T11:20:00+00:00","description":"Retrouvez tout les horaires pour suivre les cours de yoga en Haute-Vienne et en Charente. Et aussi ceux des stages durant les week-end.","breadcrumb":{"@id":"https:\/\/www.nathalie-yoga.com\/index.php\/planning\/#breadcrumb"},"inLanguage":"fr-FR","potentialAction":[{"@type":"ReadAction","target":["https:\/\/www.nathalie-yoga.com\/index.php\/planning\/"]}]},{"@type":"ImageObject","inLanguage":"fr-FR","@id":"https:\/\/www.nathalie-yoga.com\/index.php\/planning\/#primaryimage","url":"https:\/\/www.nathalie-yoga.com\/wp-content\/uploads\/2021\/08\/Planning.jpg","contentUrl":"https:\/\/www.nathalie-yoga.com\/wp-content\/uploads\/2021\/08\/Planning.jpg","width":1238,"height":676},{"@type":"BreadcrumbList","@id":"https:\/\/www.nathalie-yoga.com\/index.php\/planning\/#breadcrumb","itemListElement":[{"@type":"ListItem","position":1,"name":"Accueil","item":"https:\/\/www.nathalie-yoga.com\/"},{"@type":"ListItem","position":2,"name":"Les Planning : Yoga Massages Ayurv\u00e9diques Formation en Massage Ayurv\u00e9dique"}]},{"@type":"WebSite","@id":"https:\/\/www.nathalie-yoga.com\/#website","url":"https:\/\/www.nathalie-yoga.com\/","name":"NAThalie-YOGA","description":"Ayurveda &amp; Yoga","publisher":{"@id":"https:\/\/www.nathalie-yoga.com\/#organization"},"potentialAction":[{"@type":"SearchAction","target":{"@type":"EntryPoint","urlTemplate":"https:\/\/www.nathalie-yoga.com\/?s={search_term_string}"},"query-input":{"@type":"PropertyValueSpecification","valueRequired":true,"valueName":"search_term_string"}}],"inLanguage":"fr-FR"},{"@type":"Organization","@id":"https:\/\/www.nathalie-yoga.com\/#organization","name":"NAThalie-YOGA","url":"https:\/\/www.nathalie-yoga.com\/","logo":{"@type":"ImageObject","inLanguage":"fr-FR","@id":"https:\/\/www.nathalie-yoga.com\/#\/schema\/logo\/image\/","url":"https:\/\/www.nathalie-yoga.com\/wp-content\/uploads\/2021\/11\/cropped-LogoSiteCercleCouleur.png","contentUrl":"https:\/\/www.nathalie-yoga.com\/wp-content\/uploads\/2021\/11\/cropped-LogoSiteCercleCouleur.png","width":168,"height":204,"caption":"NAThalie-YOGA"},"image":{"@id":"https:\/\/www.nathalie-yoga.com\/#\/schema\/logo\/image\/"},"sameAs":["https:\/\/www.facebook.com\/Nathalieyoga-105104835221700","https:\/\/studio.youtube.com\/channel\/UCIzlfL2iLtNhlW_xsvmi7-g\/videos\/upload?filter=[]&amp;sort={&quot;columnType&quot;:&quot;date&quot;,&quot;sortOrder&quot;DESCENDING&quot;}"]}]}},"jetpack_sharing_enabled":false,"_links":{"self":[{"href":"https:\/\/www.nathalie-yoga.com\/index.php\/wp-json\/wp\/v2\/pages\/43","targetHints":{"allow":["GET"]}}],"collection":[{"href":"https:\/\/www.nathalie-yoga.com\/index.php\/wp-json\/wp\/v2\/pages"}],"about":[{"href":"https:\/\/www.nathalie-yoga.com\/index.php\/wp-json\/wp\/v2\/types\/page"}],"author":[{"embeddable":true,"href":"https:\/\/www.nathalie-yoga.com\/index.php\/wp-json\/wp\/v2\/users\/1"}],"replies":[{"embeddable":true,"href":"https:\/\/www.nathalie-yoga.com\/index.php\/wp-json\/wp\/v2\/comments?post=43"}],"version-history":[{"count":22,"href":"https:\/\/www.nathalie-yoga.com\/index.php\/wp-json\/wp\/v2\/pages\/43\/revisions"}],"predecessor-version":[{"id":1616,"href":"https:\/\/www.nathalie-yoga.com\/index.php\/wp-json\/wp\/v2\/pages\/43\/revisions\/1616"}],"wp:featuredmedia":[{"embeddable":true,"href":"https:\/\/www.nathalie-yoga.com\/index.php\/wp-json\/wp\/v2\/media\/545"}],"wp:attachment":[{"href":"https:\/\/www.nathalie-yoga.com\/index.php\/wp-json\/wp\/v2\/media?parent=43"}],"curies":[{"name":"wp","href":"https:\/\/api.w.org\/{rel}","templated":true}]}}