{"id":41,"date":"2021-08-09T23:52:16","date_gmt":"2021-08-09T21:52:16","guid":{"rendered":"http:\/\/www.nathalie-yoga.com\/?page_id=41"},"modified":"2025-08-14T11:19:36","modified_gmt":"2025-08-14T09:19:36","slug":"lieux","status":"publish","type":"page","link":"https:\/\/www.nathalie-yoga.com\/index.php\/lieux\/","title":{"rendered":"Lieux"},"content":{"rendered":"\n<p class=\"has-text-align-center has-accent-2-color has-accent-2-background-color has-text-color has-background has-large-font-size\">PLUSIEURS lieux sont pr\u00e9vus pour cette ann\u00e9e : un lieu de <strong>pratique <\/strong>pour <strong>mieux vous servir<\/strong> <strong> <\/strong>.<\/p>\n\n\n\n<div style=\"height:30px\" aria-hidden=\"true\" class=\"wp-block-spacer\"><\/div>\n\n\n\n<h2 class=\"wp-block-heading has-text-align-center has-sitetext-color has-accent-1-background-color has-text-color has-background has-large-font-size\">Les <strong>lieux <\/strong>de PRATIQUE  Yoga (en images)<\/h2>\n\n\n\n<div class=\"wp-block-columns is-layout-flex wp-container-core-columns-is-layout-9d6595d7 wp-block-columns-is-layout-flex\">\n<div class=\"wp-block-column is-layout-flow wp-block-column-is-layout-flow\">\n<h5 class=\"wp-block-heading has-accent-2-color has-accent-1-background-color has-text-color has-background has-large-font-size\"> Sur Saint-Junien en haute-Vienne <\/h5>\n\n\n\n<p class=\"has-text-align-justify has-headings-color has-text-color has-large-font-size\">19, rue Jean-Jacques Rousseau-87200 Saint-Junien<\/p>\n\n\n\n\n\n<figure class=\"wp-block-image size-large\"><img loading=\"lazy\" decoding=\"async\" width=\"768\" height=\"1024\" src=\"https:\/\/www.nathalie-yoga.com\/wp-content\/uploads\/2021\/12\/IMG_05911-768x1024.jpg\" alt=\"\" class=\"wp-image-1169\" srcset=\"https:\/\/www.nathalie-yoga.com\/wp-content\/uploads\/2021\/12\/IMG_05911-768x1024.jpg 768w, https:\/\/www.nathalie-yoga.com\/wp-content\/uploads\/2021\/12\/IMG_05911-225x300.jpg 225w, https:\/\/www.nathalie-yoga.com\/wp-content\/uploads\/2021\/12\/IMG_05911-1152x1536.jpg 1152w, https:\/\/www.nathalie-yoga.com\/wp-content\/uploads\/2021\/12\/IMG_05911-1536x2048.jpg 1536w, https:\/\/www.nathalie-yoga.com\/wp-content\/uploads\/2021\/12\/IMG_05911-scaled.jpg 1920w\" sizes=\"auto, (max-width: 768px) 100vw, 768px\" \/><\/figure>\n\n\n\n<figure class=\"wp-block-image size-large\"><img loading=\"lazy\" decoding=\"async\" width=\"768\" height=\"1024\" src=\"https:\/\/www.nathalie-yoga.com\/wp-content\/uploads\/2021\/12\/IMG_05931-768x1024.jpg\" alt=\"\" class=\"wp-image-1170\" srcset=\"https:\/\/www.nathalie-yoga.com\/wp-content\/uploads\/2021\/12\/IMG_05931-768x1024.jpg 768w, https:\/\/www.nathalie-yoga.com\/wp-content\/uploads\/2021\/12\/IMG_05931-225x300.jpg 225w, https:\/\/www.nathalie-yoga.com\/wp-content\/uploads\/2021\/12\/IMG_05931-1152x1536.jpg 1152w, https:\/\/www.nathalie-yoga.com\/wp-content\/uploads\/2021\/12\/IMG_05931-1536x2048.jpg 1536w, https:\/\/www.nathalie-yoga.com\/wp-content\/uploads\/2021\/12\/IMG_05931-scaled.jpg 1920w\" sizes=\"auto, (max-width: 768px) 100vw, 768px\" \/><\/figure>\n<\/div>\n\n\n\n<div class=\"wp-block-column is-layout-flow wp-block-column-is-layout-flow\">\n<h5 class=\"wp-block-heading\"><\/h5>\n\n\n\n<p><\/p>\n\n\n\n\n\n<figure class=\"wp-block-image size-large\"><img loading=\"lazy\" decoding=\"async\" width=\"768\" height=\"1024\" src=\"https:\/\/www.nathalie-yoga.com\/wp-content\/uploads\/2021\/12\/IMG_05951-768x1024.jpg\" alt=\"\" class=\"wp-image-1171\" srcset=\"https:\/\/www.nathalie-yoga.com\/wp-content\/uploads\/2021\/12\/IMG_05951-768x1024.jpg 768w, https:\/\/www.nathalie-yoga.com\/wp-content\/uploads\/2021\/12\/IMG_05951-225x300.jpg 225w, https:\/\/www.nathalie-yoga.com\/wp-content\/uploads\/2021\/12\/IMG_05951-1152x1536.jpg 1152w, https:\/\/www.nathalie-yoga.com\/wp-content\/uploads\/2021\/12\/IMG_05951-1536x2048.jpg 1536w, https:\/\/www.nathalie-yoga.com\/wp-content\/uploads\/2021\/12\/IMG_05951-scaled.jpg 1920w\" sizes=\"auto, (max-width: 768px) 100vw, 768px\" \/><\/figure>\n\n\n\n<figure class=\"wp-block-image size-large\"><img loading=\"lazy\" decoding=\"async\" width=\"768\" height=\"1024\" src=\"https:\/\/www.nathalie-yoga.com\/wp-content\/uploads\/2021\/12\/IMG_05941-768x1024.jpg\" alt=\"\" class=\"wp-image-1172\" srcset=\"https:\/\/www.nathalie-yoga.com\/wp-content\/uploads\/2021\/12\/IMG_05941-768x1024.jpg 768w, https:\/\/www.nathalie-yoga.com\/wp-content\/uploads\/2021\/12\/IMG_05941-225x300.jpg 225w, https:\/\/www.nathalie-yoga.com\/wp-content\/uploads\/2021\/12\/IMG_05941-1152x1536.jpg 1152w, https:\/\/www.nathalie-yoga.com\/wp-content\/uploads\/2021\/12\/IMG_05941-1536x2048.jpg 1536w, https:\/\/www.nathalie-yoga.com\/wp-content\/uploads\/2021\/12\/IMG_05941-scaled.jpg 1920w\" sizes=\"auto, (max-width: 768px) 100vw, 768px\" \/><\/figure>\n<\/div>\n<\/div>\n\n\n\n<div style=\"height:40px\" aria-hidden=\"true\" class=\"wp-block-spacer\"><\/div>\n\n\n\n<p class=\"has-accent-2-color has-accent-1-background-color has-text-color has-background has-large-font-size\"><strong>Sur ROCHECHOUART- 87600<\/strong><\/p>\n\n\n\n<p class=\"has-headings-color has-accent-2-background-color has-text-color has-background has-large-font-size\">Salle jacques Brel <\/p>\n\n\n\n<figure class=\"wp-block-image size-full\"><img loading=\"lazy\" decoding=\"async\" width=\"275\" height=\"180\" src=\"https:\/\/www.nathalie-yoga.com\/wp-content\/uploads\/2023\/02\/image-1.png\" alt=\"\" class=\"wp-image-1302\"\/><\/figure>\n\n\n\n<p class=\"has-headings-color has-accent-2-background-color has-text-color has-background has-large-font-size\"><\/p>\n\n\n\n<p class=\"has-headings-color has-text-color has-large-font-size\"><\/p>\n\n\n\n<p><\/p>\n\n\n\n<div class=\"wp-block-columns is-layout-flex wp-container-core-columns-is-layout-9d6595d7 wp-block-columns-is-layout-flex\"><\/div>\n\n\n\n<figure class=\"wp-block-image size-large is-resized\"><img loading=\"lazy\" decoding=\"async\" width=\"1024\" height=\"768\" src=\"https:\/\/www.nathalie-yoga.com\/wp-content\/uploads\/2021\/09\/lete-campagne-2-1024x768.jpg\" alt=\"\" class=\"wp-image-624\" style=\"width:1238px;height:929px\" srcset=\"https:\/\/www.nathalie-yoga.com\/wp-content\/uploads\/2021\/09\/lete-campagne-2-1024x768.jpg 1024w, https:\/\/www.nathalie-yoga.com\/wp-content\/uploads\/2021\/09\/lete-campagne-2-300x225.jpg 300w, https:\/\/www.nathalie-yoga.com\/wp-content\/uploads\/2021\/09\/lete-campagne-2-768x576.jpg 768w, https:\/\/www.nathalie-yoga.com\/wp-content\/uploads\/2021\/09\/lete-campagne-2-1536x1152.jpg 1536w, https:\/\/www.nathalie-yoga.com\/wp-content\/uploads\/2021\/09\/lete-campagne-2-400x300.jpg 400w, https:\/\/www.nathalie-yoga.com\/wp-content\/uploads\/2021\/09\/lete-campagne-2.jpg 2048w\" sizes=\"auto, (max-width: 1024px) 100vw, 1024px\" \/><\/figure>\n<!--CusAds0-->\n<div style=\"font-size: 0px; height: 0px; line-height: 0px; margin: 0; padding: 0; clear: both;\"><\/div>","protected":false},"excerpt":{"rendered":"<p>PLUSIEURS lieux sont pr\u00e9vus pour cette ann\u00e9e : un lieu de pratique pour mieux vous servir . Les lieux de PRATIQUE Yoga (en images) Sur &hellip;<\/p>\n","protected":false},"author":1,"featured_media":0,"parent":0,"menu_order":0,"comment_status":"closed","ping_status":"closed","template":"","meta":{"footnotes":""},"class_list":["post-41","page","type-page","status-publish","hentry"],"yoast_head":"<!-- This site is optimized with the Yoast SEO plugin v23.7 - https:\/\/yoast.com\/wordpress\/plugins\/seo\/ -->\n<title>Lieux - NAThalie-YOGA<\/title>\n<meta name=\"description\" content=\"PLUSIEURS lieux sont pr\u00e9vus \u00e0 Saint-Junien et Charente. Lieux de pratique pour mieux vous servir et des lieux de Stages pour ce d\u00e9couvrir.\" \/>\n<meta name=\"robots\" content=\"index, follow, max-snippet:-1, max-image-preview:large, max-video-preview:-1\" \/>\n<link rel=\"canonical\" href=\"https:\/\/www.nathalie-yoga.com\/index.php\/lieux\/\" \/>\n<meta property=\"og:locale\" content=\"fr_FR\" \/>\n<meta property=\"og:type\" content=\"article\" \/>\n<meta property=\"og:title\" content=\"Lieux - NAThalie-YOGA\" \/>\n<meta property=\"og:description\" content=\"PLUSIEURS lieux sont pr\u00e9vus \u00e0 Saint-Junien et Charente. Lieux de pratique pour mieux vous servir et des lieux de Stages pour ce d\u00e9couvrir.\" \/>\n<meta property=\"og:url\" content=\"https:\/\/www.nathalie-yoga.com\/index.php\/lieux\/\" \/>\n<meta property=\"og:site_name\" content=\"NAThalie-YOGA\" \/>\n<meta property=\"article:publisher\" content=\"https:\/\/www.facebook.com\/Nathalieyoga-105104835221700\" \/>\n<meta property=\"article:modified_time\" content=\"2025-08-14T09:19:36+00:00\" \/>\n<meta property=\"og:image\" content=\"https:\/\/www.nathalie-yoga.com\/wp-content\/uploads\/2021\/12\/IMG_05911-scaled.jpg\" \/>\n\t<meta property=\"og:image:width\" content=\"1920\" \/>\n\t<meta property=\"og:image:height\" content=\"2560\" \/>\n\t<meta property=\"og:image:type\" content=\"image\/jpeg\" \/>\n<meta name=\"twitter:card\" content=\"summary_large_image\" \/>\n<meta name=\"twitter:label1\" content=\"Dur\u00e9e de lecture estim\u00e9e\" \/>\n\t<meta name=\"twitter:data1\" content=\"2 minutes\" \/>\n<script type=\"application\/ld+json\" class=\"yoast-schema-graph\">{\"@context\":\"https:\/\/schema.org\",\"@graph\":[{\"@type\":\"WebPage\",\"@id\":\"https:\/\/www.nathalie-yoga.com\/index.php\/lieux\/\",\"url\":\"https:\/\/www.nathalie-yoga.com\/index.php\/lieux\/\",\"name\":\"Lieux - NAThalie-YOGA\",\"isPartOf\":{\"@id\":\"https:\/\/www.nathalie-yoga.com\/#website\"},\"primaryImageOfPage\":{\"@id\":\"https:\/\/www.nathalie-yoga.com\/index.php\/lieux\/#primaryimage\"},\"image\":{\"@id\":\"https:\/\/www.nathalie-yoga.com\/index.php\/lieux\/#primaryimage\"},\"thumbnailUrl\":\"https:\/\/www.nathalie-yoga.com\/wp-content\/uploads\/2021\/12\/IMG_05911-768x1024.jpg\",\"datePublished\":\"2021-08-09T21:52:16+00:00\",\"dateModified\":\"2025-08-14T09:19:36+00:00\",\"description\":\"PLUSIEURS lieux sont pr\u00e9vus \u00e0 Saint-Junien et Charente. Lieux de pratique pour mieux vous servir et des lieux de Stages pour ce d\u00e9couvrir.\",\"breadcrumb\":{\"@id\":\"https:\/\/www.nathalie-yoga.com\/index.php\/lieux\/#breadcrumb\"},\"inLanguage\":\"fr-FR\",\"potentialAction\":[{\"@type\":\"ReadAction\",\"target\":[\"https:\/\/www.nathalie-yoga.com\/index.php\/lieux\/\"]}]},{\"@type\":\"ImageObject\",\"inLanguage\":\"fr-FR\",\"@id\":\"https:\/\/www.nathalie-yoga.com\/index.php\/lieux\/#primaryimage\",\"url\":\"https:\/\/www.nathalie-yoga.com\/wp-content\/uploads\/2021\/12\/IMG_05911-scaled.jpg\",\"contentUrl\":\"https:\/\/www.nathalie-yoga.com\/wp-content\/uploads\/2021\/12\/IMG_05911-scaled.jpg\",\"width\":1920,\"height\":2560},{\"@type\":\"BreadcrumbList\",\"@id\":\"https:\/\/www.nathalie-yoga.com\/index.php\/lieux\/#breadcrumb\",\"itemListElement\":[{\"@type\":\"ListItem\",\"position\":1,\"name\":\"Accueil\",\"item\":\"https:\/\/www.nathalie-yoga.com\/\"},{\"@type\":\"ListItem\",\"position\":2,\"name\":\"Lieux\"}]},{\"@type\":\"WebSite\",\"@id\":\"https:\/\/www.nathalie-yoga.com\/#website\",\"url\":\"https:\/\/www.nathalie-yoga.com\/\",\"name\":\"NAThalie-YOGA\",\"description\":\"Ayurveda &amp; Yoga\",\"publisher\":{\"@id\":\"https:\/\/www.nathalie-yoga.com\/#organization\"},\"potentialAction\":[{\"@type\":\"SearchAction\",\"target\":{\"@type\":\"EntryPoint\",\"urlTemplate\":\"https:\/\/www.nathalie-yoga.com\/?s={search_term_string}\"},\"query-input\":{\"@type\":\"PropertyValueSpecification\",\"valueRequired\":true,\"valueName\":\"search_term_string\"}}],\"inLanguage\":\"fr-FR\"},{\"@type\":\"Organization\",\"@id\":\"https:\/\/www.nathalie-yoga.com\/#organization\",\"name\":\"NAThalie-YOGA\",\"url\":\"https:\/\/www.nathalie-yoga.com\/\",\"logo\":{\"@type\":\"ImageObject\",\"inLanguage\":\"fr-FR\",\"@id\":\"https:\/\/www.nathalie-yoga.com\/#\/schema\/logo\/image\/\",\"url\":\"https:\/\/www.nathalie-yoga.com\/wp-content\/uploads\/2021\/11\/cropped-LogoSiteCercleCouleur.png\",\"contentUrl\":\"https:\/\/www.nathalie-yoga.com\/wp-content\/uploads\/2021\/11\/cropped-LogoSiteCercleCouleur.png\",\"width\":168,\"height\":204,\"caption\":\"NAThalie-YOGA\"},\"image\":{\"@id\":\"https:\/\/www.nathalie-yoga.com\/#\/schema\/logo\/image\/\"},\"sameAs\":[\"https:\/\/www.facebook.com\/Nathalieyoga-105104835221700\",\"https:\/\/studio.youtube.com\/channel\/UCIzlfL2iLtNhlW_xsvmi7-g\/videos\/upload?filter=[]&amp;sort={&quot;columnType&quot;:&quot;date&quot;,&quot;sortOrder&quot;DESCENDING&quot;}\"]}]}<\/script>\n<!-- \/ Yoast SEO plugin. -->","yoast_head_json":{"title":"Lieux - NAThalie-YOGA","description":"PLUSIEURS lieux sont pr\u00e9vus \u00e0 Saint-Junien et Charente. Lieux de pratique pour mieux vous servir et des lieux de Stages pour ce d\u00e9couvrir.","robots":{"index":"index","follow":"follow","max-snippet":"max-snippet:-1","max-image-preview":"max-image-preview:large","max-video-preview":"max-video-preview:-1"},"canonical":"https:\/\/www.nathalie-yoga.com\/index.php\/lieux\/","og_locale":"fr_FR","og_type":"article","og_title":"Lieux - NAThalie-YOGA","og_description":"PLUSIEURS lieux sont pr\u00e9vus \u00e0 Saint-Junien et Charente. Lieux de pratique pour mieux vous servir et des lieux de Stages pour ce d\u00e9couvrir.","og_url":"https:\/\/www.nathalie-yoga.com\/index.php\/lieux\/","og_site_name":"NAThalie-YOGA","article_publisher":"https:\/\/www.facebook.com\/Nathalieyoga-105104835221700","article_modified_time":"2025-08-14T09:19:36+00:00","og_image":[{"width":1920,"height":2560,"url":"https:\/\/www.nathalie-yoga.com\/wp-content\/uploads\/2021\/12\/IMG_05911-scaled.jpg","type":"image\/jpeg"}],"twitter_card":"summary_large_image","twitter_misc":{"Dur\u00e9e de lecture estim\u00e9e":"2 minutes"},"schema":{"@context":"https:\/\/schema.org","@graph":[{"@type":"WebPage","@id":"https:\/\/www.nathalie-yoga.com\/index.php\/lieux\/","url":"https:\/\/www.nathalie-yoga.com\/index.php\/lieux\/","name":"Lieux - NAThalie-YOGA","isPartOf":{"@id":"https:\/\/www.nathalie-yoga.com\/#website"},"primaryImageOfPage":{"@id":"https:\/\/www.nathalie-yoga.com\/index.php\/lieux\/#primaryimage"},"image":{"@id":"https:\/\/www.nathalie-yoga.com\/index.php\/lieux\/#primaryimage"},"thumbnailUrl":"https:\/\/www.nathalie-yoga.com\/wp-content\/uploads\/2021\/12\/IMG_05911-768x1024.jpg","datePublished":"2021-08-09T21:52:16+00:00","dateModified":"2025-08-14T09:19:36+00:00","description":"PLUSIEURS lieux sont pr\u00e9vus \u00e0 Saint-Junien et Charente. Lieux de pratique pour mieux vous servir et des lieux de Stages pour ce d\u00e9couvrir.","breadcrumb":{"@id":"https:\/\/www.nathalie-yoga.com\/index.php\/lieux\/#breadcrumb"},"inLanguage":"fr-FR","potentialAction":[{"@type":"ReadAction","target":["https:\/\/www.nathalie-yoga.com\/index.php\/lieux\/"]}]},{"@type":"ImageObject","inLanguage":"fr-FR","@id":"https:\/\/www.nathalie-yoga.com\/index.php\/lieux\/#primaryimage","url":"https:\/\/www.nathalie-yoga.com\/wp-content\/uploads\/2021\/12\/IMG_05911-scaled.jpg","contentUrl":"https:\/\/www.nathalie-yoga.com\/wp-content\/uploads\/2021\/12\/IMG_05911-scaled.jpg","width":1920,"height":2560},{"@type":"BreadcrumbList","@id":"https:\/\/www.nathalie-yoga.com\/index.php\/lieux\/#breadcrumb","itemListElement":[{"@type":"ListItem","position":1,"name":"Accueil","item":"https:\/\/www.nathalie-yoga.com\/"},{"@type":"ListItem","position":2,"name":"Lieux"}]},{"@type":"WebSite","@id":"https:\/\/www.nathalie-yoga.com\/#website","url":"https:\/\/www.nathalie-yoga.com\/","name":"NAThalie-YOGA","description":"Ayurveda &amp; Yoga","publisher":{"@id":"https:\/\/www.nathalie-yoga.com\/#organization"},"potentialAction":[{"@type":"SearchAction","target":{"@type":"EntryPoint","urlTemplate":"https:\/\/www.nathalie-yoga.com\/?s={search_term_string}"},"query-input":{"@type":"PropertyValueSpecification","valueRequired":true,"valueName":"search_term_string"}}],"inLanguage":"fr-FR"},{"@type":"Organization","@id":"https:\/\/www.nathalie-yoga.com\/#organization","name":"NAThalie-YOGA","url":"https:\/\/www.nathalie-yoga.com\/","logo":{"@type":"ImageObject","inLanguage":"fr-FR","@id":"https:\/\/www.nathalie-yoga.com\/#\/schema\/logo\/image\/","url":"https:\/\/www.nathalie-yoga.com\/wp-content\/uploads\/2021\/11\/cropped-LogoSiteCercleCouleur.png","contentUrl":"https:\/\/www.nathalie-yoga.com\/wp-content\/uploads\/2021\/11\/cropped-LogoSiteCercleCouleur.png","width":168,"height":204,"caption":"NAThalie-YOGA"},"image":{"@id":"https:\/\/www.nathalie-yoga.com\/#\/schema\/logo\/image\/"},"sameAs":["https:\/\/www.facebook.com\/Nathalieyoga-105104835221700","https:\/\/studio.youtube.com\/channel\/UCIzlfL2iLtNhlW_xsvmi7-g\/videos\/upload?filter=[]&amp;sort={&quot;columnType&quot;:&quot;date&quot;,&quot;sortOrder&quot;DESCENDING&quot;}"]}]}},"jetpack_sharing_enabled":false,"_links":{"self":[{"href":"https:\/\/www.nathalie-yoga.com\/index.php\/wp-json\/wp\/v2\/pages\/41","targetHints":{"allow":["GET"]}}],"collection":[{"href":"https:\/\/www.nathalie-yoga.com\/index.php\/wp-json\/wp\/v2\/pages"}],"about":[{"href":"https:\/\/www.nathalie-yoga.com\/index.php\/wp-json\/wp\/v2\/types\/page"}],"author":[{"embeddable":true,"href":"https:\/\/www.nathalie-yoga.com\/index.php\/wp-json\/wp\/v2\/users\/1"}],"replies":[{"embeddable":true,"href":"https:\/\/www.nathalie-yoga.com\/index.php\/wp-json\/wp\/v2\/comments?post=41"}],"version-history":[{"count":26,"href":"https:\/\/www.nathalie-yoga.com\/index.php\/wp-json\/wp\/v2\/pages\/41\/revisions"}],"predecessor-version":[{"id":1618,"href":"https:\/\/www.nathalie-yoga.com\/index.php\/wp-json\/wp\/v2\/pages\/41\/revisions\/1618"}],"wp:attachment":[{"href":"https:\/\/www.nathalie-yoga.com\/index.php\/wp-json\/wp\/v2\/media?parent=41"}],"curies":[{"name":"wp","href":"https:\/\/api.w.org\/{rel}","templated":true}]}}