{"id":29,"date":"2021-08-09T23:48:57","date_gmt":"2021-08-09T21:48:57","guid":{"rendered":"http:\/\/www.nathalie-yoga.com\/?page_id=29"},"modified":"2023-08-11T20:35:42","modified_gmt":"2023-08-11T18:35:42","slug":"routine","status":"publish","type":"page","link":"https:\/\/www.nathalie-yoga.com\/index.php\/routine\/","title":{"rendered":"Routine"},"content":{"rendered":"\n<p class=\"has-text-align-center has-accent-2-color has-accent-1-background-color has-text-color has-background has-large-font-size\"><strong>Le massage du corps , l\u2019auto-massage<\/strong> Abhyanga<\/p>\n\n\n\n<p class=\"has-text-align-center has-accent-2-color has-text-color has-large-font-size\"><strong>Routine ou Dinacharya <\/strong><\/p>\n\n\n\n<p class=\"has-accent-2-color has-text-color has-large-font-size\">En  Ayurv\u00e9da, science mill\u00e9naire, l&rsquo;hygi\u00e8ne de vie est un des piliers de la sant\u00e9<\/p>\n\n\n\n<p><\/p>\n\n\n\n<p class=\"has-accent-2-color has-text-color has-large-font-size\">L&rsquo;Auto-massage , le massage ayurv\u00e9dique avec des huiles et plantes mac\u00e9re\u00e9s, est une partie fondatrice et essentielle de la routine quotidienne recommand\u00e9e par l\u2019Ayurv\u00e9da.<\/p>\n\n\n\n<p class=\"has-accent-2-color has-text-color has-large-font-size\">On trouve dans les textes ayurv\u00e9diques fondateurs les premi\u00e8res recommandations pour la pratique de l&rsquo;auto-massage ayurv\u00e9dique. L\u2019un des Veda dit&nbsp;:<\/p>\n\n\n\n<p class=\"has-accent-2-color has-text-color has-large-font-size\"><strong>\u00ab&nbsp;Massez-vous chaque jour tout le corps avec de l\u2019huile. C\u2019est nourrissant, cela apaise vos doshas , donne de l\u2019\u00e9nergie, de l\u2019endurance, du plaisir et du sommeil. La malaxation de la peau augmente sa long\u00e9vit\u00e9 et nourrit toutes les parties du corps.&nbsp;\u00bb.<\/strong><\/p>\n\n\n\n<p class=\"has-accent-2-color has-text-color has-large-font-size\">Selon l&rsquo;Ashtanga Hridayam ( ouvrage majeure de l&rsquo;Ayurv\u00e9da), cette pratique faite quotidiennement aurait pour effets:<\/p>\n\n\n\n<p class=\"has-accent-2-color has-text-color has-large-font-size\"><strong>Retarde le vieillissement, compense l&rsquo;effort et l&rsquo;aggravation de Vata ( air et \u00e9ther) : tendance \u00e0 la s\u00e9cheresse de la peau et muqueuses, am\u00e9liore la vue (feu) concerne les Pitta ( feu + eau ), nourrit les tissus ( dathus)  du corps, conf\u00e8re un bon sommeil et une peau saine cible pour les Kapha ( terre +eau), la  peau  est plus grasse et \u00e9paisse qui peut \u00eatre source de kyste d&rsquo; \u00e9cz\u00e9ma purulent, acn\u00e9 juv\u00e9nile et acn\u00e9 tardive .<\/strong><\/p>\n\n\n\n<p class=\"has-accent-2-color has-text-color has-large-font-size\">Le&nbsp;<strong>massage \u00e0 l\u2019huile<\/strong> chaude&nbsp;est<strong>&nbsp;b\u00e9n\u00e9fique \u00e0 toutes les constitutions<\/strong>, autant pour les personnes en bonne sant\u00e9 que celles qui souffrent de d\u00e9sordres divers.<\/p>\n\n\n<div class=\"wp-block-image\">\n<figure class=\"aligncenter size-large\"><img loading=\"lazy\" decoding=\"async\" width=\"1024\" height=\"559\" src=\"https:\/\/www.nathalie-yoga.com\/wp-content\/uploads\/2021\/08\/RoutineG-1024x559.jpg\" alt=\"\" class=\"wp-image-400\" srcset=\"https:\/\/www.nathalie-yoga.com\/wp-content\/uploads\/2021\/08\/RoutineG-1024x559.jpg 1024w, https:\/\/www.nathalie-yoga.com\/wp-content\/uploads\/2021\/08\/RoutineG-300x164.jpg 300w, https:\/\/www.nathalie-yoga.com\/wp-content\/uploads\/2021\/08\/RoutineG-768x419.jpg 768w, https:\/\/www.nathalie-yoga.com\/wp-content\/uploads\/2021\/08\/RoutineG-549x300.jpg 549w, https:\/\/www.nathalie-yoga.com\/wp-content\/uploads\/2021\/08\/RoutineG.jpg 1238w\" sizes=\"auto, (max-width: 1024px) 100vw, 1024px\" \/><\/figure><\/div>\n\n\n<p class=\"has-text-align-center has-accent-2-color has-accent-1-background-color has-text-color has-background has-large-font-size\">L&rsquo;auto-massage en Pratique.<\/p>\n\n\n\n<h2 class=\"has-text-align-center has-accent-2-color has-text-color has-large-font-size wp-block-heading\"><strong>En pratique<\/strong><\/h2>\n\n\n\n<p class=\"has-accent-2-color has-text-color has-large-font-size\">Contrairement \u00e0 nos habitudes occidentales, il est conseill\u00e9 de pratiquer l\u2019auto massage&nbsp;<strong>avant la douche<\/strong>&nbsp;ou le bain pour en retirer tous les bienfaits.<\/p>\n\n\n\n<p class=\"has-accent-2-color has-text-color has-large-font-size\">Pr\u00e9voir entre 10 et 20 minutes minimum pour le massage du corps entier.<\/p>\n\n\n\n<p class=\"has-accent-2-color has-text-color has-large-font-size\">Installez vous dans une pi\u00e8ce ou vous ne risquez pas d\u2019\u00eatre d\u00e9rang\u00e9(e), pr\u00e9alablement chauff\u00e9e si besoin. Vous pouvez cr\u00e9er votre atmosph\u00e8re, vous approprier ce moment de d\u00e9tente en y ajoutant des &nbsp;senteurs apaisantes, bougies, musique douce\u2026<\/p>\n\n\n\n<p class=\"has-accent-2-color has-text-color has-large-font-size\">Assurez vous d\u2019avoir ce dont vous avez besoin pour l\u2019auto massage \u00e0 port\u00e9e de main, pour \u00e9viter de circuler les pieds huil\u00e9s&nbsp;!<\/p>\n\n\n\n<p class=\"has-accent-2-color has-text-color has-large-font-size\">Pour les personnes de constitution<strong>&nbsp;Vata,<\/strong>&nbsp;il est conseill\u00e9 de faire ce massage sur une&nbsp;<strong>base quotidienne<\/strong>&nbsp;autant que possible, en \u00e9t\u00e9 pour les Vata qui s&rsquo;ass\u00e9chent encore  plus dans cette p\u00e9riode. Les personnes <strong>&nbsp;Pitta&nbsp;<\/strong>ou<strong>&nbsp;Kapha<\/strong>&nbsp;ont moins besoin de le faire tous les jours, n\u00e9anmoins comme \u00e9crit dans les textes, le massage auto- Abhyanga devrait \u00eatre fait tous les jours notamment \u00e0 partir de 50 ans, \u00e0 la pr\u00e9-m\u00e9nopause,\u00e0 la m\u00e9nopause et en hiver lorsque le froid est particuli\u00e8rement sec.  <\/p>\n\n\n\n<h2 class=\"has-text-align-center has-accent-2-color has-text-color has-large-font-size wp-block-heading\"><em>Le d\u00e9roulement de l\u2019auto-massage<\/em><\/h2>\n\n\n\n<p class=\"has-accent-2-color has-text-color has-large-font-size\">Faites chauffer l\u2019huile dans un bain marie ou dans vos mains en les frottant l\u2019une contre l\u2019autre. Il est pr\u00e9f\u00e9rable que l\u2019huile soit ti\u00e8de, mais jamais br\u00fblante.<\/p>\n\n\n\n<p class=\"has-accent-2-color has-text-color has-large-font-size\">Commencez le massage par le sommet du cr\u00e2ne, versez une cuill\u00e8re \u00e0 soupe d\u2019huile chaude sur le cuir chevelu. En utilisant les paumes de la main et non les doigts faites p\u00e9n\u00e9trer l\u2019huile en massant vigoureusement. Couvrez toute la surface du cr\u00e2ne en proc\u00e9dant par petite application circulaire, comme si vous faisiez un shampooing.<\/p>\n\n\n\n<p class=\"has-accent-2-color has-text-color has-large-font-size\">Puis continuez en vous massant plus doucement le visage par des gestes sym\u00e9triques de part et d\u2019autres (front, orbites, tempes, maxillaires, nez). Un massage doux pratiqu\u00e9 sur les tempes et le dos des oreilles s\u2019av\u00e8re particuli\u00e8rement bon pour apaiser le dosha Vata.<\/p>\n\n\n\n<p class=\"has-accent-2-color has-text-color has-large-font-size\">Versez un peu d\u2019huile sur les mains et masser le cou devant et derri\u00e8re puis les \u00e9paules. Utiliser les paumes de la main ainsi que les doigts.<\/p>\n\n\n\n<p class=\"has-accent-2-color has-text-color has-large-font-size\">Massez vigoureusement les bras en faisant des mouvements en longueur, d\u2019avant en arri\u00e8re sur les parties allong\u00e9es des bras et des mouvements circulaires au niveau des \u00e9paules des coudes.&nbsp; Il est important de ne pas masser trop vigoureusement au niveau du tronc.<\/p>\n\n\n\n<p class=\"has-accent-2-color has-text-color has-large-font-size\">Par des mouvements circulaires doux et amples, massez la poitrine, l\u2019estomac et le bas du ventre. L\u2019Ayurveda recommande de faire des mouvements dans le sens des aiguilles&nbsp; d\u2019une montre.<\/p>\n\n\n\n<p class=\"has-accent-2-color has-text-color has-large-font-size\">Massez le sternum par des mouvements de haut en bas.<\/p>\n\n\n\n<p class=\"has-accent-2-color has-text-color has-large-font-size\">Massez les jambes en proc\u00e9dant de la m\u00eame mani\u00e8re que pour les bras, mouvements circulaires sur les chevilles et genoux, mouvements en longueur sur les parties cuisses et  jambes. Avec le peu d\u2019huile qui restera,&nbsp; masser vigoureusement les pieds, dessus et dessous&nbsp; ainsi que les orteils.<\/p>\n\n\n\n<p class=\"has-text-align-center has-accent-2-color has-text-color has-large-font-size\"><strong>Prenez un bain ou une douche 20 \u00e0 30 minutes apr\u00e8s le massage.<\/strong><\/p>\n\n\n\n<p class=\"has-accent-2-color has-text-color has-large-font-size\"><em>Le fait de prendre une douche ou un bain 30 minutes apr\u00e8s le massage est important pour deux raisons&nbsp;:<\/em><\/p>\n\n\n\n<p class=\"has-accent-2-color has-text-color has-large-font-size\"><em>\u2013&nbsp;&nbsp;&nbsp;&nbsp;&nbsp;&nbsp;&nbsp;&nbsp;&nbsp;&nbsp;&nbsp;&nbsp;&nbsp; Promouvoir l\u2019absorption de l\u2019huile dans les tissus, la chaleur favorise la dilation des pores de la peau et de  fait la p\u00e9n\u00e9tration de l\u2019huile.<\/em><\/p>\n\n\n\n<p class=\"has-accent-2-color has-text-color has-large-font-size\"><em>\u2013&nbsp;&nbsp;&nbsp;&nbsp;&nbsp;&nbsp;&nbsp;&nbsp;&nbsp;&nbsp;&nbsp;&nbsp;&nbsp; Enlevez l\u2019exc\u00e8s d\u2019huile sans savon est essentiel, juste l&rsquo;eau chaude . Les types Vata devraient laisser un peu \u2019huile pour prot\u00e9ger la surface de la peau qui est naturellement plus s\u00e8che.<\/em><\/p>\n\n\n\n<p class=\"has-accent-2-color has-text-color has-large-font-size\">Pour les types vata,  l&rsquo;utilisation d&rsquo;une serviette apr\u00e8s le bain ou la douche, devrait \u00eatre de faite de fa\u00e7on \u00ab\u00a0tamponnage\u00a0\u00bb afin d&rsquo;ass\u00e9cher l&rsquo;eau mais l&rsquo;huile  .<\/p>\n\n\n\n<p class=\"has-accent-2-color has-text-color has-large-font-size\"><em>Est-ce une pratique que vous avez d\u00e9j\u00e0 mis en place dans votre<strong>&nbsp;rituel bien \u00eatre<\/strong>&nbsp;?<\/em><\/p>\n\n\n\n<p class=\"has-accent-2-color has-text-color has-large-font-size\"><em> Comment vous sentez vous apr\u00e8s l\u2019auto massage&nbsp;? votre peau est elle plus souple&nbsp;?<\/em><\/p>\n\n\n\n<p class=\"has-accent-2-color has-text-color has-large-font-size\">Si vous le souhaitez laissez moi des commentaires sur votre   pratique, les aspects de la peau apr\u00e8s, sur vos  ressentis &#8230;&#8230;etc&#8230;. <\/p>\n\n\n\n<p class=\"has-large-font-size\">Nathalie Sineux<\/p>\n<!--CusAds0-->\n<div style=\"font-size: 0px; height: 0px; line-height: 0px; margin: 0; padding: 0; clear: both;\"><\/div>","protected":false},"excerpt":{"rendered":"<p>Le massage du corps , l\u2019auto-massage Abhyanga Routine ou Dinacharya En Ayurv\u00e9da, science mill\u00e9naire, l&rsquo;hygi\u00e8ne de vie est un des piliers de la sant\u00e9 L&rsquo;Auto-massage &hellip;<\/p>\n","protected":false},"author":1,"featured_media":450,"parent":0,"menu_order":0,"comment_status":"closed","ping_status":"closed","template":"","meta":{"footnotes":""},"class_list":["post-29","page","type-page","status-publish","has-post-thumbnail","hentry"],"yoast_head":"<!-- This site is optimized with the Yoast SEO plugin v23.7 - https:\/\/yoast.com\/wordpress\/plugins\/seo\/ -->\n<title>Routine - NAThalie-YOGA - Ayurv\u00e9da<\/title>\n<meta name=\"description\" content=\"Le massage ayurv\u00e9dique aux huiles et plantes mac\u00e9rer appel\u00e9 Abhyanga et une partie fondatrice et essentielle de la routine quotidienne.\" \/>\n<meta name=\"robots\" content=\"index, follow, max-snippet:-1, max-image-preview:large, max-video-preview:-1\" \/>\n<link rel=\"canonical\" href=\"https:\/\/www.nathalie-yoga.com\/index.php\/routine\/\" \/>\n<meta property=\"og:locale\" content=\"fr_FR\" \/>\n<meta property=\"og:type\" content=\"article\" \/>\n<meta property=\"og:title\" content=\"Routine - NAThalie-YOGA - Ayurv\u00e9da\" \/>\n<meta property=\"og:description\" content=\"Le massage ayurv\u00e9dique aux huiles et plantes mac\u00e9rer appel\u00e9 Abhyanga et une partie fondatrice et essentielle de la routine quotidienne.\" \/>\n<meta property=\"og:url\" content=\"https:\/\/www.nathalie-yoga.com\/index.php\/routine\/\" \/>\n<meta property=\"og:site_name\" content=\"NAThalie-YOGA\" \/>\n<meta property=\"article:publisher\" content=\"https:\/\/www.facebook.com\/Nathalieyoga-105104835221700\" \/>\n<meta property=\"article:modified_time\" content=\"2023-08-11T18:35:42+00:00\" \/>\n<meta property=\"og:image\" content=\"https:\/\/www.nathalie-yoga.com\/wp-content\/uploads\/2021\/08\/RoutineSlide.jpg\" \/>\n\t<meta property=\"og:image:width\" content=\"1238\" \/>\n\t<meta property=\"og:image:height\" content=\"676\" \/>\n\t<meta property=\"og:image:type\" content=\"image\/jpeg\" \/>\n<meta name=\"twitter:card\" content=\"summary_large_image\" \/>\n<meta name=\"twitter:label1\" content=\"Dur\u00e9e de lecture estim\u00e9e\" \/>\n\t<meta name=\"twitter:data1\" content=\"5 minutes\" \/>\n<script type=\"application\/ld+json\" class=\"yoast-schema-graph\">{\"@context\":\"https:\/\/schema.org\",\"@graph\":[{\"@type\":\"WebPage\",\"@id\":\"https:\/\/www.nathalie-yoga.com\/index.php\/routine\/\",\"url\":\"https:\/\/www.nathalie-yoga.com\/index.php\/routine\/\",\"name\":\"Routine - NAThalie-YOGA - Ayurv\u00e9da\",\"isPartOf\":{\"@id\":\"https:\/\/www.nathalie-yoga.com\/#website\"},\"primaryImageOfPage\":{\"@id\":\"https:\/\/www.nathalie-yoga.com\/index.php\/routine\/#primaryimage\"},\"image\":{\"@id\":\"https:\/\/www.nathalie-yoga.com\/index.php\/routine\/#primaryimage\"},\"thumbnailUrl\":\"https:\/\/www.nathalie-yoga.com\/wp-content\/uploads\/2021\/08\/RoutineSlide.jpg\",\"datePublished\":\"2021-08-09T21:48:57+00:00\",\"dateModified\":\"2023-08-11T18:35:42+00:00\",\"description\":\"Le massage ayurv\u00e9dique aux huiles et plantes mac\u00e9rer appel\u00e9 Abhyanga et une partie fondatrice et essentielle de la routine quotidienne.\",\"breadcrumb\":{\"@id\":\"https:\/\/www.nathalie-yoga.com\/index.php\/routine\/#breadcrumb\"},\"inLanguage\":\"fr-FR\",\"potentialAction\":[{\"@type\":\"ReadAction\",\"target\":[\"https:\/\/www.nathalie-yoga.com\/index.php\/routine\/\"]}]},{\"@type\":\"ImageObject\",\"inLanguage\":\"fr-FR\",\"@id\":\"https:\/\/www.nathalie-yoga.com\/index.php\/routine\/#primaryimage\",\"url\":\"https:\/\/www.nathalie-yoga.com\/wp-content\/uploads\/2021\/08\/RoutineSlide.jpg\",\"contentUrl\":\"https:\/\/www.nathalie-yoga.com\/wp-content\/uploads\/2021\/08\/RoutineSlide.jpg\",\"width\":1238,\"height\":676},{\"@type\":\"BreadcrumbList\",\"@id\":\"https:\/\/www.nathalie-yoga.com\/index.php\/routine\/#breadcrumb\",\"itemListElement\":[{\"@type\":\"ListItem\",\"position\":1,\"name\":\"Accueil\",\"item\":\"https:\/\/www.nathalie-yoga.com\/\"},{\"@type\":\"ListItem\",\"position\":2,\"name\":\"Routine\"}]},{\"@type\":\"WebSite\",\"@id\":\"https:\/\/www.nathalie-yoga.com\/#website\",\"url\":\"https:\/\/www.nathalie-yoga.com\/\",\"name\":\"NAThalie-YOGA\",\"description\":\"Ayurveda &amp; Yoga\",\"publisher\":{\"@id\":\"https:\/\/www.nathalie-yoga.com\/#organization\"},\"potentialAction\":[{\"@type\":\"SearchAction\",\"target\":{\"@type\":\"EntryPoint\",\"urlTemplate\":\"https:\/\/www.nathalie-yoga.com\/?s={search_term_string}\"},\"query-input\":{\"@type\":\"PropertyValueSpecification\",\"valueRequired\":true,\"valueName\":\"search_term_string\"}}],\"inLanguage\":\"fr-FR\"},{\"@type\":\"Organization\",\"@id\":\"https:\/\/www.nathalie-yoga.com\/#organization\",\"name\":\"NAThalie-YOGA\",\"url\":\"https:\/\/www.nathalie-yoga.com\/\",\"logo\":{\"@type\":\"ImageObject\",\"inLanguage\":\"fr-FR\",\"@id\":\"https:\/\/www.nathalie-yoga.com\/#\/schema\/logo\/image\/\",\"url\":\"https:\/\/www.nathalie-yoga.com\/wp-content\/uploads\/2021\/11\/cropped-LogoSiteCercleCouleur.png\",\"contentUrl\":\"https:\/\/www.nathalie-yoga.com\/wp-content\/uploads\/2021\/11\/cropped-LogoSiteCercleCouleur.png\",\"width\":168,\"height\":204,\"caption\":\"NAThalie-YOGA\"},\"image\":{\"@id\":\"https:\/\/www.nathalie-yoga.com\/#\/schema\/logo\/image\/\"},\"sameAs\":[\"https:\/\/www.facebook.com\/Nathalieyoga-105104835221700\",\"https:\/\/studio.youtube.com\/channel\/UCIzlfL2iLtNhlW_xsvmi7-g\/videos\/upload?filter=[]&amp;sort={&quot;columnType&quot;:&quot;date&quot;,&quot;sortOrder&quot;DESCENDING&quot;}\"]}]}<\/script>\n<!-- \/ Yoast SEO plugin. -->","yoast_head_json":{"title":"Routine - NAThalie-YOGA - Ayurv\u00e9da","description":"Le massage ayurv\u00e9dique aux huiles et plantes mac\u00e9rer appel\u00e9 Abhyanga et une partie fondatrice et essentielle de la routine quotidienne.","robots":{"index":"index","follow":"follow","max-snippet":"max-snippet:-1","max-image-preview":"max-image-preview:large","max-video-preview":"max-video-preview:-1"},"canonical":"https:\/\/www.nathalie-yoga.com\/index.php\/routine\/","og_locale":"fr_FR","og_type":"article","og_title":"Routine - NAThalie-YOGA - Ayurv\u00e9da","og_description":"Le massage ayurv\u00e9dique aux huiles et plantes mac\u00e9rer appel\u00e9 Abhyanga et une partie fondatrice et essentielle de la routine quotidienne.","og_url":"https:\/\/www.nathalie-yoga.com\/index.php\/routine\/","og_site_name":"NAThalie-YOGA","article_publisher":"https:\/\/www.facebook.com\/Nathalieyoga-105104835221700","article_modified_time":"2023-08-11T18:35:42+00:00","og_image":[{"width":1238,"height":676,"url":"https:\/\/www.nathalie-yoga.com\/wp-content\/uploads\/2021\/08\/RoutineSlide.jpg","type":"image\/jpeg"}],"twitter_card":"summary_large_image","twitter_misc":{"Dur\u00e9e de lecture estim\u00e9e":"5 minutes"},"schema":{"@context":"https:\/\/schema.org","@graph":[{"@type":"WebPage","@id":"https:\/\/www.nathalie-yoga.com\/index.php\/routine\/","url":"https:\/\/www.nathalie-yoga.com\/index.php\/routine\/","name":"Routine - NAThalie-YOGA - Ayurv\u00e9da","isPartOf":{"@id":"https:\/\/www.nathalie-yoga.com\/#website"},"primaryImageOfPage":{"@id":"https:\/\/www.nathalie-yoga.com\/index.php\/routine\/#primaryimage"},"image":{"@id":"https:\/\/www.nathalie-yoga.com\/index.php\/routine\/#primaryimage"},"thumbnailUrl":"https:\/\/www.nathalie-yoga.com\/wp-content\/uploads\/2021\/08\/RoutineSlide.jpg","datePublished":"2021-08-09T21:48:57+00:00","dateModified":"2023-08-11T18:35:42+00:00","description":"Le massage ayurv\u00e9dique aux huiles et plantes mac\u00e9rer appel\u00e9 Abhyanga et une partie fondatrice et essentielle de la routine quotidienne.","breadcrumb":{"@id":"https:\/\/www.nathalie-yoga.com\/index.php\/routine\/#breadcrumb"},"inLanguage":"fr-FR","potentialAction":[{"@type":"ReadAction","target":["https:\/\/www.nathalie-yoga.com\/index.php\/routine\/"]}]},{"@type":"ImageObject","inLanguage":"fr-FR","@id":"https:\/\/www.nathalie-yoga.com\/index.php\/routine\/#primaryimage","url":"https:\/\/www.nathalie-yoga.com\/wp-content\/uploads\/2021\/08\/RoutineSlide.jpg","contentUrl":"https:\/\/www.nathalie-yoga.com\/wp-content\/uploads\/2021\/08\/RoutineSlide.jpg","width":1238,"height":676},{"@type":"BreadcrumbList","@id":"https:\/\/www.nathalie-yoga.com\/index.php\/routine\/#breadcrumb","itemListElement":[{"@type":"ListItem","position":1,"name":"Accueil","item":"https:\/\/www.nathalie-yoga.com\/"},{"@type":"ListItem","position":2,"name":"Routine"}]},{"@type":"WebSite","@id":"https:\/\/www.nathalie-yoga.com\/#website","url":"https:\/\/www.nathalie-yoga.com\/","name":"NAThalie-YOGA","description":"Ayurveda &amp; Yoga","publisher":{"@id":"https:\/\/www.nathalie-yoga.com\/#organization"},"potentialAction":[{"@type":"SearchAction","target":{"@type":"EntryPoint","urlTemplate":"https:\/\/www.nathalie-yoga.com\/?s={search_term_string}"},"query-input":{"@type":"PropertyValueSpecification","valueRequired":true,"valueName":"search_term_string"}}],"inLanguage":"fr-FR"},{"@type":"Organization","@id":"https:\/\/www.nathalie-yoga.com\/#organization","name":"NAThalie-YOGA","url":"https:\/\/www.nathalie-yoga.com\/","logo":{"@type":"ImageObject","inLanguage":"fr-FR","@id":"https:\/\/www.nathalie-yoga.com\/#\/schema\/logo\/image\/","url":"https:\/\/www.nathalie-yoga.com\/wp-content\/uploads\/2021\/11\/cropped-LogoSiteCercleCouleur.png","contentUrl":"https:\/\/www.nathalie-yoga.com\/wp-content\/uploads\/2021\/11\/cropped-LogoSiteCercleCouleur.png","width":168,"height":204,"caption":"NAThalie-YOGA"},"image":{"@id":"https:\/\/www.nathalie-yoga.com\/#\/schema\/logo\/image\/"},"sameAs":["https:\/\/www.facebook.com\/Nathalieyoga-105104835221700","https:\/\/studio.youtube.com\/channel\/UCIzlfL2iLtNhlW_xsvmi7-g\/videos\/upload?filter=[]&amp;sort={&quot;columnType&quot;:&quot;date&quot;,&quot;sortOrder&quot;DESCENDING&quot;}"]}]}},"jetpack_sharing_enabled":false,"_links":{"self":[{"href":"https:\/\/www.nathalie-yoga.com\/index.php\/wp-json\/wp\/v2\/pages\/29","targetHints":{"allow":["GET"]}}],"collection":[{"href":"https:\/\/www.nathalie-yoga.com\/index.php\/wp-json\/wp\/v2\/pages"}],"about":[{"href":"https:\/\/www.nathalie-yoga.com\/index.php\/wp-json\/wp\/v2\/types\/page"}],"author":[{"embeddable":true,"href":"https:\/\/www.nathalie-yoga.com\/index.php\/wp-json\/wp\/v2\/users\/1"}],"replies":[{"embeddable":true,"href":"https:\/\/www.nathalie-yoga.com\/index.php\/wp-json\/wp\/v2\/comments?post=29"}],"version-history":[{"count":9,"href":"https:\/\/www.nathalie-yoga.com\/index.php\/wp-json\/wp\/v2\/pages\/29\/revisions"}],"predecessor-version":[{"id":1409,"href":"https:\/\/www.nathalie-yoga.com\/index.php\/wp-json\/wp\/v2\/pages\/29\/revisions\/1409"}],"wp:featuredmedia":[{"embeddable":true,"href":"https:\/\/www.nathalie-yoga.com\/index.php\/wp-json\/wp\/v2\/media\/450"}],"wp:attachment":[{"href":"https:\/\/www.nathalie-yoga.com\/index.php\/wp-json\/wp\/v2\/media?parent=29"}],"curies":[{"name":"wp","href":"https:\/\/api.w.org\/{rel}","templated":true}]}}