{"id":262,"date":"2021-08-17T16:53:48","date_gmt":"2021-08-17T14:53:48","guid":{"rendered":"https:\/\/www.nathalie-yoga.com\/?page_id=262"},"modified":"2025-08-14T11:39:39","modified_gmt":"2025-08-14T09:39:39","slug":"mentions-legales","status":"publish","type":"page","link":"https:\/\/www.nathalie-yoga.com\/index.php\/mentions-legales\/","title":{"rendered":"Mentions l\u00e9gales"},"content":{"rendered":"\n<h2 class=\"wp-block-heading has-accent-2-color has-accent-1-background-color has-text-color has-background has-large-font-size\">Mentions l\u00e9gales du site<\/h2>\n\n\n\n<p class=\"has-accent-2-color has-text-color has-large-font-size\">Merci de lire avec attention les diff\u00e9rentes modalit\u00e9s d\u2019utilisation du pr\u00e9sent site avant d\u2019y parcourir ses pages. En vous connectant sur ce site, vous acceptez, sans r\u00e9serves, les pr\u00e9sentes modalit\u00e9s.<\/p>\n\n\n\n<p class=\"has-accent-2-color has-text-color has-large-font-size\">Aussi, conform\u00e9ment \u00e0 l\u2019article n\u00b06 de la Loi n\u00b02004-575 du 21 Juin 2004 pour la confiance dans l\u2019\u00e9conomie num\u00e9rique, les responsables du pr\u00e9sent site internet <a href=\"http:\/\/www.nathalie-yoga.com\/t\">www.nathalie-yoga.com<\/a> sont :<\/p>\n\n\n\n<h3 class=\"wp-block-heading has-accent-2-color has-text-color has-large-font-size\"><strong>\u00c9diteur du Site :<\/strong><\/h3>\n\n\n\n<p class=\"has-accent-2-color has-text-color has-large-font-size\">NATHALIE-YOGA Num\u00e9ro de SIRET : 522825587 <\/p>\n\n\n\n<p class=\"has-accent-2-color has-text-color has-large-font-size\">Responsable \u00e9ditorial : Nathalie Sineux <\/p>\n\n\n\n<p class=\"has-accent-2-color has-text-color has-large-font-size\">Adresse postale : 60 rue du Gu\u00e9 Giraud 87200 St Junien<\/p>\n\n\n\n<p class=\"has-accent-2-color has-text-color has-large-font-size\">Adresse professionnelle 19, rue Jean Jacques Rousseau &#8211; 87200 St Junien ( lieu de pratique: Salle pour S\u00e9ances de Yoga et cabinet de Massage Ayurv\u00e9dique )<\/p>\n\n\n\n<p class=\"has-accent-2-color has-accent-1-background-color has-text-color has-background has-large-font-size\">T\u00e9l\u00e9phone : 06 72 41 55 31<\/p>\n\n\n\n<p class=\"has-accent-2-color has-accent-1-background-color has-text-color has-background has-large-font-size\"> 2 Emails  : sineuxnathalie3@gmail.com et nathalie.sineux@gmail.com<\/p>\n\n\n\n<p class=\"has-accent-2-color has-accent-1-background-color has-text-color has-background has-large-font-size\">Site Web : <a href=\"http:\/\/www.nathalie-yoga.com\/t\" target=\"_blank\" rel=\"noreferrer noopener\">www.nathalie-yoga.com<\/a><\/p>\n\n\n\n<h3 class=\"wp-block-heading has-accent-2-color has-text-color has-large-font-size\"><strong>H\u00e9bergement :<\/strong><\/h3>\n\n\n\n<p class=\"has-accent-2-color has-text-color has-large-font-size\">H\u00e9bergeur : OVH<br>SAS au capital de 10 069 020 \u20acRCS Lille M\u00e9tropole 424 761 419 00045Si\u00e8ge social : 2 rue Kellermann &#8211; 59100 Roubaix &#8211; France<\/p>\n\n\n\n<h3 class=\"wp-block-heading has-accent-2-color has-text-color has-large-font-size\"><strong>D\u00e9veloppement<\/strong>&nbsp;<strong>:<\/strong><\/h3>\n\n\n\n<p class=\"has-accent-2-color has-text-color has-large-font-size\">Aza Cr\u00e9ations Grafik<\/p>\n\n\n\n<p class=\"has-accent-2-color has-text-color has-large-font-size\">Adresse : 14bis rue des pens\u00e9es, 87200 CHAILLAC\/VIENNE, S\u00e9bastien Porcher.<\/p>\n\n\n\n<p class=\"has-accent-2-color has-accent-1-background-color has-text-color has-background has-large-font-size\">Site Web : <a href=\"http:\/\/www.nathalie-yoga.com\/t\">www.azacrea.fr<\/a><\/p>\n\n\n\n<h3 class=\"wp-block-heading has-accent-2-color has-text-color has-large-font-size\"><strong>Conditions d\u2019utilisation :<\/strong><\/h3>\n\n\n\n<p class=\"has-sitetext-color has-text-color has-large-font-size\">Ce site (<a href=\"http:\/\/www.nathalie-yoga.com\/t\" target=\"_blank\" rel=\"noreferrer noopener\">www.nathalie-yoga.com<\/a>) est propos\u00e9 en diff\u00e9rents langages web (HTML, HTML5, Javascript, CSS, etc\u2026) pour un meilleur confort d\u2019utilisation et un graphisme plus agr\u00e9able.<\/p>\n\n\n\n<p class=\"has-sitetext-color has-text-color has-large-font-size\">Nous vous recommandons de recourir \u00e0 des navigateurs modernes comme Internet explorer, Safari, Firefox, Google Chrome, etc\u2026<\/p>\n\n\n\n<p class=\"has-sitetext-color has-text-color has-large-font-size\">Nous mettons en \u0153uvre tous les moyens dont elle dispose, pour assurer une information fiable et une mise \u00e0 jour fiable du site internet.<\/p>\n\n\n\n<p class=\"has-sitetext-color has-text-color has-large-font-size\">Toutefois, des erreurs ou omissions peuvent survenir. L\u2019internaute devra donc s\u2019assurer de l\u2019exactitude des informations aupr\u00e8s de Nathalie-Yoga, et signaler toutes modifications du site qu\u2019il jugerait utile. Nathalie-Yoga n\u2019est en aucun cas responsable de l\u2019utilisation faite de ces informations, et de tout pr\u00e9judice direct ou indirect pouvant en d\u00e9couler.<\/p>\n\n\n\n<p class=\"has-sitetext-color has-text-color has-large-font-size\"><strong>Cookies<\/strong>&nbsp;: Le site <a href=\"http:\/\/www.nathalie-yoga.com\/t\" target=\"_blank\" rel=\"noreferrer noopener\">www.nathalie-yoga.com<\/a>&nbsp;peut-\u00eatre amen\u00e9 \u00e0 vous demander l\u2019acceptation des cookies pour des besoins de statistiques et d\u2019affichage. Un&nbsp;<a href=\"https:\/\/www.anthedesign.fr\/autour-du-web\/cookie\/\">cookie<\/a>&nbsp;est une information d\u00e9pos\u00e9e sur votre disque dur par le serveur du site que vous visitez.<\/p>\n\n\n\n<p class=\"has-sitetext-color has-text-color has-large-font-size\">Il contient plusieurs donn\u00e9es qui sont stock\u00e9es sur votre ordinateur dans un simple fichier texte auquel un serveur acc\u00e8de pour lire et enregistrer des informations . Certaines parties de ce site ne peuvent \u00eatre fonctionnelles sans l\u2019acceptation de cookies.<\/p>\n\n\n\n<p class=\"has-sitetext-color has-text-color has-large-font-size\"><strong>Liens hypertextes :<\/strong>&nbsp;Les sites internet de peuvent offrir des liens vers d\u2019autres sites internet ou d\u2019autres ressources disponibles sur Internet. NATHALIE-YOGA ne dispose d\u2019aucun moyen pour contr\u00f4ler les sites en connexion avec ses sites internet.<\/p>\n\n\n\n<p class=\"has-sitetext-color has-text-color has-large-font-size\">Nathalie-Yoga ne r\u00e9pond pas de la disponibilit\u00e9 de tels sites et sources externes, ni ne la garantit. Elle ne peut \u00eatre tenue pour responsable de tout dommage, de quelque nature que ce soit, r\u00e9sultant du contenu de ces sites ou sources externes, et notamment des informations, produits ou services qu\u2019ils proposent, ou de tout usage qui peut \u00eatre fait de ces \u00e9l\u00e9ments. Les risques li\u00e9s \u00e0 cette utilisation incombent pleinement \u00e0 l\u2019internaute, qui doit se conformer \u00e0 leurs conditions d\u2019utilisation.<\/p>\n\n\n\n<p class=\"has-sitetext-color has-text-color has-large-font-size\">Les utilisateurs, les abonn\u00e9s et les visiteurs des sites internet &nbsp;ne peuvent pas mettre en place un hyperlien en direction de ce site sans l\u2019autorisation expresse et pr\u00e9alable de NATHALIE-YOGA.<\/p>\n\n\n\n<p class=\"has-sitetext-color has-text-color has-large-font-size\">Dans l\u2019hypoth\u00e8se o\u00f9 un utilisateur ou visiteur souhaiterait mettre en place un hyperlien en direction d\u2019un des sites internet de NATHALIE-YOGA, il lui appartiendra d\u2019adresser un email accessible sur le site afin de formuler sa demande de mise en place d\u2019un hyperlien.<\/p>\n\n\n\n<p class=\"has-sitetext-color has-text-color has-large-font-size\">NATHALIE-YOGA se r\u00e9serve le droit d\u2019accepter ou de refuser un hyperlien sans avoir \u00e0 en justifier sa d\u00e9cision.<\/p>\n\n\n\n<h3 class=\"wp-block-heading has-sitetext-color has-text-color has-large-font-size\"><strong>Services fournis :<\/strong><\/h3>\n\n\n\n<p class=\"has-sitetext-color has-text-color has-large-font-size\">L\u2019ensemble des activit\u00e9s de la soci\u00e9t\u00e9 ainsi que ses informations sont pr\u00e9sent\u00e9s sur notre site <a href=\"http:\/\/www.nathalie-yoga.com\/\" target=\"_blank\" rel=\"noreferrer noopener\">www.nathalie-yoga.com<\/a>.<\/p>\n\n\n\n<p class=\"has-sitetext-color has-text-color has-large-font-size\">NATHALIE-YOGA s\u2019efforce de fournir sur le site <a href=\"http:\/\/www.nathalie-yoga.com\/\" target=\"_blank\" rel=\"noreferrer noopener\">www.nathalie-yoga.com<\/a> des informations aussi pr\u00e9cises que possible. Les renseignements figurant sur le site <a href=\"http:\/\/www.nathalie-yoga.com\/\" target=\"_blank\" rel=\"noreferrer noopener\">www.nathalie-yoga.com<\/a>&nbsp;ne sont pas exhaustifs et les photos non contractuelles.<\/p>\n\n\n\n<p class=\"has-sitetext-color has-text-color has-large-font-size\">Ils sont donn\u00e9s sous r\u00e9serve de modifications ayant \u00e9t\u00e9 apport\u00e9es depuis leur mise en ligne. Par ailleurs, tous les informations indiqu\u00e9es sur le site <a href=\"http:\/\/www.nathalie-yoga.com\/\" target=\"_blank\" rel=\"noreferrer noopener\">www.nathalie-yoga.com<\/a>&nbsp;sont donn\u00e9es \u00e0 titre indicatif, et sont susceptibles de changer ou d\u2019\u00e9voluer sans pr\u00e9avis.<\/p>\n\n\n\n<h3 class=\"wp-block-heading has-sitetext-color has-text-color has-large-font-size\"><strong>Limitation contractuelles sur les donn\u00e9es :<\/strong><\/h3>\n\n\n\n<p class=\"has-sitetext-color has-text-color has-large-font-size\">Les informations contenues sur ce site sont aussi pr\u00e9cises que possible et le site remis \u00e0 jour \u00e0 diff\u00e9rentes p\u00e9riodes de l\u2019ann\u00e9e, mais peut toutefois contenir des inexactitudes ou des omissions.<\/p>\n\n\n\n<p class=\"has-sitetext-color has-text-color has-large-font-size\">Si vous constatez une lacune, erreur ou ce qui parait \u00eatre un dysfonctionnement, merci de bien vouloir le signaler par courriel, \u00e0 l\u2019adresse nathalie@gmail.com, en d\u00e9crivant le probl\u00e8me de la mani\u00e8re la plus pr\u00e9cise possible (page posant probl\u00e8me, type d\u2019ordinateur et de navigateur utilis\u00e9, \u2026).<\/p>\n\n\n\n<p class=\"has-sitetext-color has-text-color has-large-font-size\">Tout contenu t\u00e9l\u00e9charg\u00e9 se fait aux risques et p\u00e9rils de l\u2019utilisateur et sous sa seule responsabilit\u00e9. En cons\u00e9quence, ne saurait \u00eatre tenu responsable d\u2019un quelconque dommage subi par l\u2019ordinateur de l\u2019utilisateur ou d\u2019une quelconque perte de donn\u00e9es cons\u00e9cutives au t\u00e9l\u00e9chargement.<\/p>\n\n\n\n<p class=\"has-sitetext-color has-text-color has-large-font-size\">De plus, l\u2019utilisateur du site s\u2019engage \u00e0 acc\u00e9der au site en utilisant un mat\u00e9riel r\u00e9cent, ne contenant pas de virus et avec un navigateur de derni\u00e8re g\u00e9n\u00e9ration mis-\u00e0-jour.<\/p>\n\n\n\n<p class=\"has-sitetext-color has-text-color has-large-font-size\">Les liens hypertextes mis en place dans le cadre du pr\u00e9sent site internet en direction d\u2019autres ressources pr\u00e9sentes sur le r\u00e9seau Internet ne sauraient engager la responsabilit\u00e9 de NATHALIE-YOGA.<\/p>\n\n\n\n<h3 class=\"wp-block-heading has-sitetext-color has-text-color has-large-font-size\"><strong>Propri\u00e9t\u00e9 intellectuelle :<\/strong><\/h3>\n\n\n\n<p class=\"has-sitetext-color has-text-color has-large-font-size\">Tout le contenu du pr\u00e9sent site <a href=\"http:\/\/www.nathalie-yoga.com\/\" target=\"_blank\" rel=\"noreferrer noopener\">www.nathalie-yoga.com<\/a>, incluant, de fa\u00e7on non limitative, les graphismes, images, textes, vid\u00e9os, animations, sons, logos, gifs et ic\u00f4nes ainsi que leur mise en forme sont la propri\u00e9t\u00e9 exclusive de la soci\u00e9t\u00e9 \u00e0 l\u2019exception des marques, logos ou contenus appartenant \u00e0 d\u2019autres soci\u00e9t\u00e9s partenaires ou auteurs.<\/p>\n\n\n\n<p class=\"has-sitetext-color has-text-color has-large-font-size\">Toute reproduction, distribution, modification, adaptation, retransmission ou publication, m\u00eame partielle, de ces diff\u00e9rents \u00e9l\u00e9ments est strictement interdite sans l\u2019accord expr\u00e8s par \u00e9crit de NATHALIE-YOGA. Cette repr\u00e9sentation ou reproduction, par quelque proc\u00e9d\u00e9 que ce soit, constitue une contrefa\u00e7on sanctionn\u00e9e par les articles L.335-2 et suivants du Code de la propri\u00e9t\u00e9 intellectuelle. Le non-respect de cette interdiction constitue une contrefa\u00e7on pouvant engager la responsabilit\u00e9 civile et p\u00e9nale du contrefacteur. En outre, les propri\u00e9taires des Contenus copi\u00e9s pourraient intenter une action en justice \u00e0 votre encontre.<\/p>\n\n\n\n<h3 class=\"wp-block-heading has-sitetext-color has-text-color has-large-font-size\"><strong>D\u00e9claration \u00e0 la CNIL :<\/strong><\/h3>\n\n\n\n<p class=\"has-sitetext-color has-text-color has-large-font-size\">Conform\u00e9ment \u00e0 la loi 78-17 du 6 janvier 1978 (modifi\u00e9e par la loi 2004-801 du 6 ao\u00fbt 2004 relative \u00e0 la protection des personnes physiques \u00e0 l\u2019\u00e9gard des traitements de donn\u00e9es \u00e0 caract\u00e8re personnel) relative \u00e0 l\u2019informatique, aux fichiers et aux libert\u00e9s, ce site a fait l\u2019objet d\u2019une d\u00e9claration 2223330 aupr\u00e8s de la Commission nationale de l\u2019informatique et des libert\u00e9s (<a href=\"http:\/\/www.cnil.fr\/\">www.cnil.fr<\/a>).<\/p>\n\n\n\n<h3 class=\"wp-block-heading has-sitetext-color has-text-color has-large-font-size\"><strong>Litiges :<\/strong><\/h3>\n\n\n\n<p class=\"has-sitetext-color has-text-color has-large-font-size\">Les pr\u00e9sentes conditions du site <a href=\"http:\/\/www.nathalie-yoga.com\/\" target=\"_blank\" rel=\"noreferrer noopener\">www.nathalie-yoga.com<\/a>&nbsp;sont r\u00e9gies par les lois fran\u00e7aises et toute contestation ou litiges qui pourraient na\u00eetre de l\u2019interpr\u00e9tation ou de l\u2019ex\u00e9cution de celles-ci seront de la comp\u00e9tence exclusive des tribunaux dont d\u00e9pend le si\u00e8ge social de la soci\u00e9t\u00e9. La langue de r\u00e9f\u00e9rence, pour le r\u00e8glement de contentieux \u00e9ventuels, est le fran\u00e7ais.<\/p>\n\n\n\n<h3 class=\"wp-block-heading has-sitetext-color has-text-color has-large-font-size\"><strong>Donn\u00e9es personnelles :<\/strong><\/h3>\n\n\n\n<p class=\"has-sitetext-color has-text-color has-large-font-size\">De mani\u00e8re g\u00e9n\u00e9rale, vous n\u2019\u00eates pas tenu de nous communiquer vos donn\u00e9es personnelles lorsque vous visitez notre site Internet <a href=\"http:\/\/www.nathalie-yoga.com\/\" target=\"_blank\" rel=\"noreferrer noopener\">www.nathalie-yoga.com<\/a>.<\/p>\n\n\n\n<p class=\"has-sitetext-color has-text-color has-large-font-size\">Cependant, ce principe comporte certaines exceptions. En effet, pour certains services propos\u00e9s par notre site, vous pouvez \u00eatre amen\u00e9s \u00e0 nous communiquer certaines donn\u00e9es telles que : votre nom, votre fonction, le nom de votre soci\u00e9t\u00e9, votre adresse \u00e9lectronique, et votre num\u00e9ro de t\u00e9l\u00e9phone. Tel est le cas lorsque vous remplissez le formulaire qui vous est propos\u00e9 en ligne, dans la rubrique \u00ab&nbsp;<a href=\"https:\/\/www.nathalie-yoga.com\/index.php\/contact\/\" target=\"_blank\" rel=\"noreferrer noopener\">contact&nbsp;<\/a>\u00bb.<\/p>\n\n\n\n<p class=\"has-sitetext-color has-text-color has-large-font-size\">Dans tous les cas, vous pouvez refuser de fournir vos donn\u00e9es personnelles. Dans ce cas, vous ne pourrez pas utiliser les services du site, notamment celui de solliciter des renseignements sur notre soci\u00e9t\u00e9, ou de recevoir les lettres d\u2019information.<\/p>\n\n\n\n<p class=\"has-sitetext-color has-text-color has-large-font-size\">Enfin, nous pouvons collecter de mani\u00e8re automatique certaines informations vous concernant lors d\u2019une simple navigation sur notre site internet, notamment : des informations concernant l\u2019utilisation de notre site, comme les zones que vous visitez et les services auxquels vous acc\u00e9dez, votre&nbsp;<a href=\"https:\/\/www.anthedesign.fr\/hebergement-web\/adresse-ip\/\">adresse IP<\/a>, le type de votre navigateur, vos temps d\u2019acc\u00e8s.<\/p>\n\n\n\n<p class=\"has-sitetext-color has-text-color has-large-font-size\">De telles informations sont utilis\u00e9es exclusivement \u00e0 des fins de statistiques internes, de mani\u00e8re \u00e0 am\u00e9liorer la qualit\u00e9 des services qui vous sont propos\u00e9s. Les bases de donn\u00e9es sont prot\u00e9g\u00e9es par les dispositions de la loi du 1er juillet 1998 transposant la directive 96\/9 du 11 mars 1996 relative \u00e0 la protection juridique des bases de donn\u00e9es.<\/p>\n\n\n\n<p class=\"has-large-font-size\">Nathalie Sineux et S\u00e9bastien Porcher<\/p>\n<!--CusAds0-->\n<div style=\"font-size: 0px; height: 0px; line-height: 0px; margin: 0; padding: 0; clear: both;\"><\/div>","protected":false},"excerpt":{"rendered":"<p>Mentions l\u00e9gales du site Merci de lire avec attention les diff\u00e9rentes modalit\u00e9s d\u2019utilisation du pr\u00e9sent site avant d\u2019y parcourir ses pages. En vous connectant sur &hellip;<\/p>\n","protected":false},"author":1,"featured_media":0,"parent":0,"menu_order":0,"comment_status":"closed","ping_status":"closed","template":"","meta":{"footnotes":""},"class_list":["post-262","page","type-page","status-publish","hentry"],"yoast_head":"<!-- This site is optimized with the Yoast SEO plugin v23.7 - https:\/\/yoast.com\/wordpress\/plugins\/seo\/ -->\n<title>Mentions l\u00e9gales - NAThalie-YOGA<\/title>\n<meta name=\"description\" content=\"Mentions l\u00e9gales de www.nathalie-yoga.fr, retrouvez toutes les modalit\u00e9s d\u2019utilisation du pr\u00e9sent site et de ses pages.\" \/>\n<meta name=\"robots\" content=\"index, follow, max-snippet:-1, max-image-preview:large, max-video-preview:-1\" \/>\n<link rel=\"canonical\" href=\"https:\/\/www.nathalie-yoga.com\/index.php\/mentions-legales\/\" \/>\n<meta property=\"og:locale\" content=\"fr_FR\" \/>\n<meta property=\"og:type\" content=\"article\" \/>\n<meta property=\"og:title\" content=\"Mentions l\u00e9gales - NAThalie-YOGA\" \/>\n<meta property=\"og:description\" content=\"Mentions l\u00e9gales de www.nathalie-yoga.fr, retrouvez toutes les modalit\u00e9s d\u2019utilisation du pr\u00e9sent site et de ses pages.\" \/>\n<meta property=\"og:url\" content=\"https:\/\/www.nathalie-yoga.com\/index.php\/mentions-legales\/\" \/>\n<meta property=\"og:site_name\" content=\"NAThalie-YOGA\" \/>\n<meta property=\"article:publisher\" content=\"https:\/\/www.facebook.com\/Nathalieyoga-105104835221700\" \/>\n<meta property=\"article:modified_time\" content=\"2025-08-14T09:39:39+00:00\" \/>\n<meta name=\"twitter:card\" content=\"summary_large_image\" \/>\n<meta name=\"twitter:label1\" content=\"Dur\u00e9e de lecture estim\u00e9e\" \/>\n\t<meta name=\"twitter:data1\" content=\"7 minutes\" \/>\n<script type=\"application\/ld+json\" class=\"yoast-schema-graph\">{\"@context\":\"https:\/\/schema.org\",\"@graph\":[{\"@type\":\"WebPage\",\"@id\":\"https:\/\/www.nathalie-yoga.com\/index.php\/mentions-legales\/\",\"url\":\"https:\/\/www.nathalie-yoga.com\/index.php\/mentions-legales\/\",\"name\":\"Mentions l\u00e9gales - NAThalie-YOGA\",\"isPartOf\":{\"@id\":\"https:\/\/www.nathalie-yoga.com\/#website\"},\"datePublished\":\"2021-08-17T14:53:48+00:00\",\"dateModified\":\"2025-08-14T09:39:39+00:00\",\"description\":\"Mentions l\u00e9gales de www.nathalie-yoga.fr, retrouvez toutes les modalit\u00e9s d\u2019utilisation du pr\u00e9sent site et de ses pages.\",\"breadcrumb\":{\"@id\":\"https:\/\/www.nathalie-yoga.com\/index.php\/mentions-legales\/#breadcrumb\"},\"inLanguage\":\"fr-FR\",\"potentialAction\":[{\"@type\":\"ReadAction\",\"target\":[\"https:\/\/www.nathalie-yoga.com\/index.php\/mentions-legales\/\"]}]},{\"@type\":\"BreadcrumbList\",\"@id\":\"https:\/\/www.nathalie-yoga.com\/index.php\/mentions-legales\/#breadcrumb\",\"itemListElement\":[{\"@type\":\"ListItem\",\"position\":1,\"name\":\"Accueil\",\"item\":\"https:\/\/www.nathalie-yoga.com\/\"},{\"@type\":\"ListItem\",\"position\":2,\"name\":\"Mentions l\u00e9gales\"}]},{\"@type\":\"WebSite\",\"@id\":\"https:\/\/www.nathalie-yoga.com\/#website\",\"url\":\"https:\/\/www.nathalie-yoga.com\/\",\"name\":\"NAThalie-YOGA\",\"description\":\"Ayurveda &amp; Yoga\",\"publisher\":{\"@id\":\"https:\/\/www.nathalie-yoga.com\/#organization\"},\"potentialAction\":[{\"@type\":\"SearchAction\",\"target\":{\"@type\":\"EntryPoint\",\"urlTemplate\":\"https:\/\/www.nathalie-yoga.com\/?s={search_term_string}\"},\"query-input\":{\"@type\":\"PropertyValueSpecification\",\"valueRequired\":true,\"valueName\":\"search_term_string\"}}],\"inLanguage\":\"fr-FR\"},{\"@type\":\"Organization\",\"@id\":\"https:\/\/www.nathalie-yoga.com\/#organization\",\"name\":\"NAThalie-YOGA\",\"url\":\"https:\/\/www.nathalie-yoga.com\/\",\"logo\":{\"@type\":\"ImageObject\",\"inLanguage\":\"fr-FR\",\"@id\":\"https:\/\/www.nathalie-yoga.com\/#\/schema\/logo\/image\/\",\"url\":\"https:\/\/www.nathalie-yoga.com\/wp-content\/uploads\/2021\/11\/cropped-LogoSiteCercleCouleur.png\",\"contentUrl\":\"https:\/\/www.nathalie-yoga.com\/wp-content\/uploads\/2021\/11\/cropped-LogoSiteCercleCouleur.png\",\"width\":168,\"height\":204,\"caption\":\"NAThalie-YOGA\"},\"image\":{\"@id\":\"https:\/\/www.nathalie-yoga.com\/#\/schema\/logo\/image\/\"},\"sameAs\":[\"https:\/\/www.facebook.com\/Nathalieyoga-105104835221700\",\"https:\/\/studio.youtube.com\/channel\/UCIzlfL2iLtNhlW_xsvmi7-g\/videos\/upload?filter=[]&amp;sort={&quot;columnType&quot;:&quot;date&quot;,&quot;sortOrder&quot;DESCENDING&quot;}\"]}]}<\/script>\n<!-- \/ Yoast SEO plugin. -->","yoast_head_json":{"title":"Mentions l\u00e9gales - NAThalie-YOGA","description":"Mentions l\u00e9gales de www.nathalie-yoga.fr, retrouvez toutes les modalit\u00e9s d\u2019utilisation du pr\u00e9sent site et de ses pages.","robots":{"index":"index","follow":"follow","max-snippet":"max-snippet:-1","max-image-preview":"max-image-preview:large","max-video-preview":"max-video-preview:-1"},"canonical":"https:\/\/www.nathalie-yoga.com\/index.php\/mentions-legales\/","og_locale":"fr_FR","og_type":"article","og_title":"Mentions l\u00e9gales - NAThalie-YOGA","og_description":"Mentions l\u00e9gales de www.nathalie-yoga.fr, retrouvez toutes les modalit\u00e9s d\u2019utilisation du pr\u00e9sent site et de ses pages.","og_url":"https:\/\/www.nathalie-yoga.com\/index.php\/mentions-legales\/","og_site_name":"NAThalie-YOGA","article_publisher":"https:\/\/www.facebook.com\/Nathalieyoga-105104835221700","article_modified_time":"2025-08-14T09:39:39+00:00","twitter_card":"summary_large_image","twitter_misc":{"Dur\u00e9e de lecture estim\u00e9e":"7 minutes"},"schema":{"@context":"https:\/\/schema.org","@graph":[{"@type":"WebPage","@id":"https:\/\/www.nathalie-yoga.com\/index.php\/mentions-legales\/","url":"https:\/\/www.nathalie-yoga.com\/index.php\/mentions-legales\/","name":"Mentions l\u00e9gales - NAThalie-YOGA","isPartOf":{"@id":"https:\/\/www.nathalie-yoga.com\/#website"},"datePublished":"2021-08-17T14:53:48+00:00","dateModified":"2025-08-14T09:39:39+00:00","description":"Mentions l\u00e9gales de www.nathalie-yoga.fr, retrouvez toutes les modalit\u00e9s d\u2019utilisation du pr\u00e9sent site et de ses pages.","breadcrumb":{"@id":"https:\/\/www.nathalie-yoga.com\/index.php\/mentions-legales\/#breadcrumb"},"inLanguage":"fr-FR","potentialAction":[{"@type":"ReadAction","target":["https:\/\/www.nathalie-yoga.com\/index.php\/mentions-legales\/"]}]},{"@type":"BreadcrumbList","@id":"https:\/\/www.nathalie-yoga.com\/index.php\/mentions-legales\/#breadcrumb","itemListElement":[{"@type":"ListItem","position":1,"name":"Accueil","item":"https:\/\/www.nathalie-yoga.com\/"},{"@type":"ListItem","position":2,"name":"Mentions l\u00e9gales"}]},{"@type":"WebSite","@id":"https:\/\/www.nathalie-yoga.com\/#website","url":"https:\/\/www.nathalie-yoga.com\/","name":"NAThalie-YOGA","description":"Ayurveda &amp; Yoga","publisher":{"@id":"https:\/\/www.nathalie-yoga.com\/#organization"},"potentialAction":[{"@type":"SearchAction","target":{"@type":"EntryPoint","urlTemplate":"https:\/\/www.nathalie-yoga.com\/?s={search_term_string}"},"query-input":{"@type":"PropertyValueSpecification","valueRequired":true,"valueName":"search_term_string"}}],"inLanguage":"fr-FR"},{"@type":"Organization","@id":"https:\/\/www.nathalie-yoga.com\/#organization","name":"NAThalie-YOGA","url":"https:\/\/www.nathalie-yoga.com\/","logo":{"@type":"ImageObject","inLanguage":"fr-FR","@id":"https:\/\/www.nathalie-yoga.com\/#\/schema\/logo\/image\/","url":"https:\/\/www.nathalie-yoga.com\/wp-content\/uploads\/2021\/11\/cropped-LogoSiteCercleCouleur.png","contentUrl":"https:\/\/www.nathalie-yoga.com\/wp-content\/uploads\/2021\/11\/cropped-LogoSiteCercleCouleur.png","width":168,"height":204,"caption":"NAThalie-YOGA"},"image":{"@id":"https:\/\/www.nathalie-yoga.com\/#\/schema\/logo\/image\/"},"sameAs":["https:\/\/www.facebook.com\/Nathalieyoga-105104835221700","https:\/\/studio.youtube.com\/channel\/UCIzlfL2iLtNhlW_xsvmi7-g\/videos\/upload?filter=[]&amp;sort={&quot;columnType&quot;:&quot;date&quot;,&quot;sortOrder&quot;DESCENDING&quot;}"]}]}},"jetpack_sharing_enabled":false,"_links":{"self":[{"href":"https:\/\/www.nathalie-yoga.com\/index.php\/wp-json\/wp\/v2\/pages\/262","targetHints":{"allow":["GET"]}}],"collection":[{"href":"https:\/\/www.nathalie-yoga.com\/index.php\/wp-json\/wp\/v2\/pages"}],"about":[{"href":"https:\/\/www.nathalie-yoga.com\/index.php\/wp-json\/wp\/v2\/types\/page"}],"author":[{"embeddable":true,"href":"https:\/\/www.nathalie-yoga.com\/index.php\/wp-json\/wp\/v2\/users\/1"}],"replies":[{"embeddable":true,"href":"https:\/\/www.nathalie-yoga.com\/index.php\/wp-json\/wp\/v2\/comments?post=262"}],"version-history":[{"count":10,"href":"https:\/\/www.nathalie-yoga.com\/index.php\/wp-json\/wp\/v2\/pages\/262\/revisions"}],"predecessor-version":[{"id":1624,"href":"https:\/\/www.nathalie-yoga.com\/index.php\/wp-json\/wp\/v2\/pages\/262\/revisions\/1624"}],"wp:attachment":[{"href":"https:\/\/www.nathalie-yoga.com\/index.php\/wp-json\/wp\/v2\/media?parent=262"}],"curies":[{"name":"wp","href":"https:\/\/api.w.org\/{rel}","templated":true}]}}