{"id":23,"date":"2021-08-09T23:47:36","date_gmt":"2021-08-09T21:47:36","guid":{"rendered":"http:\/\/www.nathalie-yoga.com\/?page_id=23"},"modified":"2024-07-01T16:56:38","modified_gmt":"2024-07-01T14:56:38","slug":"hygiene-de-vie","status":"publish","type":"page","link":"https:\/\/www.nathalie-yoga.com\/index.php\/hygiene-de-vie\/","title":{"rendered":"L&rsquo;Hygi\u00e8ne de Vie ou Routine (Dynacharia)"},"content":{"rendered":"\n<p class=\"has-text-align-center has-accent-1-color has-accent-2-background-color has-text-color has-background has-large-font-size\">L&rsquo;Hygi\u00e8ne de vie selon &lsquo;Ayurv\u00e9da,<\/p>\n\n\n\n<p class=\"has-accent-2-color has-text-color has-large-font-size\">Une alimentation saine, biologique et de saison pour la nourriture du corps int\u00e9rieur.<\/p>\n\n\n\n<p class=\"has-accent-2-color has-text-color has-large-font-size\"> Un cadre de vie adapt\u00e9, une vie sociale et familiale harmonieuse.<\/p>\n\n\n\n<p class=\"has-accent-2-color has-text-color has-large-font-size\">Des auto-massages r\u00e9guliers en fonction de sa constitution, de la saison, de son \u00e2ge, et environnement.<\/p>\n\n\n\n<p class=\"has-accent-2-color has-text-color has-large-font-size\"> Et des huiles de qualit\u00e9s , premi\u00e8re pression \u00e0 froid et vierges.<\/p>\n\n\n\n<p class=\"has-accent-2-color has-text-color has-link-color has-large-font-size wp-elements-c21137f2a7bd20027e8e9ee501c67687\">VOILA ce que c&rsquo;est l&rsquo;hygi\u00e8ne de vie selon la m\u00e9decine Ayurv\u00e9dique.<\/p>\n\n\n<div class=\"wp-block-image\">\n<figure class=\"alignleft size-full\"><img loading=\"lazy\" decoding=\"async\" width=\"450\" height=\"300\" src=\"https:\/\/www.nathalie-yoga.com\/wp-content\/uploads\/2021\/08\/hygiene-1.jpg\" alt=\"\" class=\"wp-image-514\" srcset=\"https:\/\/www.nathalie-yoga.com\/wp-content\/uploads\/2021\/08\/hygiene-1.jpg 450w, https:\/\/www.nathalie-yoga.com\/wp-content\/uploads\/2021\/08\/hygiene-1-300x200.jpg 300w\" sizes=\"auto, (max-width: 450px) 100vw, 450px\" \/><\/figure><\/div>\n\n<div class=\"wp-block-image\">\n<figure class=\"aligncenter size-full\"><img loading=\"lazy\" decoding=\"async\" width=\"450\" height=\"300\" src=\"https:\/\/www.nathalie-yoga.com\/wp-content\/uploads\/2021\/08\/hygiene-3.jpg\" alt=\"\" class=\"wp-image-516\" srcset=\"https:\/\/www.nathalie-yoga.com\/wp-content\/uploads\/2021\/08\/hygiene-3.jpg 450w, https:\/\/www.nathalie-yoga.com\/wp-content\/uploads\/2021\/08\/hygiene-3-300x200.jpg 300w\" sizes=\"auto, (max-width: 450px) 100vw, 450px\" \/><\/figure><\/div>\n\n<div class=\"wp-block-image\">\n<figure class=\"aligncenter size-full is-resized\"><img loading=\"lazy\" decoding=\"async\" width=\"304\" height=\"166\" src=\"https:\/\/www.nathalie-yoga.com\/wp-content\/uploads\/2021\/08\/auto-massage-1.jpg\" alt=\"\" class=\"wp-image-518\" style=\"width:563px;height:307px\" srcset=\"https:\/\/www.nathalie-yoga.com\/wp-content\/uploads\/2021\/08\/auto-massage-1.jpg 304w, https:\/\/www.nathalie-yoga.com\/wp-content\/uploads\/2021\/08\/auto-massage-1-300x164.jpg 300w\" sizes=\"auto, (max-width: 304px) 100vw, 304px\" \/><\/figure><\/div>\n\n\n<h2 class=\"wp-block-heading has-text-align-center has-accent-1-color has-text-color has-large-font-size\"><strong>les 4 r\u00e8gles d&rsquo;or de la beaut\u00e9 Ayurv\u00e9dique<\/strong><\/h2>\n\n\n\n<h5 class=\"wp-block-heading has-text-align-center has-accent-1-color has-text-color has-large-font-size\"><strong>1 : PROTEGER SA PEAU<\/strong><\/h5>\n\n\n\n<p class=\"has-accent-2-color has-accent-1-background-color has-text-color has-background has-large-font-size\">La peau n&rsquo;est pas juste notre enveloppe de chair. Elle est avant tout le plus \u00e9tendu de nos organes et est directement reli\u00e9e \u00e0 notre cerveau.<\/p>\n\n\n\n<p class=\"has-accent-2-color has-text-color has-large-font-size\"><strong>Elle contiendrait plus 600 000 r\u00e9cepteurs sensoriels.<\/strong><\/p>\n\n\n\n<p class=\"has-accent-2-color has-text-color has-large-font-size\"> Elle est aussi constitu\u00e9e d&rsquo;eau, de graisses, de glucose et m\u00eame de sel. Ce qui explique pourquoi nous devons l&rsquo;entretenir, la pr\u00e9server par des soins tant int\u00e9rieurs qu&rsquo;ext\u00e9rieurs.<\/p>\n\n\n\n<p class=\"has-accent-2-color has-text-color has-large-font-size\">Tout au long de notre vie notre peau change est est le reflet de ce qui se passe \u00e0 l&rsquo;int\u00e9rieur de notre corps.<\/p>\n\n\n\n<p class=\"has-accent-2-color has-text-color has-large-font-size\">Le vieillissement de la peau commence \u00e0 la pubert\u00e9.<\/p>\n\n\n\n<p class=\"has-accent-2-color has-text-color has-large-font-size\">Les modifications hormonales, la pollution, le stress, laisse des traces visibles.<\/p>\n\n\n\n<p class=\"has-accent-2-color has-text-color has-large-font-size\">Entre 40 et 50 ans, la structure de la peau commence \u00e0 se modifier, car  quelques fonctions s&rsquo;amenuisent, les fibres de collag\u00e8ne se d\u00e9sorganisent, le flux sanguin est moins tonique, l&rsquo;\u00e9piderme s&rsquo;affine : <strong>c&rsquo;est le rel\u00e2chement de la peau.<\/strong><\/p>\n\n\n\n<h5 class=\"wp-block-heading has-text-align-center has-accent-2-color has-accent-1-background-color has-text-color has-background has-large-font-size\">2 <strong>: HALTE AUX PRODUITS CHIMIQUES<\/strong><\/h5>\n\n\n\n<p class=\"has-accent-2-color has-text-color has-large-font-size\">Colorants, \u00e9mulsifiants, parfums et autres p\u00e9trochimies&#8230;&#8230;..<\/p>\n\n\n\n<p class=\"has-accent-2-color has-text-color has-large-font-size\">Connaissez vous vraiment la composition de vos produits de beaut\u00e9 ?<\/p>\n\n\n\n<p class=\"has-accent-2-color has-text-color has-large-font-size\">Combien sommes nous \u00e0 prendre le temps de lire les \u00e9tiquettes  DES PRODUITS que nous achetons sur  les emballages ?<\/p>\n\n\n\n<p class=\"has-accent-2-color has-text-color has-link-color has-large-font-size wp-elements-40d9f84231fb996494a3d3c3e90159de\"><strong>Les indiennes ont bien compris que plus un soin sera transform\u00e9 et travaill\u00e9 par l&rsquo;industrie, plus il perdra en principe actifs et de m\u00eame plus cher ! leur niveau de vie ne leurs permettent pas non plus. Mais le n\u00f4tre non plus !<\/strong><\/p>\n\n\n\n<p class=\"has-accent-2-color has-text-color has-link-color has-large-font-size wp-elements-dc887b5d5994c40ad6b48e9a40888b24\">Il est utile, voir vital, de savoir qu&rsquo;une partie de ce que nous appliquons sur notre peau passe par l&rsquo;\u00e9piderme pour aller directement dans notre sang au moins de 28 secondes, et vont ensuite se loger dans nos tissus sous forme de toxines.<\/p>\n\n\n\n<p class=\"has-accent-2-color has-text-color has-link-color has-large-font-size wp-elements-f20eb925f1ed71d3d4a13b8aacf878bf\">Vous me direz que de d\u00e9chiffrer des ingr\u00e9dients chimiques souvent alambiqu\u00e9s ne servent \u00e0 rien, effectivement, je vous l&rsquo;accorde! d&rsquo;o\u00f9 la sagesse <a href=\"https:\/\/www.nathalie-yoga.com\/index.php\/ayurveda-harmonie-stress\/\" target=\"_blank\" rel=\"noreferrer noopener\">Ayurv\u00e9dique<\/a> prend toute sa force.<\/p>\n\n\n\n<p class=\"has-accent-2-color has-text-color has-link-color has-large-font-size wp-elements-4ec5f5dbc3d1352908f917606ffdc64e\">Les normes qualitatives des compos\u00e9s sont plus strictes en Ayurv\u00e9da que dans l&rsquo;approche occidentale.<\/p>\n\n\n\n<p class=\"has-sitetext-color has-text-color has-link-color has-large-font-size wp-elements-f511d6b76f3743fe2ff2eaf73a7cfb55\"><strong>Consommer exclusivement des soins \u00e0 base de mati\u00e8res premi\u00e8res brutes permettent de gagner du temps et de l&rsquo;argent<\/strong> <strong>et de moins  s&rsquo;abimer les yeux<\/strong>.<\/p>\n\n\n\n<h5 class=\"wp-block-heading has-text-align-center has-accent-1-color has-accent-2-background-color has-text-color has-background has-large-font-size\">3:<strong> UTILISER DES HUILES VEGETALES<\/strong><\/h5>\n\n\n\n<p class=\"has-accent-2-color has-text-color has-large-font-size\">L&rsquo;huile v\u00e9g\u00e9tale est un corps gras extrait d&rsquo;une plante ol\u00e9agineuse contenant des graines, noix, noyaux ou encore fruits riches en lipides (substances dont la peau \u00e0 besoin).<\/p>\n\n\n\n<p class=\"has-accent-2-color has-text-color has-large-font-size\">L&rsquo;huile v\u00e9g\u00e9tale a eu pendant trop longtemps mauvaise r\u00e9putation, et bien, c&rsquo;est un subterfuge de l&rsquo;industrie cosm\u00e9tique! Encore elle !! Mais pourquoi ferait elle cela ?<\/p>\n\n\n\n<p class=\"has-accent-2-color has-text-color has-large-font-size\">Pour ses int\u00e9r\u00eats ? <\/p>\n\n\n\n<p class=\"has-accent-2-color has-text-color has-large-font-size\">Arguments de l&rsquo;industrie occidentale: corps gras n\u00e9faste, com\u00e9dog\u00e8ne (points noirs) qui bouche les pores et dont l&rsquo;efficacit\u00e9 est m\u00e9diocre. <\/p>\n\n\n\n<p class=\"has-accent-2-color has-text-color has-large-font-size\">A l&rsquo;heure d&rsquo;aujourd&rsquo;hui o\u00f9 la femme qui en consomme le plus, est press\u00e9e, active et revancharde de prendre une place importante dans la soci\u00e9t\u00e9.<\/p>\n\n\n\n<p class=\"has-accent-2-color has-text-color has-large-font-size\"> La cosm\u00e9tique moderne a \u00e9t\u00e9 entendue. Belle et active, et \u00e0 quel prix ? Et quelles efficacit\u00e9s? Prouv\u00e9s par qui LES LABOS ? mais pas par les utilisatrices et utilisateurs !<\/p>\n\n\n\n<p class=\"has-accent-2-color has-text-color has-large-font-size\">Le prix maintenant, c&rsquo;est que la plupart de ces femmes soucieuses de leur beaut\u00e9, per\u00e7oivent juste un cache mis\u00e8re de leur peau et ont oubli\u00e9 la vertus des plantes et la fiert\u00e9 de faire leur soin elle m\u00eame.<\/p>\n\n\n\n<p class=\"has-accent-2-color has-text-color has-large-font-size\"><strong>Les indiennes, leur cosm\u00e9tique est rest\u00e9e ancestrale, les soins sont \u00e0 la port\u00e9e de toutes et tous puisqu&rsquo;ils puisent dans ce que la nature leur offre.<\/strong><\/p>\n\n\n\n<h5 class=\"wp-block-heading has-text-align-center has-accent-2-color has-accent-1-background-color has-text-color has-background has-large-font-size\">4<strong> : UTILISER DES HUILES ESSENTIELLES<\/strong><\/h5>\n\n\n\n<p class=\"has-accent-2-color has-text-color has-large-font-size\">Les huiles essentielles sont des extraits v\u00e9g\u00e9taux tr\u00e8s concentr\u00e9s et tr\u00e8s efficaces, mais attention au feu qu&rsquo;elles contiennent toujours m\u00e9lang\u00e9es avec une huile v\u00e9g\u00e9tale jamais directement sur la peau ou  les muqueuses.<\/p>\n\n\n\n<p class=\"has-accent-2-color has-text-color has-large-font-size\">On dit qu&rsquo;elles seraient 50 fois plus efficaces que la plante enti\u00e8re dont elles sont issues. <\/p>\n\n\n\n<p class=\"has-accent-2-color has-text-color has-large-font-size\">De plus, elles ont la particularit\u00e9 d&rsquo;\u00eatre d&rsquo;une haute capacit\u00e9 de p\u00e9n\u00e9tration tissulaire. Elles sont tr\u00e8s actives, un petite quantit\u00e9 et une attention particuli\u00e8re doit y \u00eatre apport\u00e9e.<\/p>\n\n\n\n<p class=\"has-accent-2-color has-text-color has-large-font-size\">Dans une huile essentielle, plusieurs vertus \u00e0 la fois, comme la stimulation du renouvellement cellulaire, antiseptique, antibact\u00e9rienne, antimycosique, antifongique et  encore cicatrisante.<\/p>\n\n\n\n<p class=\"has-accent-2-color has-text-color has-large-font-size\">Et bien, me direz vous peut \u00eatre pourquoi ne pas s&rsquo;y mettre. Oui, retrouver vos anciennes recettes cosm\u00e9tiques de grand- m\u00e8re.<\/p>\n\n\n\n<p class=\"has-accent-2-color has-text-color has-large-font-size\">Faites des essais, une plante ne vous apportera que du bonheur.<\/p>\n\n\n\n<p class=\"has-accent-2-color has-text-color has-large-font-size\">Si vous voulez \u00eatre guid\u00e9, je suis \u00e0 votre disposition. J&rsquo;ai exp\u00e9riment\u00e9 et adopt\u00e9 ce concept depuis quelques ann\u00e9es.<\/p>\n\n\n\n<p class=\"has-accent-2-color has-text-color has-link-color has-large-font-size wp-elements-c1302348b27e9477f427ecc13a804b8a\"><a href=\"https:\/\/www.nathalie-yoga.com\/index.php\/yoga\/\">Nathalie Sineux<\/a> Th\u00e9rapeute en Ayurv\u00e9da depuis 2015 et je fais moi m\u00eame mes produits cosmetiques.<\/p>\n\n\n\n<p><\/p>\n\n\n\n<h2 class=\"wp-block-heading\"><\/h2>\n<!--CusAds0-->\n<div style=\"font-size: 0px; height: 0px; line-height: 0px; margin: 0; padding: 0; clear: both;\"><\/div>","protected":false},"excerpt":{"rendered":"<p>L&rsquo;Hygi\u00e8ne de vie selon &lsquo;Ayurv\u00e9da, Une alimentation saine, biologique et de saison pour la nourriture du corps int\u00e9rieur. Un cadre de vie adapt\u00e9, une vie &hellip;<\/p>\n","protected":false},"author":1,"featured_media":544,"parent":0,"menu_order":0,"comment_status":"closed","ping_status":"closed","template":"","meta":{"footnotes":""},"class_list":["post-23","page","type-page","status-publish","has-post-thumbnail","hentry"],"yoast_head":"<!-- This site is optimized with the Yoast SEO plugin v23.7 - https:\/\/yoast.com\/wordpress\/plugins\/seo\/ -->\n<title>L&#039;Hygi\u00e8ne de Vie ou Routine (Dynacharia) - NAThalie-YOGA - Alimentation ayurv\u00e9dique<\/title>\n<meta name=\"description\" content=\"Une alimentation saine, biologique et de saison adapt\u00e9e \u00e0 son \u00e2ge et environnement dans un cadre de vie harmonieux.\" \/>\n<meta name=\"robots\" content=\"index, follow, max-snippet:-1, max-image-preview:large, max-video-preview:-1\" \/>\n<link rel=\"canonical\" href=\"https:\/\/www.nathalie-yoga.com\/index.php\/hygiene-de-vie\/\" \/>\n<meta property=\"og:locale\" content=\"fr_FR\" \/>\n<meta property=\"og:type\" content=\"article\" \/>\n<meta property=\"og:title\" content=\"L&#039;Hygi\u00e8ne de Vie ou Routine (Dynacharia) - NAThalie-YOGA - Alimentation ayurv\u00e9dique\" \/>\n<meta property=\"og:description\" content=\"Une alimentation saine, biologique et de saison adapt\u00e9e \u00e0 son \u00e2ge et environnement dans un cadre de vie harmonieux.\" \/>\n<meta property=\"og:url\" content=\"https:\/\/www.nathalie-yoga.com\/index.php\/hygiene-de-vie\/\" \/>\n<meta property=\"og:site_name\" content=\"NAThalie-YOGA\" \/>\n<meta property=\"article:publisher\" content=\"https:\/\/www.facebook.com\/Nathalieyoga-105104835221700\" \/>\n<meta property=\"article:modified_time\" content=\"2024-07-01T14:56:38+00:00\" \/>\n<meta property=\"og:image\" content=\"https:\/\/www.nathalie-yoga.com\/wp-content\/uploads\/2021\/08\/HygieneVie.jpg\" \/>\n\t<meta property=\"og:image:width\" content=\"1238\" \/>\n\t<meta property=\"og:image:height\" content=\"676\" \/>\n\t<meta property=\"og:image:type\" content=\"image\/jpeg\" \/>\n<meta name=\"twitter:card\" content=\"summary_large_image\" \/>\n<meta name=\"twitter:label1\" content=\"Dur\u00e9e de lecture estim\u00e9e\" \/>\n\t<meta name=\"twitter:data1\" content=\"5 minutes\" \/>\n<script type=\"application\/ld+json\" class=\"yoast-schema-graph\">{\"@context\":\"https:\/\/schema.org\",\"@graph\":[{\"@type\":\"WebPage\",\"@id\":\"https:\/\/www.nathalie-yoga.com\/index.php\/hygiene-de-vie\/\",\"url\":\"https:\/\/www.nathalie-yoga.com\/index.php\/hygiene-de-vie\/\",\"name\":\"L'Hygi\u00e8ne de Vie ou Routine (Dynacharia) - NAThalie-YOGA - Alimentation ayurv\u00e9dique\",\"isPartOf\":{\"@id\":\"https:\/\/www.nathalie-yoga.com\/#website\"},\"primaryImageOfPage\":{\"@id\":\"https:\/\/www.nathalie-yoga.com\/index.php\/hygiene-de-vie\/#primaryimage\"},\"image\":{\"@id\":\"https:\/\/www.nathalie-yoga.com\/index.php\/hygiene-de-vie\/#primaryimage\"},\"thumbnailUrl\":\"https:\/\/www.nathalie-yoga.com\/wp-content\/uploads\/2021\/08\/HygieneVie.jpg\",\"datePublished\":\"2021-08-09T21:47:36+00:00\",\"dateModified\":\"2024-07-01T14:56:38+00:00\",\"description\":\"Une alimentation saine, biologique et de saison adapt\u00e9e \u00e0 son \u00e2ge et environnement dans un cadre de vie harmonieux.\",\"breadcrumb\":{\"@id\":\"https:\/\/www.nathalie-yoga.com\/index.php\/hygiene-de-vie\/#breadcrumb\"},\"inLanguage\":\"fr-FR\",\"potentialAction\":[{\"@type\":\"ReadAction\",\"target\":[\"https:\/\/www.nathalie-yoga.com\/index.php\/hygiene-de-vie\/\"]}]},{\"@type\":\"ImageObject\",\"inLanguage\":\"fr-FR\",\"@id\":\"https:\/\/www.nathalie-yoga.com\/index.php\/hygiene-de-vie\/#primaryimage\",\"url\":\"https:\/\/www.nathalie-yoga.com\/wp-content\/uploads\/2021\/08\/HygieneVie.jpg\",\"contentUrl\":\"https:\/\/www.nathalie-yoga.com\/wp-content\/uploads\/2021\/08\/HygieneVie.jpg\",\"width\":1238,\"height\":676},{\"@type\":\"BreadcrumbList\",\"@id\":\"https:\/\/www.nathalie-yoga.com\/index.php\/hygiene-de-vie\/#breadcrumb\",\"itemListElement\":[{\"@type\":\"ListItem\",\"position\":1,\"name\":\"Accueil\",\"item\":\"https:\/\/www.nathalie-yoga.com\/\"},{\"@type\":\"ListItem\",\"position\":2,\"name\":\"L&rsquo;Hygi\u00e8ne de Vie ou Routine (Dynacharia)\"}]},{\"@type\":\"WebSite\",\"@id\":\"https:\/\/www.nathalie-yoga.com\/#website\",\"url\":\"https:\/\/www.nathalie-yoga.com\/\",\"name\":\"NAThalie-YOGA\",\"description\":\"Ayurveda &amp; Yoga\",\"publisher\":{\"@id\":\"https:\/\/www.nathalie-yoga.com\/#organization\"},\"potentialAction\":[{\"@type\":\"SearchAction\",\"target\":{\"@type\":\"EntryPoint\",\"urlTemplate\":\"https:\/\/www.nathalie-yoga.com\/?s={search_term_string}\"},\"query-input\":{\"@type\":\"PropertyValueSpecification\",\"valueRequired\":true,\"valueName\":\"search_term_string\"}}],\"inLanguage\":\"fr-FR\"},{\"@type\":\"Organization\",\"@id\":\"https:\/\/www.nathalie-yoga.com\/#organization\",\"name\":\"NAThalie-YOGA\",\"url\":\"https:\/\/www.nathalie-yoga.com\/\",\"logo\":{\"@type\":\"ImageObject\",\"inLanguage\":\"fr-FR\",\"@id\":\"https:\/\/www.nathalie-yoga.com\/#\/schema\/logo\/image\/\",\"url\":\"https:\/\/www.nathalie-yoga.com\/wp-content\/uploads\/2021\/11\/cropped-LogoSiteCercleCouleur.png\",\"contentUrl\":\"https:\/\/www.nathalie-yoga.com\/wp-content\/uploads\/2021\/11\/cropped-LogoSiteCercleCouleur.png\",\"width\":168,\"height\":204,\"caption\":\"NAThalie-YOGA\"},\"image\":{\"@id\":\"https:\/\/www.nathalie-yoga.com\/#\/schema\/logo\/image\/\"},\"sameAs\":[\"https:\/\/www.facebook.com\/Nathalieyoga-105104835221700\",\"https:\/\/studio.youtube.com\/channel\/UCIzlfL2iLtNhlW_xsvmi7-g\/videos\/upload?filter=[]&amp;sort={&quot;columnType&quot;:&quot;date&quot;,&quot;sortOrder&quot;DESCENDING&quot;}\"]}]}<\/script>\n<!-- \/ Yoast SEO plugin. -->","yoast_head_json":{"title":"L'Hygi\u00e8ne de Vie ou Routine (Dynacharia) - NAThalie-YOGA - Alimentation ayurv\u00e9dique","description":"Une alimentation saine, biologique et de saison adapt\u00e9e \u00e0 son \u00e2ge et environnement dans un cadre de vie harmonieux.","robots":{"index":"index","follow":"follow","max-snippet":"max-snippet:-1","max-image-preview":"max-image-preview:large","max-video-preview":"max-video-preview:-1"},"canonical":"https:\/\/www.nathalie-yoga.com\/index.php\/hygiene-de-vie\/","og_locale":"fr_FR","og_type":"article","og_title":"L'Hygi\u00e8ne de Vie ou Routine (Dynacharia) - NAThalie-YOGA - Alimentation ayurv\u00e9dique","og_description":"Une alimentation saine, biologique et de saison adapt\u00e9e \u00e0 son \u00e2ge et environnement dans un cadre de vie harmonieux.","og_url":"https:\/\/www.nathalie-yoga.com\/index.php\/hygiene-de-vie\/","og_site_name":"NAThalie-YOGA","article_publisher":"https:\/\/www.facebook.com\/Nathalieyoga-105104835221700","article_modified_time":"2024-07-01T14:56:38+00:00","og_image":[{"width":1238,"height":676,"url":"https:\/\/www.nathalie-yoga.com\/wp-content\/uploads\/2021\/08\/HygieneVie.jpg","type":"image\/jpeg"}],"twitter_card":"summary_large_image","twitter_misc":{"Dur\u00e9e de lecture estim\u00e9e":"5 minutes"},"schema":{"@context":"https:\/\/schema.org","@graph":[{"@type":"WebPage","@id":"https:\/\/www.nathalie-yoga.com\/index.php\/hygiene-de-vie\/","url":"https:\/\/www.nathalie-yoga.com\/index.php\/hygiene-de-vie\/","name":"L'Hygi\u00e8ne de Vie ou Routine (Dynacharia) - NAThalie-YOGA - Alimentation ayurv\u00e9dique","isPartOf":{"@id":"https:\/\/www.nathalie-yoga.com\/#website"},"primaryImageOfPage":{"@id":"https:\/\/www.nathalie-yoga.com\/index.php\/hygiene-de-vie\/#primaryimage"},"image":{"@id":"https:\/\/www.nathalie-yoga.com\/index.php\/hygiene-de-vie\/#primaryimage"},"thumbnailUrl":"https:\/\/www.nathalie-yoga.com\/wp-content\/uploads\/2021\/08\/HygieneVie.jpg","datePublished":"2021-08-09T21:47:36+00:00","dateModified":"2024-07-01T14:56:38+00:00","description":"Une alimentation saine, biologique et de saison adapt\u00e9e \u00e0 son \u00e2ge et environnement dans un cadre de vie harmonieux.","breadcrumb":{"@id":"https:\/\/www.nathalie-yoga.com\/index.php\/hygiene-de-vie\/#breadcrumb"},"inLanguage":"fr-FR","potentialAction":[{"@type":"ReadAction","target":["https:\/\/www.nathalie-yoga.com\/index.php\/hygiene-de-vie\/"]}]},{"@type":"ImageObject","inLanguage":"fr-FR","@id":"https:\/\/www.nathalie-yoga.com\/index.php\/hygiene-de-vie\/#primaryimage","url":"https:\/\/www.nathalie-yoga.com\/wp-content\/uploads\/2021\/08\/HygieneVie.jpg","contentUrl":"https:\/\/www.nathalie-yoga.com\/wp-content\/uploads\/2021\/08\/HygieneVie.jpg","width":1238,"height":676},{"@type":"BreadcrumbList","@id":"https:\/\/www.nathalie-yoga.com\/index.php\/hygiene-de-vie\/#breadcrumb","itemListElement":[{"@type":"ListItem","position":1,"name":"Accueil","item":"https:\/\/www.nathalie-yoga.com\/"},{"@type":"ListItem","position":2,"name":"L&rsquo;Hygi\u00e8ne de Vie ou Routine (Dynacharia)"}]},{"@type":"WebSite","@id":"https:\/\/www.nathalie-yoga.com\/#website","url":"https:\/\/www.nathalie-yoga.com\/","name":"NAThalie-YOGA","description":"Ayurveda &amp; Yoga","publisher":{"@id":"https:\/\/www.nathalie-yoga.com\/#organization"},"potentialAction":[{"@type":"SearchAction","target":{"@type":"EntryPoint","urlTemplate":"https:\/\/www.nathalie-yoga.com\/?s={search_term_string}"},"query-input":{"@type":"PropertyValueSpecification","valueRequired":true,"valueName":"search_term_string"}}],"inLanguage":"fr-FR"},{"@type":"Organization","@id":"https:\/\/www.nathalie-yoga.com\/#organization","name":"NAThalie-YOGA","url":"https:\/\/www.nathalie-yoga.com\/","logo":{"@type":"ImageObject","inLanguage":"fr-FR","@id":"https:\/\/www.nathalie-yoga.com\/#\/schema\/logo\/image\/","url":"https:\/\/www.nathalie-yoga.com\/wp-content\/uploads\/2021\/11\/cropped-LogoSiteCercleCouleur.png","contentUrl":"https:\/\/www.nathalie-yoga.com\/wp-content\/uploads\/2021\/11\/cropped-LogoSiteCercleCouleur.png","width":168,"height":204,"caption":"NAThalie-YOGA"},"image":{"@id":"https:\/\/www.nathalie-yoga.com\/#\/schema\/logo\/image\/"},"sameAs":["https:\/\/www.facebook.com\/Nathalieyoga-105104835221700","https:\/\/studio.youtube.com\/channel\/UCIzlfL2iLtNhlW_xsvmi7-g\/videos\/upload?filter=[]&amp;sort={&quot;columnType&quot;:&quot;date&quot;,&quot;sortOrder&quot;DESCENDING&quot;}"]}]}},"jetpack_sharing_enabled":true,"_links":{"self":[{"href":"https:\/\/www.nathalie-yoga.com\/index.php\/wp-json\/wp\/v2\/pages\/23","targetHints":{"allow":["GET"]}}],"collection":[{"href":"https:\/\/www.nathalie-yoga.com\/index.php\/wp-json\/wp\/v2\/pages"}],"about":[{"href":"https:\/\/www.nathalie-yoga.com\/index.php\/wp-json\/wp\/v2\/types\/page"}],"author":[{"embeddable":true,"href":"https:\/\/www.nathalie-yoga.com\/index.php\/wp-json\/wp\/v2\/users\/1"}],"replies":[{"embeddable":true,"href":"https:\/\/www.nathalie-yoga.com\/index.php\/wp-json\/wp\/v2\/comments?post=23"}],"version-history":[{"count":15,"href":"https:\/\/www.nathalie-yoga.com\/index.php\/wp-json\/wp\/v2\/pages\/23\/revisions"}],"predecessor-version":[{"id":1580,"href":"https:\/\/www.nathalie-yoga.com\/index.php\/wp-json\/wp\/v2\/pages\/23\/revisions\/1580"}],"wp:featuredmedia":[{"embeddable":true,"href":"https:\/\/www.nathalie-yoga.com\/index.php\/wp-json\/wp\/v2\/media\/544"}],"wp:attachment":[{"href":"https:\/\/www.nathalie-yoga.com\/index.php\/wp-json\/wp\/v2\/media?parent=23"}],"curies":[{"name":"wp","href":"https:\/\/api.w.org\/{rel}","templated":true}]}}