{"id":21,"date":"2021-08-09T23:47:01","date_gmt":"2021-08-09T21:47:01","guid":{"rendered":"http:\/\/www.nathalie-yoga.com\/?page_id=21"},"modified":"2025-08-14T11:56:14","modified_gmt":"2025-08-14T09:56:14","slug":"posture-du-mois-la-salutation-au-soleil","status":"publish","type":"page","link":"https:\/\/www.nathalie-yoga.com\/index.php\/posture-du-mois-la-salutation-au-soleil\/","title":{"rendered":"LA POSTURE"},"content":{"rendered":"<div class=\"wp-block-image\">\n<figure class=\"aligncenter size-large\"><img loading=\"lazy\" decoding=\"async\" width=\"1024\" height=\"576\" src=\"https:\/\/www.nathalie-yoga.com\/wp-content\/uploads\/2021\/09\/la-salutation-au-soleil-1024x576.png\" alt=\"\" class=\"wp-image-686\" srcset=\"https:\/\/www.nathalie-yoga.com\/wp-content\/uploads\/2021\/09\/la-salutation-au-soleil-1024x576.png 1024w, https:\/\/www.nathalie-yoga.com\/wp-content\/uploads\/2021\/09\/la-salutation-au-soleil-300x169.png 300w, https:\/\/www.nathalie-yoga.com\/wp-content\/uploads\/2021\/09\/la-salutation-au-soleil-768x432.png 768w, https:\/\/www.nathalie-yoga.com\/wp-content\/uploads\/2021\/09\/la-salutation-au-soleil-1536x864.png 1536w, https:\/\/www.nathalie-yoga.com\/wp-content\/uploads\/2021\/09\/la-salutation-au-soleil-533x300.png 533w, https:\/\/www.nathalie-yoga.com\/wp-content\/uploads\/2021\/09\/la-salutation-au-soleil.png 1920w\" sizes=\"auto, (max-width: 1024px) 100vw, 1024px\" \/><figcaption class=\"wp-element-caption\"><strong>La salutation au Soleil<\/strong><\/figcaption><\/figure><\/div>\n\n\n<h2 class=\"wp-block-heading has-text-align-center has-accent-2-color has-accent-1-background-color has-text-color has-background has-large-font-size\">LA SALUTATION AU SOLEIL, VOTRE PARENTH\u00c8SE BIEN-\u00caTRE<\/h2>\n\n\n\n<h2 class=\"wp-block-heading has-text-align-center has-accent-2-color has-accent-1-background-color has-text-color has-background has-large-font-size\">Cet encha\u00eenement de postures, le matin \u00e0 je\u00fbn est un excellent rituel pour tous les Doshas :  Vata ( air et espace) l&rsquo; aide \u00e0 canaliser l&rsquo; energie et la mobilit\u00e9 de ses  articulations, Pitta ( feu et eau) active son feu int\u00e9rieur autant dans le corps que dans la digestion et les flux interieurs mobilis\u00e9s dans leurs canaux(srotas), Kapha ( terre et eau ) le sort de sa l\u00e9targie( terre) en mobilisant les os et muscles .<\/h2>\n\n\n\n<p class=\"has-accent-2-color has-text-color has-large-font-size\">Je vous rassure tout de suite, il n\u2019est pas n\u00e9cessaire de vous tirer du lit \u00e0 5 heures du matin pour bien r\u00e9aliser votre Salutation au soleil! \u201cCertaines personnes pensent que ces mouvements doivent  \u00eatre fait,  lorsque le soleil se l\u00e8ve\u201d.<br><\/p>\n\n\n\n<p class=\"has-text-align-justify has-accent-2-color has-text-color has-large-font-size\">J\u2019y ai aussi cru un temps mais la <strong>Salutation au soleil <\/strong>est avant tout une pratique destin\u00e9e \u00e0 se <strong>faire du bien<\/strong> et \u00e0 se<strong>&nbsp;reconnecter \u00e0 son moi profond<\/strong>. Le soleil peut tout \u00e0 fait \u00eatre salu\u00e9 \u00e0 9 heures ou par temps gris, lorsqu\u2019il se cache derri\u00e8re les nuages.\u201d En termes de timing, vous n\u2019aurez donc pas besoin de programmer votre r\u00e9veil aux aurores pour remplir votre objectif\u2026 La Salutation au soleil est avant tout des mouvements destin\u00e9s \u00e0 vous FAIRE du BIEN et \u00e0 vous <strong>apaiser <\/strong>et \u00e0 vous <strong>lib\u00e9rer<\/strong> de vos ARTICULATIONS, d\u00e9tendre vos MUSCLES, amener du TONUS musculaire pour la journ\u00e9e&nbsp;.<br><\/p>\n\n\n\n<p class=\"has-accent-2-color has-text-color has-large-font-size\">Ce qui est important , c&rsquo;est de la faire en fonction de votre Dosha dominant:<\/p>\n\n\n\n<p class=\"has-accent-2-color has-text-color has-large-font-size\">Pour vata :  s&rsquo;exercer \u00e0 <strong>la faire lentement<\/strong>,  en posant  bien sa respiration ! <strong> peu important le temps<\/strong> passer <\/p>\n\n\n\n<p class=\"has-accent-2-color has-text-color has-large-font-size\">\u00ab\u00a0pas d&rsquo;objectif de vite fait bien fait et hop on passe \u00e0 autre chose\u00a0\u00bb<\/p>\n\n\n\n<p class=\"has-accent-2-color has-text-color has-large-font-size\"><strong>Pour Pitta<\/strong> : Dans un premier, <strong>sans objectif pr\u00e9cis<\/strong>,  pas de montre en main, car pour un pitta, c&rsquo;est comme \u00e7a qu&rsquo;il met les choses en place, il lui faudra<strong>  \u00eatre dans le ressenti <\/strong>!<\/p>\n\n\n\n<p class=\"has-accent-2-color has-text-color has-large-font-size\"><strong>Pour Kapha<\/strong> : le mouvement est essentiel pour lui, bouger sa terre, c&rsquo;est comme<strong> bouger une montagne<\/strong> et le matin, c&rsquo;est l&rsquo;Himalaya ! Donc pourquoi pas <strong>sur une musique qui le stimule<\/strong>.<\/p>\n\n\n\n<p><\/p>\n\n\n\n<p class=\"has-text-align-justify has-accent-2-color has-text-color has-large-font-size\">La salutation au soleil, se fera apr\u00e8s votre r\u00e9veil, quand vous aurez pris votre douche et vous vous serez habillez.<strong> Il important de ne pas manger avant pour la faire.<\/strong> Car la salutation vous fait encha\u00eener des postures profondes, au niveau des grandes articulations, de l\u2019abdomen, de la t\u00eate; si vous avez manger votre digestion en sera g\u00ean\u00e9. Le corps ne fait pas plusieurs choses \u00e0 la fois surtout le matin.<\/p>\n\n\n\n<h4 class=\"wp-block-heading has-text-align-center has-accent-2-color has-accent-1-background-color has-text-color has-background has-large-font-size\">QU&rsquo;EST-CE QU&rsquo;UNE SALUTATION AU SOLEIL ?<\/h4>\n\n\n\n<p class=\"has-text-align-justify has-accent-2-color has-text-color has-large-font-size\">Mais qu\u2019est ce que pr\u00e9cis\u00e9ment la Salutation au soleil (Surya Namaskar en Sanskrit) ?<br>Si vous avez d\u00e9j\u00e0 r\u00e9alis\u00e9 cet encha\u00eenement, vous savez : La salutation cr\u00e9\u00e9e une <strong>chaleur <\/strong>dans le <strong>corps<\/strong>, les <strong>muscles<\/strong>, les <strong>os<\/strong>, la <strong>respiration <\/strong>. Apr\u00e8s plusieurs encha\u00eenement vous avez la sensation de l\u2019ensemble de votre corps actif, r\u00e9veill\u00e9 et pr\u00eat pour le combat physique de votre journ\u00e9e( qui parfois est un vrai marathon).<br>Le soleil est dans votre corps, c\u0153ur et t\u00eate.<br>La salutation au Soleil est aussi \u00e7a. il existe <strong>PLUSIEURS <\/strong>types de Salutation au soleil, chacun choisira celle qui lui correspond :<br>Certains enseignants la font encha\u00eener cinq fois \u00e0 leurs \u00e9l\u00e8ves, d\u2019autres trois fois. Si vous pensez que cette Salutation au soleil est ancestrale, pas tout \u00e0 fait. \u201cJe pense que c\u2019est une pratique qui a \u00e9t\u00e9 initi\u00e9e au d\u00e9but du 20e si\u00e8cle, dans les ann\u00e9es 1900. Les pratiquants l\u2019ont fa\u00e7onn\u00e9e et le mouvement a beaucoup \u00e9volu\u00e9 depuis.\u201d<\/p>\n\n\n\n<h2 class=\"wp-block-heading has-text-align-center has-accent-2-color has-accent-1-background-color has-text-color has-background has-large-font-size\">COMMENT FAIRE LA SALUTATION AU SOLEIL<\/h2>\n\n\n\n<p class=\"has-text-align-center\"><\/p>\n\n\n\n<p class=\"has-text-align-justify has-accent-2-color has-text-color has-large-font-size\">Concr\u00e8tement, la Salutation au soleil d\u00e9marre par la <strong>posture debout<\/strong> devant son tapis, les pieds l\u00e9g\u00e8rement \u00e9cart\u00e9s, de fa\u00e7on \u00e0 \u00eatre bien ancr\u00e9 au sol et de prendre en consid\u00e9ration la largeur de vos hanches . <strong>Grandissez-vous<\/strong> et <strong>\u00e9coutez <\/strong>votre <strong>respiration<\/strong>. L\u2019arri\u00e8re du corps est ensuite sollicit\u00e9 de mani\u00e8re \u00e0 r\u00e9aliser une <strong>pince <\/strong>avant. \u201cLe dos et les jambes vont s\u2019\u00e9tirer, de fa\u00e7on \u00e0 ce que le pratiquant parte en avant et descende jusqu\u2019\u00e0 la r\u00e9alisation d\u2019une <strong>planche<\/strong>. L\u2019id\u00e9e, c\u2019est de prendre contact avec le <strong>sol <\/strong>et de s\u2019y <strong>ancrer<\/strong>. Ce mouvement se poursuit avec <strong>les positions du Chien<\/strong> t\u00eate en <strong>haut <\/strong>et du&nbsp;Chien t\u00eate en <strong>bas<\/strong>. Lors de ces postures, je conseille de r\u00e9aliser cinq respirations. Puis le pratiquant revient ensuite vers une demi pince et une pince compl\u00e8te.<br>Cette salutation que je vous pr\u00e9sente, est assez simple. Une fois que vous l\u2019avez ma\u00eetris\u00e9, vous pourrez ins\u00e9rer d\u2019autres postures plus fortifiants. Vous les trouverez sur internet assez facilement.<\/p>\n\n\n\n<h4 class=\"wp-block-heading has-text-align-center has-accent-2-color has-accent-1-background-color has-text-color has-background has-large-font-size\">LES BIENFAITS DE LA SALUTATION AU SOLEIL<\/h4>\n\n\n\n<p class=\"has-text-align-justify has-accent-2-color has-text-color has-large-font-size\">D\u2019un point de vue physiologique, la Salutation au soleil est destin\u00e9 \u00e0 mettre le corps en condition et le pr\u00e9pare \u00e0 la s\u00e9ance. \u201cC\u2019est un mouvement tr\u00e8s complet, qui fait travailler <strong>tout le corps<\/strong>. La Salutation au soleil s\u2019apparente \u00e0 un r\u00e9el travail de <strong>renforcement musculaire<\/strong>\u201d. \u201cOn peut \u00e9ventuellement le comparer \u00e0 un \u00e9chauffement, qui va de suite nous connecter \u00e0 la pratique. \u201d Mais la Salutation au soleil peut \u00e9galement \u00eatre r\u00e9alis\u00e9e de mani\u00e8re ind\u00e9pendante : ces quelques minutes d\u2019exercice vous feront travailler et \u00e9veilleront vos diff\u00e9rents groupes musculaires. Cet encha\u00eenement dynamique place le <strong>corps <\/strong>en condition, mais \u00e9galement <strong>l\u2019esprit<\/strong>. Car la Salutation au soleil, v\u00e9ritable \u00e9chantillon de postures yogistes, peut \u00eatre assimil\u00e9 \u00e0 un point d\u2019entr\u00e9e ou une <strong>parenth\u00e8se de d\u00e9tente<\/strong>. C\u2019est le moment o\u00f9 vous laisserez le stress et le rythme du quotidien et que vous vous connecterez \u00e0 vous-m\u00eame. La Salutation au soleil, c\u2019est un peu le bouton \u201cpause\u201d de votre quotidien, une bulle au sein de laquelle vous vous <strong>ressourcerez<\/strong>. Vous reprendrez conscience de votre respiration, la r\u00e9gulerez et vous sentirez pr\u00eat(e) \u00e0 d\u00e9marrer la pratique ou la journ\u00e9e. \u201cPour r\u00e9sumer, la Salutation au soleil permet de se <strong>connecter <\/strong>\u00e0 son <strong>souffle <\/strong>et \u00e0 son <strong>corps<\/strong>.\u201d&nbsp;<br><\/p>\n\n\n\n<h4 class=\"wp-block-heading has-text-align-center has-accent-2-color has-accent-1-background-color has-text-color has-background has-large-font-size\"> QUAND PRATIQUER LA SALUTATION AU SOLEIL<\/h4>\n\n\n\n<p class=\"has-text-align-justify has-accent-2-color has-text-color has-large-font-size\">Ce mouvement est <strong>accessible \u00e0 tous<\/strong>. C\u2019est m\u00eame l\u2019un des premiers que vous d\u00e9couvrirez si vous d\u00e9cidez de vous initier \u00e0 la pratique du yoga. \u201cJ\u2019aime l\u2019enseigner car c\u2019est un encha\u00eenement qu\u2019il est tout \u00e0 fait possible de r\u00e9aliser seul, chez soi\u201d, (je suis une pratiquante tr\u00e8s r\u00e9guli\u00e8re de la Salutation au soleil). \u201cSouvent, les pratiquants ne savent pas trop quelles postures effectuer lorsqu\u2019ils se retrouvent sans professeur. La Salutation au soleil est un encha\u00eenement relativement simple, qui comprend peu de postures. <strong>C&rsquo;est  facile \u00e0 apprendre<\/strong>. C\u2019est une excellente mani\u00e8re de savoir quoi faire depuis chez soi. Cela pose un cadre.\u201d La Salutation au soleil peut ainsi \u00eatre r\u00e9alis\u00e9e le matin, avant une journ\u00e9e de travail, pour l\u2019aborder l\u2019esprit plus l\u00e9ger! Ce mouvement peut \u00eatre \u00e9galement une excellente mani\u00e8re de bien terminer la journ\u00e9e et d\u2019<strong>\u00e9vacuer ainsi le stress accumul\u00e9<\/strong>. \u201cC\u2019est un mouvement qui ne dure que quelques minutes. Il est r\u00e9p\u00e9t\u00e9 plusieurs fois\u2026 un <strong>minimum<\/strong> de<strong> 3 fois<\/strong>\u201d, 1 fois pour le <strong>cot\u00e9 gauche<\/strong>, puis le <strong>cot\u00e9 droit<\/strong> et ensuite pour les 2 cot\u00e9s en faisant le petit bond avec les deux jambes ensemble, comme la trilogie, la trimurti ou le trident (symboles indien).<\/p>\n\n\n\n<h4 class=\"wp-block-heading has-text-align-center has-accent-2-color has-accent-1-background-color has-text-color has-background has-large-font-size\"> A CHACUN SON RYTHME !<\/h4>\n\n\n\n<p class=\"has-text-align-justify has-accent-2-color has-text-color has-large-font-size\">En termes de <strong>rythme<\/strong>, la r\u00e9alisation de la Salutation au Soleil est <strong>propre \u00e0 chacun<\/strong> et surtout de votre Dosha. \u201cLors des s\u00e9ances collectives, les indications de l\u2019enseignante Nathalie Sineux, imposent une certaine cadence de mouvement. G\u00e9n\u00e9ralement, ce dernier guide les pratiquants \u00e0 la voix lors des trois premi\u00e8res r\u00e9alisations, puis les laisse libres d\u2019effectuer eux-m\u00eames leurs mouvements, \u00e0 leur rythme. \u201d L\u2019objectif est d\u2019\u00eatre dans <strong>l\u2019instant pr\u00e9sent<\/strong> et de <strong>ma\u00eetriser son souffle<\/strong>. Il est important que chacun r\u00e9alise son mouvement comme il l\u2019entend. \u201cIl ne faut pas \u00eatre essouffl\u00e9, l\u2019objectif recherch\u00e9 est plut\u00f4t d\u2019\u00eatre dans la <strong>r\u00e9gulation <\/strong>de sa <strong>respiration<\/strong>, de fa\u00e7on \u00e0 ma\u00eetriser son rythme cardiaque.\u201d Quelque soit votre niveau et la fr\u00e9quence de votre pratique, il est important d\u2019<strong>\u00eatre \u00e0 l\u2019\u00e9coute de vous-m\u00eame<\/strong> pour r\u00e9aliser cet encha\u00eenement. L\u2019objectif est r\u00e9ellement de vous <strong>faire du bien<\/strong>. Le r\u00e9aliser n\u2019est pas une fin en soi : \u00e9coutez votre souffle et prenez le temps d\u2019\u00eatre avec vous-m\u00eame, coup\u00e9(e) de tout flux n\u00e9gatif !<br>La Salutation au soleil offre un joli panel de postures classiques et s\u2019av\u00e8re \u00eatre une excellente mani\u00e8re de pratiquer depuis chez soi. Cet encha\u00eenement, qui ne vous prendra que quelques minutes, vous permettra de vous faire du bien, tant <strong>physiquement <\/strong>que <strong>moralement<\/strong>. N\u2019h\u00e9sitez pas \u00e0 vous lever quelques minutes plus t\u00f4t pour charger vos batteries et prenez un instant pour <strong>\u00e9vacuer les \u00e9motions n\u00e9gatives<\/strong>. Faites le \u00e0 votre guise, en vous \u00e9coutant. Les bienfaits de cette pratique sont multiples : <strong>vous gagnerez en FORCE, en SOUPLESSE, en SOUFFLE et ferez diminuer votre STRESS. Une vraie parenth\u00e8se bien-\u00eatre en somme !<\/strong><\/p>\n\n\n\n<p class=\"has-large-font-size\">Nathalie Sineux<\/p>\n<!--CusAds0-->\n<div style=\"font-size: 0px; height: 0px; line-height: 0px; margin: 0; padding: 0; clear: both;\"><\/div>","protected":false},"excerpt":{"rendered":"<p>LA SALUTATION AU SOLEIL, VOTRE PARENTH\u00c8SE BIEN-\u00caTRE Cet encha\u00eenement de postures, le matin \u00e0 je\u00fbn est un excellent rituel pour tous les Doshas : Vata &hellip;<\/p>\n","protected":false},"author":1,"featured_media":680,"parent":0,"menu_order":0,"comment_status":"closed","ping_status":"closed","template":"","meta":{"footnotes":""},"class_list":["post-21","page","type-page","status-publish","has-post-thumbnail","hentry"],"yoast_head":"<!-- This site is optimized with the Yoast SEO plugin v23.7 - https:\/\/yoast.com\/wordpress\/plugins\/seo\/ -->\n<title>LA POSTURE - NAThalie-YOGA - Salutation au soleil<\/title>\n<meta name=\"description\" content=\"La salutation au soleil votre parenth\u00e8se bien \u00eatre. Au multiple vertus vous renforcerez ainsi votre corps et votre esprit.\" \/>\n<meta name=\"robots\" content=\"index, follow, max-snippet:-1, max-image-preview:large, max-video-preview:-1\" \/>\n<link rel=\"canonical\" href=\"https:\/\/www.nathalie-yoga.com\/index.php\/posture-du-mois-la-salutation-au-soleil\/\" \/>\n<meta property=\"og:locale\" content=\"fr_FR\" \/>\n<meta property=\"og:type\" content=\"article\" \/>\n<meta property=\"og:title\" content=\"LA POSTURE - NAThalie-YOGA - Salutation au soleil\" \/>\n<meta property=\"og:description\" content=\"La salutation au soleil votre parenth\u00e8se bien \u00eatre. Au multiple vertus vous renforcerez ainsi votre corps et votre esprit.\" \/>\n<meta property=\"og:url\" content=\"https:\/\/www.nathalie-yoga.com\/index.php\/posture-du-mois-la-salutation-au-soleil\/\" \/>\n<meta property=\"og:site_name\" content=\"NAThalie-YOGA\" \/>\n<meta property=\"article:publisher\" content=\"https:\/\/www.facebook.com\/Nathalieyoga-105104835221700\" \/>\n<meta property=\"article:modified_time\" content=\"2025-08-14T09:56:14+00:00\" \/>\n<meta property=\"og:image\" content=\"https:\/\/www.nathalie-yoga.com\/wp-content\/uploads\/2021\/09\/Postures.jpg\" \/>\n\t<meta property=\"og:image:width\" content=\"1238\" \/>\n\t<meta property=\"og:image:height\" content=\"676\" \/>\n\t<meta property=\"og:image:type\" content=\"image\/jpeg\" \/>\n<meta name=\"twitter:card\" content=\"summary_large_image\" \/>\n<meta name=\"twitter:label1\" content=\"Dur\u00e9e de lecture estim\u00e9e\" \/>\n\t<meta name=\"twitter:data1\" content=\"8 minutes\" \/>\n<script type=\"application\/ld+json\" class=\"yoast-schema-graph\">{\"@context\":\"https:\/\/schema.org\",\"@graph\":[{\"@type\":\"WebPage\",\"@id\":\"https:\/\/www.nathalie-yoga.com\/index.php\/posture-du-mois-la-salutation-au-soleil\/\",\"url\":\"https:\/\/www.nathalie-yoga.com\/index.php\/posture-du-mois-la-salutation-au-soleil\/\",\"name\":\"LA POSTURE - NAThalie-YOGA - Salutation au soleil\",\"isPartOf\":{\"@id\":\"https:\/\/www.nathalie-yoga.com\/#website\"},\"primaryImageOfPage\":{\"@id\":\"https:\/\/www.nathalie-yoga.com\/index.php\/posture-du-mois-la-salutation-au-soleil\/#primaryimage\"},\"image\":{\"@id\":\"https:\/\/www.nathalie-yoga.com\/index.php\/posture-du-mois-la-salutation-au-soleil\/#primaryimage\"},\"thumbnailUrl\":\"https:\/\/www.nathalie-yoga.com\/wp-content\/uploads\/2021\/09\/Postures.jpg\",\"datePublished\":\"2021-08-09T21:47:01+00:00\",\"dateModified\":\"2025-08-14T09:56:14+00:00\",\"description\":\"La salutation au soleil votre parenth\u00e8se bien \u00eatre. Au multiple vertus vous renforcerez ainsi votre corps et votre esprit.\",\"breadcrumb\":{\"@id\":\"https:\/\/www.nathalie-yoga.com\/index.php\/posture-du-mois-la-salutation-au-soleil\/#breadcrumb\"},\"inLanguage\":\"fr-FR\",\"potentialAction\":[{\"@type\":\"ReadAction\",\"target\":[\"https:\/\/www.nathalie-yoga.com\/index.php\/posture-du-mois-la-salutation-au-soleil\/\"]}]},{\"@type\":\"ImageObject\",\"inLanguage\":\"fr-FR\",\"@id\":\"https:\/\/www.nathalie-yoga.com\/index.php\/posture-du-mois-la-salutation-au-soleil\/#primaryimage\",\"url\":\"https:\/\/www.nathalie-yoga.com\/wp-content\/uploads\/2021\/09\/Postures.jpg\",\"contentUrl\":\"https:\/\/www.nathalie-yoga.com\/wp-content\/uploads\/2021\/09\/Postures.jpg\",\"width\":1238,\"height\":676},{\"@type\":\"BreadcrumbList\",\"@id\":\"https:\/\/www.nathalie-yoga.com\/index.php\/posture-du-mois-la-salutation-au-soleil\/#breadcrumb\",\"itemListElement\":[{\"@type\":\"ListItem\",\"position\":1,\"name\":\"Accueil\",\"item\":\"https:\/\/www.nathalie-yoga.com\/\"},{\"@type\":\"ListItem\",\"position\":2,\"name\":\"LA POSTURE\"}]},{\"@type\":\"WebSite\",\"@id\":\"https:\/\/www.nathalie-yoga.com\/#website\",\"url\":\"https:\/\/www.nathalie-yoga.com\/\",\"name\":\"NAThalie-YOGA\",\"description\":\"Ayurveda &amp; Yoga\",\"publisher\":{\"@id\":\"https:\/\/www.nathalie-yoga.com\/#organization\"},\"potentialAction\":[{\"@type\":\"SearchAction\",\"target\":{\"@type\":\"EntryPoint\",\"urlTemplate\":\"https:\/\/www.nathalie-yoga.com\/?s={search_term_string}\"},\"query-input\":{\"@type\":\"PropertyValueSpecification\",\"valueRequired\":true,\"valueName\":\"search_term_string\"}}],\"inLanguage\":\"fr-FR\"},{\"@type\":\"Organization\",\"@id\":\"https:\/\/www.nathalie-yoga.com\/#organization\",\"name\":\"NAThalie-YOGA\",\"url\":\"https:\/\/www.nathalie-yoga.com\/\",\"logo\":{\"@type\":\"ImageObject\",\"inLanguage\":\"fr-FR\",\"@id\":\"https:\/\/www.nathalie-yoga.com\/#\/schema\/logo\/image\/\",\"url\":\"https:\/\/www.nathalie-yoga.com\/wp-content\/uploads\/2021\/11\/cropped-LogoSiteCercleCouleur.png\",\"contentUrl\":\"https:\/\/www.nathalie-yoga.com\/wp-content\/uploads\/2021\/11\/cropped-LogoSiteCercleCouleur.png\",\"width\":168,\"height\":204,\"caption\":\"NAThalie-YOGA\"},\"image\":{\"@id\":\"https:\/\/www.nathalie-yoga.com\/#\/schema\/logo\/image\/\"},\"sameAs\":[\"https:\/\/www.facebook.com\/Nathalieyoga-105104835221700\",\"https:\/\/studio.youtube.com\/channel\/UCIzlfL2iLtNhlW_xsvmi7-g\/videos\/upload?filter=[]&amp;sort={&quot;columnType&quot;:&quot;date&quot;,&quot;sortOrder&quot;DESCENDING&quot;}\"]}]}<\/script>\n<!-- \/ Yoast SEO plugin. -->","yoast_head_json":{"title":"LA POSTURE - NAThalie-YOGA - Salutation au soleil","description":"La salutation au soleil votre parenth\u00e8se bien \u00eatre. Au multiple vertus vous renforcerez ainsi votre corps et votre esprit.","robots":{"index":"index","follow":"follow","max-snippet":"max-snippet:-1","max-image-preview":"max-image-preview:large","max-video-preview":"max-video-preview:-1"},"canonical":"https:\/\/www.nathalie-yoga.com\/index.php\/posture-du-mois-la-salutation-au-soleil\/","og_locale":"fr_FR","og_type":"article","og_title":"LA POSTURE - NAThalie-YOGA - Salutation au soleil","og_description":"La salutation au soleil votre parenth\u00e8se bien \u00eatre. Au multiple vertus vous renforcerez ainsi votre corps et votre esprit.","og_url":"https:\/\/www.nathalie-yoga.com\/index.php\/posture-du-mois-la-salutation-au-soleil\/","og_site_name":"NAThalie-YOGA","article_publisher":"https:\/\/www.facebook.com\/Nathalieyoga-105104835221700","article_modified_time":"2025-08-14T09:56:14+00:00","og_image":[{"width":1238,"height":676,"url":"https:\/\/www.nathalie-yoga.com\/wp-content\/uploads\/2021\/09\/Postures.jpg","type":"image\/jpeg"}],"twitter_card":"summary_large_image","twitter_misc":{"Dur\u00e9e de lecture estim\u00e9e":"8 minutes"},"schema":{"@context":"https:\/\/schema.org","@graph":[{"@type":"WebPage","@id":"https:\/\/www.nathalie-yoga.com\/index.php\/posture-du-mois-la-salutation-au-soleil\/","url":"https:\/\/www.nathalie-yoga.com\/index.php\/posture-du-mois-la-salutation-au-soleil\/","name":"LA POSTURE - NAThalie-YOGA - Salutation au soleil","isPartOf":{"@id":"https:\/\/www.nathalie-yoga.com\/#website"},"primaryImageOfPage":{"@id":"https:\/\/www.nathalie-yoga.com\/index.php\/posture-du-mois-la-salutation-au-soleil\/#primaryimage"},"image":{"@id":"https:\/\/www.nathalie-yoga.com\/index.php\/posture-du-mois-la-salutation-au-soleil\/#primaryimage"},"thumbnailUrl":"https:\/\/www.nathalie-yoga.com\/wp-content\/uploads\/2021\/09\/Postures.jpg","datePublished":"2021-08-09T21:47:01+00:00","dateModified":"2025-08-14T09:56:14+00:00","description":"La salutation au soleil votre parenth\u00e8se bien \u00eatre. Au multiple vertus vous renforcerez ainsi votre corps et votre esprit.","breadcrumb":{"@id":"https:\/\/www.nathalie-yoga.com\/index.php\/posture-du-mois-la-salutation-au-soleil\/#breadcrumb"},"inLanguage":"fr-FR","potentialAction":[{"@type":"ReadAction","target":["https:\/\/www.nathalie-yoga.com\/index.php\/posture-du-mois-la-salutation-au-soleil\/"]}]},{"@type":"ImageObject","inLanguage":"fr-FR","@id":"https:\/\/www.nathalie-yoga.com\/index.php\/posture-du-mois-la-salutation-au-soleil\/#primaryimage","url":"https:\/\/www.nathalie-yoga.com\/wp-content\/uploads\/2021\/09\/Postures.jpg","contentUrl":"https:\/\/www.nathalie-yoga.com\/wp-content\/uploads\/2021\/09\/Postures.jpg","width":1238,"height":676},{"@type":"BreadcrumbList","@id":"https:\/\/www.nathalie-yoga.com\/index.php\/posture-du-mois-la-salutation-au-soleil\/#breadcrumb","itemListElement":[{"@type":"ListItem","position":1,"name":"Accueil","item":"https:\/\/www.nathalie-yoga.com\/"},{"@type":"ListItem","position":2,"name":"LA POSTURE"}]},{"@type":"WebSite","@id":"https:\/\/www.nathalie-yoga.com\/#website","url":"https:\/\/www.nathalie-yoga.com\/","name":"NAThalie-YOGA","description":"Ayurveda &amp; Yoga","publisher":{"@id":"https:\/\/www.nathalie-yoga.com\/#organization"},"potentialAction":[{"@type":"SearchAction","target":{"@type":"EntryPoint","urlTemplate":"https:\/\/www.nathalie-yoga.com\/?s={search_term_string}"},"query-input":{"@type":"PropertyValueSpecification","valueRequired":true,"valueName":"search_term_string"}}],"inLanguage":"fr-FR"},{"@type":"Organization","@id":"https:\/\/www.nathalie-yoga.com\/#organization","name":"NAThalie-YOGA","url":"https:\/\/www.nathalie-yoga.com\/","logo":{"@type":"ImageObject","inLanguage":"fr-FR","@id":"https:\/\/www.nathalie-yoga.com\/#\/schema\/logo\/image\/","url":"https:\/\/www.nathalie-yoga.com\/wp-content\/uploads\/2021\/11\/cropped-LogoSiteCercleCouleur.png","contentUrl":"https:\/\/www.nathalie-yoga.com\/wp-content\/uploads\/2021\/11\/cropped-LogoSiteCercleCouleur.png","width":168,"height":204,"caption":"NAThalie-YOGA"},"image":{"@id":"https:\/\/www.nathalie-yoga.com\/#\/schema\/logo\/image\/"},"sameAs":["https:\/\/www.facebook.com\/Nathalieyoga-105104835221700","https:\/\/studio.youtube.com\/channel\/UCIzlfL2iLtNhlW_xsvmi7-g\/videos\/upload?filter=[]&amp;sort={&quot;columnType&quot;:&quot;date&quot;,&quot;sortOrder&quot;DESCENDING&quot;}"]}]}},"jetpack_sharing_enabled":false,"_links":{"self":[{"href":"https:\/\/www.nathalie-yoga.com\/index.php\/wp-json\/wp\/v2\/pages\/21","targetHints":{"allow":["GET"]}}],"collection":[{"href":"https:\/\/www.nathalie-yoga.com\/index.php\/wp-json\/wp\/v2\/pages"}],"about":[{"href":"https:\/\/www.nathalie-yoga.com\/index.php\/wp-json\/wp\/v2\/types\/page"}],"author":[{"embeddable":true,"href":"https:\/\/www.nathalie-yoga.com\/index.php\/wp-json\/wp\/v2\/users\/1"}],"replies":[{"embeddable":true,"href":"https:\/\/www.nathalie-yoga.com\/index.php\/wp-json\/wp\/v2\/comments?post=21"}],"version-history":[{"count":15,"href":"https:\/\/www.nathalie-yoga.com\/index.php\/wp-json\/wp\/v2\/pages\/21\/revisions"}],"predecessor-version":[{"id":1627,"href":"https:\/\/www.nathalie-yoga.com\/index.php\/wp-json\/wp\/v2\/pages\/21\/revisions\/1627"}],"wp:featuredmedia":[{"embeddable":true,"href":"https:\/\/www.nathalie-yoga.com\/index.php\/wp-json\/wp\/v2\/media\/680"}],"wp:attachment":[{"href":"https:\/\/www.nathalie-yoga.com\/index.php\/wp-json\/wp\/v2\/media?parent=21"}],"curies":[{"name":"wp","href":"https:\/\/api.w.org\/{rel}","templated":true}]}}