{"id":19,"date":"2021-08-09T23:45:02","date_gmt":"2021-08-09T21:45:02","guid":{"rendered":"http:\/\/www.nathalie-yoga.com\/?page_id=19"},"modified":"2025-08-14T11:11:49","modified_gmt":"2025-08-14T09:11:49","slug":"infos-pratiques","status":"publish","type":"page","link":"https:\/\/www.nathalie-yoga.com\/index.php\/infos-pratiques\/","title":{"rendered":"Les Lieux des Cours de Yoga par Nathalie Sineux"},"content":{"rendered":"\n<p class=\"has-accent-2-color has-text-color has-large-font-size\">Les cours de yoga sont assur\u00e9s  par moi m\u00eame, Nathalie Sineux, form\u00e9e par l&rsquo;\u00e9cole des N\u00e2tha-Yoga de Christian Tikhomiroff  ( FFEY: F\u00e9d\u00e9ration Fran\u00e7aise des Ecoles de Yoga ),situ\u00e9 a Aix en Provence.<\/p>\n\n\n\n<p class=\"has-text-align-center has-accent-2-color has-text-color has-large-font-size\"><strong>SUR ST JUNIEN<\/strong><\/p>\n\n\n\n<p class=\"has-large-font-size\"> Ce lieu est  un espace priv\u00e9, c&rsquo;est \u00e0 dire que vous devez  m&rsquo;envoyer par sms votre r\u00e9servation pour un  cours ou appeler pour annoncer votre pr\u00e9sence sur le cours, ou  encore de m&rsquo;en informer lors de votre pr\u00e9sence \u00e0 une s\u00e9ance.<\/p>\n\n\n\n<p class=\"has-large-font-size\">Aucune personne ne sera accept\u00e9e sans cela. Avant chaque d\u00e9but de cours la salle est ouverte 15 minutes avance l&rsquo;heure, si vous \u00eates en retard, signalez le ! <\/p>\n\n\n\n<p class=\"has-sitetext-color has-text-color has-link-color has-large-font-size wp-elements-2d74d15271fbdab46a303483aaf58421\"><strong>Je SOUHAITE QUE CETTE ANNEE L&rsquo;HEURE DES COURS SOIENT RESPECTEE, POUR LE BIEN DE TOUS.<\/strong><\/p>\n\n\n\n<p class=\"has-large-font-size\">Les cours de yoga seront propos\u00e9s du mercredi  au Vendredi  au<strong> 19, rue Jean-Jacques Rousseau \u00e0 St Junien<\/strong>.<\/p>\n\n\n\n<p class=\"has-accent-2-color has-text-color has-large-font-size\">LES S\u00e9ances durent 1h30, un minimum de 2 personnes pour que le cours soit maintenu !<\/p>\n\n\n\n<p class=\"has-accent-2-color has-text-color has-large-font-size\"><span style=\"text-decoration: underline;\">Apportez vos tapis et affaires personnelles pour la pratique<\/span>.<\/p>\n\n\n\n<p class=\"has-accent-2-color has-text-color has-large-font-size\">les Tarifs \u00e0 la rentr\u00e9e 2025, sont 12\u20ac pour un abonnement de minimum 5 cours jusqu&rsquo;\u00e0 7 cours,<\/p>\n\n\n\n<p class=\"has-accent-2-color has-text-color has-large-font-size\">ou (et) 11\u20ac pour un abonnement de 8 \u00e0 15 cours de yoga r\u00e9gl\u00e9s en une seule fois.<\/p>\n\n\n\n<p class=\"has-accent-2-color has-text-color has-large-font-size\"> Le premier cours est gratuit, pour tout(e) nouvel(le) \u00e9l\u00e8ve.<\/p>\n\n\n\n<p class=\"has-text-align-center has-accent-2-color has-accent-1-background-color has-text-color has-background has-large-font-size\"> D\u00e9but de la Saison  2025\/2026 : mercredi 3 septembre 2025 \u00e0 17h sur St Junien<\/p>\n\n\n\n<p class=\"has-large-font-size\"><strong>le mercredi cours de yoga \u00e0   17h et  \u00e0 18h30 <\/strong><\/p>\n\n\n\n<p class=\"has-large-font-size\"><strong> le jeudi \u00e0 17h30 <\/strong><\/p>\n\n\n\n<p class=\"has-large-font-size\"><strong> et le vendredi \u00e0 9h et \u00e0 11h<\/strong><\/p>\n\n\n\n<p class=\"has-accent-2-color has-accent-1-background-color has-text-color has-background has-large-font-size\"><strong>Attention la validit\u00e9e de votre carte change : elle passe de 6 \u00e0 3 mois!<\/strong><\/p>\n\n\n\n<p><\/p>\n\n\n\n<p class=\"has-large-font-size\"><\/p>\n\n\n\n<p class=\"has-text-align-center has-accent-2-color has-text-color has-large-font-size\"><strong>SUR ROCHECHOUART<\/strong><\/p>\n\n\n\n<p class=\"has-accent-2-color has-text-color has-large-font-size\"> 2 cours de yoga sont mis en place dans un grand espace, salle Jacques Brel (  centre socio-culturel), AVEC l&rsquo;Association Olympes dont les pr\u00e9sidentes : Liberty et V\u00e9ronique Graff.<\/p>\n\n\n\n<p class=\"has-accent-2-color has-text-color has-large-font-size\">Si vous \u00eates nouvelle \u00e9l\u00e8ve, le premier cours est gratuit,<\/p>\n\n\n\n<p class=\"has-accent-2-color has-text-color has-large-font-size\"> Pour les anciennes \u00e9l\u00e8ves du cours de Rochechouart , le tarif \u00e9volue pour un abonnement de 11 s\u00e9ances ,<strong> cet abonnement vous coutera 98\u20ac pour cette rentr\u00e9e 202<\/strong>5.<\/p>\n\n\n\n<p class=\"has-accent-2-color has-text-color has-link-color has-large-font-size wp-elements-9d8dde07116e8bfa61f5b5bc98328eb6\"><strong>Le mardi 2 septembre 2025  \u00e0 19h<\/strong><\/p>\n\n\n\n<p class=\"has-accent-2-color has-text-color has-link-color has-large-font-size wp-elements-480f096309cce0473c3c5c67e25c8cba\"><strong>Le mercredi 3 septembre 2025 \u00e0 9h30<\/strong><\/p>\n\n\n\n<p class=\"has-sitetext-color has-text-color has-large-font-size\"> Femmes dynamiques et rayonnantes : Liberty et V\u00e9ronique<\/p>\n\n\n\n<p class=\"has-large-font-size\">Pour inscription, <strong>contactez  les : Liberty au 06.68.86.42.02<\/strong> <strong>ou V\u00e9ronique Graff au 06.87.73.32.35 <\/strong>, ou par mail : olympes87@free.fr.<\/p>\n\n\n\n<p class=\"has-sitetext-color has-text-color has-large-font-size\"><strong>Adresse de l&rsquo;Association Olympes: Mairie de Rochechouart  87600 Rochechouart<\/strong><\/p>\n\n\n\n<p><\/p>\n\n\n\n<p class=\"has-sitetext-color has-accent-1-background-color has-text-color has-background has-large-font-size\"><strong>2025<\/strong>                  <strong>d\u00e9but de Saison Yoga: mardi 2 septembre \u00e0 19h et mercredi 3 septembre 2025 \u00e0 9h30 <\/strong><\/p>\n\n\n\n<p><\/p>\n\n\n\n<p class=\"has-sitetext-color has-text-color has-large-font-size\"><\/p>\n\n\n\n<p class=\"has-text-align-center has-accent-2-color has-text-color has-large-font-size\"><\/p>\n\n\n\n<p class=\"has-accent-2-color has-text-color has-large-font-size\"><span style=\"text-decoration: underline;\">Pour tous les cours vous devrez apporter votre tapis et accessoires personnels<\/span>.<\/p>\n\n\n\n<p class=\"has-headings-color has-text-color has-large-font-size\"><strong>PLANNING MODIFIE AOUT 2025.<\/strong><\/p>\n\n\n\n<p class=\"has-large-font-size\">Nathalie Sineux<\/p>\n\n\n\n<p class=\"has-large-font-size\">Prof de yoga et Th\u00e9rapeute en Ayurv\u00e9da<\/p>\n<!--CusAds0-->\n<div style=\"font-size: 0px; height: 0px; line-height: 0px; margin: 0; padding: 0; clear: both;\"><\/div>","protected":false},"excerpt":{"rendered":"<p>Les cours de yoga sont assur\u00e9s par moi m\u00eame, Nathalie Sineux, form\u00e9e par l&rsquo;\u00e9cole des N\u00e2tha-Yoga de Christian Tikhomiroff ( FFEY: F\u00e9d\u00e9ration Fran\u00e7aise des Ecoles &hellip;<\/p>\n","protected":false},"author":1,"featured_media":893,"parent":0,"menu_order":0,"comment_status":"closed","ping_status":"closed","template":"","meta":{"footnotes":""},"class_list":["post-19","page","type-page","status-publish","has-post-thumbnail","hentry"],"yoast_head":"<!-- This site is optimized with the Yoast SEO plugin v23.7 - https:\/\/yoast.com\/wordpress\/plugins\/seo\/ -->\n<title>Les Lieux des Cours de Yoga par Nathalie Sineux - NAThalie-YOGA<\/title>\n<meta name=\"description\" content=\"Les cours de yoga sont assur\u00e9s dans diff\u00e9rents lieux ainsi tout le monde peut participer, avec ou sans pass-sanitaire.\" \/>\n<meta name=\"robots\" content=\"index, follow, max-snippet:-1, max-image-preview:large, max-video-preview:-1\" \/>\n<link rel=\"canonical\" href=\"https:\/\/www.nathalie-yoga.com\/index.php\/infos-pratiques\/\" \/>\n<meta property=\"og:locale\" content=\"fr_FR\" \/>\n<meta property=\"og:type\" content=\"article\" \/>\n<meta property=\"og:title\" content=\"Les Lieux des Cours de Yoga par Nathalie Sineux - NAThalie-YOGA\" \/>\n<meta property=\"og:description\" content=\"Les cours de yoga sont assur\u00e9s dans diff\u00e9rents lieux ainsi tout le monde peut participer, avec ou sans pass-sanitaire.\" \/>\n<meta property=\"og:url\" content=\"https:\/\/www.nathalie-yoga.com\/index.php\/infos-pratiques\/\" \/>\n<meta property=\"og:site_name\" content=\"NAThalie-YOGA\" \/>\n<meta property=\"article:publisher\" content=\"https:\/\/www.facebook.com\/Nathalieyoga-105104835221700\" \/>\n<meta property=\"article:modified_time\" content=\"2025-08-14T09:11:49+00:00\" \/>\n<meta property=\"og:image\" content=\"https:\/\/www.nathalie-yoga.com\/wp-content\/uploads\/2021\/10\/InfosPratiq.jpg\" \/>\n\t<meta property=\"og:image:width\" content=\"1238\" \/>\n\t<meta property=\"og:image:height\" content=\"676\" \/>\n\t<meta property=\"og:image:type\" content=\"image\/jpeg\" \/>\n<meta name=\"twitter:card\" content=\"summary_large_image\" \/>\n<meta name=\"twitter:label1\" content=\"Dur\u00e9e de lecture estim\u00e9e\" \/>\n\t<meta name=\"twitter:data1\" content=\"3 minutes\" \/>\n<script type=\"application\/ld+json\" class=\"yoast-schema-graph\">{\"@context\":\"https:\/\/schema.org\",\"@graph\":[{\"@type\":\"WebPage\",\"@id\":\"https:\/\/www.nathalie-yoga.com\/index.php\/infos-pratiques\/\",\"url\":\"https:\/\/www.nathalie-yoga.com\/index.php\/infos-pratiques\/\",\"name\":\"Les Lieux des Cours de Yoga par Nathalie Sineux - NAThalie-YOGA\",\"isPartOf\":{\"@id\":\"https:\/\/www.nathalie-yoga.com\/#website\"},\"primaryImageOfPage\":{\"@id\":\"https:\/\/www.nathalie-yoga.com\/index.php\/infos-pratiques\/#primaryimage\"},\"image\":{\"@id\":\"https:\/\/www.nathalie-yoga.com\/index.php\/infos-pratiques\/#primaryimage\"},\"thumbnailUrl\":\"https:\/\/www.nathalie-yoga.com\/wp-content\/uploads\/2021\/10\/InfosPratiq.jpg\",\"datePublished\":\"2021-08-09T21:45:02+00:00\",\"dateModified\":\"2025-08-14T09:11:49+00:00\",\"description\":\"Les cours de yoga sont assur\u00e9s dans diff\u00e9rents lieux ainsi tout le monde peut participer, avec ou sans pass-sanitaire.\",\"breadcrumb\":{\"@id\":\"https:\/\/www.nathalie-yoga.com\/index.php\/infos-pratiques\/#breadcrumb\"},\"inLanguage\":\"fr-FR\",\"potentialAction\":[{\"@type\":\"ReadAction\",\"target\":[\"https:\/\/www.nathalie-yoga.com\/index.php\/infos-pratiques\/\"]}]},{\"@type\":\"ImageObject\",\"inLanguage\":\"fr-FR\",\"@id\":\"https:\/\/www.nathalie-yoga.com\/index.php\/infos-pratiques\/#primaryimage\",\"url\":\"https:\/\/www.nathalie-yoga.com\/wp-content\/uploads\/2021\/10\/InfosPratiq.jpg\",\"contentUrl\":\"https:\/\/www.nathalie-yoga.com\/wp-content\/uploads\/2021\/10\/InfosPratiq.jpg\",\"width\":1238,\"height\":676},{\"@type\":\"BreadcrumbList\",\"@id\":\"https:\/\/www.nathalie-yoga.com\/index.php\/infos-pratiques\/#breadcrumb\",\"itemListElement\":[{\"@type\":\"ListItem\",\"position\":1,\"name\":\"Accueil\",\"item\":\"https:\/\/www.nathalie-yoga.com\/\"},{\"@type\":\"ListItem\",\"position\":2,\"name\":\"Les Lieux des Cours de Yoga par Nathalie Sineux\"}]},{\"@type\":\"WebSite\",\"@id\":\"https:\/\/www.nathalie-yoga.com\/#website\",\"url\":\"https:\/\/www.nathalie-yoga.com\/\",\"name\":\"NAThalie-YOGA\",\"description\":\"Ayurveda &amp; Yoga\",\"publisher\":{\"@id\":\"https:\/\/www.nathalie-yoga.com\/#organization\"},\"potentialAction\":[{\"@type\":\"SearchAction\",\"target\":{\"@type\":\"EntryPoint\",\"urlTemplate\":\"https:\/\/www.nathalie-yoga.com\/?s={search_term_string}\"},\"query-input\":{\"@type\":\"PropertyValueSpecification\",\"valueRequired\":true,\"valueName\":\"search_term_string\"}}],\"inLanguage\":\"fr-FR\"},{\"@type\":\"Organization\",\"@id\":\"https:\/\/www.nathalie-yoga.com\/#organization\",\"name\":\"NAThalie-YOGA\",\"url\":\"https:\/\/www.nathalie-yoga.com\/\",\"logo\":{\"@type\":\"ImageObject\",\"inLanguage\":\"fr-FR\",\"@id\":\"https:\/\/www.nathalie-yoga.com\/#\/schema\/logo\/image\/\",\"url\":\"https:\/\/www.nathalie-yoga.com\/wp-content\/uploads\/2021\/11\/cropped-LogoSiteCercleCouleur.png\",\"contentUrl\":\"https:\/\/www.nathalie-yoga.com\/wp-content\/uploads\/2021\/11\/cropped-LogoSiteCercleCouleur.png\",\"width\":168,\"height\":204,\"caption\":\"NAThalie-YOGA\"},\"image\":{\"@id\":\"https:\/\/www.nathalie-yoga.com\/#\/schema\/logo\/image\/\"},\"sameAs\":[\"https:\/\/www.facebook.com\/Nathalieyoga-105104835221700\",\"https:\/\/studio.youtube.com\/channel\/UCIzlfL2iLtNhlW_xsvmi7-g\/videos\/upload?filter=[]&amp;sort={&quot;columnType&quot;:&quot;date&quot;,&quot;sortOrder&quot;DESCENDING&quot;}\"]}]}<\/script>\n<!-- \/ Yoast SEO plugin. -->","yoast_head_json":{"title":"Les Lieux des Cours de Yoga par Nathalie Sineux - NAThalie-YOGA","description":"Les cours de yoga sont assur\u00e9s dans diff\u00e9rents lieux ainsi tout le monde peut participer, avec ou sans pass-sanitaire.","robots":{"index":"index","follow":"follow","max-snippet":"max-snippet:-1","max-image-preview":"max-image-preview:large","max-video-preview":"max-video-preview:-1"},"canonical":"https:\/\/www.nathalie-yoga.com\/index.php\/infos-pratiques\/","og_locale":"fr_FR","og_type":"article","og_title":"Les Lieux des Cours de Yoga par Nathalie Sineux - NAThalie-YOGA","og_description":"Les cours de yoga sont assur\u00e9s dans diff\u00e9rents lieux ainsi tout le monde peut participer, avec ou sans pass-sanitaire.","og_url":"https:\/\/www.nathalie-yoga.com\/index.php\/infos-pratiques\/","og_site_name":"NAThalie-YOGA","article_publisher":"https:\/\/www.facebook.com\/Nathalieyoga-105104835221700","article_modified_time":"2025-08-14T09:11:49+00:00","og_image":[{"width":1238,"height":676,"url":"https:\/\/www.nathalie-yoga.com\/wp-content\/uploads\/2021\/10\/InfosPratiq.jpg","type":"image\/jpeg"}],"twitter_card":"summary_large_image","twitter_misc":{"Dur\u00e9e de lecture estim\u00e9e":"3 minutes"},"schema":{"@context":"https:\/\/schema.org","@graph":[{"@type":"WebPage","@id":"https:\/\/www.nathalie-yoga.com\/index.php\/infos-pratiques\/","url":"https:\/\/www.nathalie-yoga.com\/index.php\/infos-pratiques\/","name":"Les Lieux des Cours de Yoga par Nathalie Sineux - NAThalie-YOGA","isPartOf":{"@id":"https:\/\/www.nathalie-yoga.com\/#website"},"primaryImageOfPage":{"@id":"https:\/\/www.nathalie-yoga.com\/index.php\/infos-pratiques\/#primaryimage"},"image":{"@id":"https:\/\/www.nathalie-yoga.com\/index.php\/infos-pratiques\/#primaryimage"},"thumbnailUrl":"https:\/\/www.nathalie-yoga.com\/wp-content\/uploads\/2021\/10\/InfosPratiq.jpg","datePublished":"2021-08-09T21:45:02+00:00","dateModified":"2025-08-14T09:11:49+00:00","description":"Les cours de yoga sont assur\u00e9s dans diff\u00e9rents lieux ainsi tout le monde peut participer, avec ou sans pass-sanitaire.","breadcrumb":{"@id":"https:\/\/www.nathalie-yoga.com\/index.php\/infos-pratiques\/#breadcrumb"},"inLanguage":"fr-FR","potentialAction":[{"@type":"ReadAction","target":["https:\/\/www.nathalie-yoga.com\/index.php\/infos-pratiques\/"]}]},{"@type":"ImageObject","inLanguage":"fr-FR","@id":"https:\/\/www.nathalie-yoga.com\/index.php\/infos-pratiques\/#primaryimage","url":"https:\/\/www.nathalie-yoga.com\/wp-content\/uploads\/2021\/10\/InfosPratiq.jpg","contentUrl":"https:\/\/www.nathalie-yoga.com\/wp-content\/uploads\/2021\/10\/InfosPratiq.jpg","width":1238,"height":676},{"@type":"BreadcrumbList","@id":"https:\/\/www.nathalie-yoga.com\/index.php\/infos-pratiques\/#breadcrumb","itemListElement":[{"@type":"ListItem","position":1,"name":"Accueil","item":"https:\/\/www.nathalie-yoga.com\/"},{"@type":"ListItem","position":2,"name":"Les Lieux des Cours de Yoga par Nathalie Sineux"}]},{"@type":"WebSite","@id":"https:\/\/www.nathalie-yoga.com\/#website","url":"https:\/\/www.nathalie-yoga.com\/","name":"NAThalie-YOGA","description":"Ayurveda &amp; Yoga","publisher":{"@id":"https:\/\/www.nathalie-yoga.com\/#organization"},"potentialAction":[{"@type":"SearchAction","target":{"@type":"EntryPoint","urlTemplate":"https:\/\/www.nathalie-yoga.com\/?s={search_term_string}"},"query-input":{"@type":"PropertyValueSpecification","valueRequired":true,"valueName":"search_term_string"}}],"inLanguage":"fr-FR"},{"@type":"Organization","@id":"https:\/\/www.nathalie-yoga.com\/#organization","name":"NAThalie-YOGA","url":"https:\/\/www.nathalie-yoga.com\/","logo":{"@type":"ImageObject","inLanguage":"fr-FR","@id":"https:\/\/www.nathalie-yoga.com\/#\/schema\/logo\/image\/","url":"https:\/\/www.nathalie-yoga.com\/wp-content\/uploads\/2021\/11\/cropped-LogoSiteCercleCouleur.png","contentUrl":"https:\/\/www.nathalie-yoga.com\/wp-content\/uploads\/2021\/11\/cropped-LogoSiteCercleCouleur.png","width":168,"height":204,"caption":"NAThalie-YOGA"},"image":{"@id":"https:\/\/www.nathalie-yoga.com\/#\/schema\/logo\/image\/"},"sameAs":["https:\/\/www.facebook.com\/Nathalieyoga-105104835221700","https:\/\/studio.youtube.com\/channel\/UCIzlfL2iLtNhlW_xsvmi7-g\/videos\/upload?filter=[]&amp;sort={&quot;columnType&quot;:&quot;date&quot;,&quot;sortOrder&quot;DESCENDING&quot;}"]}]}},"jetpack_sharing_enabled":false,"_links":{"self":[{"href":"https:\/\/www.nathalie-yoga.com\/index.php\/wp-json\/wp\/v2\/pages\/19","targetHints":{"allow":["GET"]}}],"collection":[{"href":"https:\/\/www.nathalie-yoga.com\/index.php\/wp-json\/wp\/v2\/pages"}],"about":[{"href":"https:\/\/www.nathalie-yoga.com\/index.php\/wp-json\/wp\/v2\/types\/page"}],"author":[{"embeddable":true,"href":"https:\/\/www.nathalie-yoga.com\/index.php\/wp-json\/wp\/v2\/users\/1"}],"replies":[{"embeddable":true,"href":"https:\/\/www.nathalie-yoga.com\/index.php\/wp-json\/wp\/v2\/comments?post=19"}],"version-history":[{"count":20,"href":"https:\/\/www.nathalie-yoga.com\/index.php\/wp-json\/wp\/v2\/pages\/19\/revisions"}],"predecessor-version":[{"id":1614,"href":"https:\/\/www.nathalie-yoga.com\/index.php\/wp-json\/wp\/v2\/pages\/19\/revisions\/1614"}],"wp:featuredmedia":[{"embeddable":true,"href":"https:\/\/www.nathalie-yoga.com\/index.php\/wp-json\/wp\/v2\/media\/893"}],"wp:attachment":[{"href":"https:\/\/www.nathalie-yoga.com\/index.php\/wp-json\/wp\/v2\/media?parent=19"}],"curies":[{"name":"wp","href":"https:\/\/api.w.org\/{rel}","templated":true}]}}