{"id":169,"date":"2021-08-11T10:05:05","date_gmt":"2021-08-11T08:05:05","guid":{"rendered":"https:\/\/www.nathalie-yoga.com\/?page_id=169"},"modified":"2025-08-14T10:43:33","modified_gmt":"2025-08-14T08:43:33","slug":"consultation","status":"publish","type":"page","link":"https:\/\/www.nathalie-yoga.com\/index.php\/consultation\/","title":{"rendered":"Consultation"},"content":{"rendered":"<div class=\"wp-block-image\">\n<figure class=\"aligncenter size-large\"><img loading=\"lazy\" decoding=\"async\" width=\"1024\" height=\"683\" src=\"https:\/\/www.nathalie-yoga.com\/wp-content\/uploads\/2021\/11\/platter-g2ba43a741_1920-1024x683.jpg\" alt=\"\" class=\"wp-image-1079\" srcset=\"https:\/\/www.nathalie-yoga.com\/wp-content\/uploads\/2021\/11\/platter-g2ba43a741_1920-1024x683.jpg 1024w, https:\/\/www.nathalie-yoga.com\/wp-content\/uploads\/2021\/11\/platter-g2ba43a741_1920-300x200.jpg 300w, https:\/\/www.nathalie-yoga.com\/wp-content\/uploads\/2021\/11\/platter-g2ba43a741_1920-768x512.jpg 768w, https:\/\/www.nathalie-yoga.com\/wp-content\/uploads\/2021\/11\/platter-g2ba43a741_1920-1536x1025.jpg 1536w, https:\/\/www.nathalie-yoga.com\/wp-content\/uploads\/2021\/11\/platter-g2ba43a741_1920-450x300.jpg 450w, https:\/\/www.nathalie-yoga.com\/wp-content\/uploads\/2021\/11\/platter-g2ba43a741_1920.jpg 1920w\" sizes=\"auto, (max-width: 1024px) 100vw, 1024px\" \/><\/figure><\/div>\n\n\n<p class=\"has-text-align-center has-accent-2-color has-accent-1-background-color has-text-color has-background has-large-font-size\">La consultation Ayurv\u00e9dique ,  pour VOUS connaitre avant tout :<\/p>\n\n\n\n<p class=\"has-text-align-center has-accent-2-color has-text-color has-large-font-size\">  Soit pour  votre constitution  ou soit  pour d\u00e9finir une routine journali\u00e8re, soit  faire un tableau des aliments b\u00e9n\u00e9fiques, soit pour une probl\u00e9matique que vous subissez, soit par envie de cr\u00e9\u00e9 une nouvelle dynamique  dans votre vie &#8230;&#8230;.etc&#8230;.<\/p>\n\n\n\n<p class=\"has-text-align-center has-accent-2-color has-text-color has-large-font-size\"><strong><span style=\"text-decoration: underline;\">SOUS FORME:<\/span><\/strong><span style=\"text-decoration: underline;\"><strong>  DE RENDEZ VOUS OU ATELIERS<\/strong><\/span><\/p>\n\n\n\n<p class=\"has-text-align-center has-accent-2-color has-text-color has-large-font-size\"><strong>    A mon cabinet :19, rue Jean Jacques Rousseau \u00e0 St Junien <\/strong>,<\/p>\n\n\n\n<p class=\"has-text-align-center has-accent-2-color has-text-color has-large-font-size\"><strong> Chez vous <\/strong>,<\/p>\n\n\n\n<p class=\"has-text-align-center has-accent-2-color has-text-color has-large-font-size\"><strong> Dans un lieu tiers<\/strong><\/p>\n\n\n\n<p class=\"has-text-align-center has-accent-2-color has-text-color has-large-font-size\"> SEUL ou  avec des amis,  la famille, coll\u00e8gues de travail , partenaire de vie&#8230;. <\/p>\n\n\n\n<p class=\"has-text-align-center has-accent-2-color has-text-color has-large-font-size\"><strong>Vous allez apprendre \u00e0 vous observer ! C&rsquo;est essentiel, comment je fonctionne, mes sens :je les utilisent pour moi !!<\/strong><\/p>\n\n\n\n<p class=\"has-accent-2-color has-text-color has-large-font-size\">Quand on est perdu dans la fa\u00e7on de bien manger, c&rsquo;est QUOI BIEN MANGER ? combien de repas\/ jour, quoi faire?  viande ou v\u00e9g\u00e9tarien ?  avec gluten ou sans gluten ? C&rsquo;est quoi \u00eatre allergique, intol\u00e9rant! Pourquoi apres chaque repas j&rsquo;ai des douleurs ? J&rsquo;aimerai faire mes produits de beaut\u00e9 ! <\/p>\n\n\n\n<p class=\"has-accent-2-color has-text-color has-large-font-size\"> Un besoin de fabriquer ce que vous avez besoin. De savoir qu&rsquo; aucun  produit chimique ne serA utilis\u00e9 et dont l&rsquo;efficacit\u00e9 ne vous fera plus douter , des connaissances acquises et  une fiert\u00e9 retrouv\u00e9e.<\/p>\n\n\n\n<p class=\"has-text-align-center has-headings-color has-text-color has-large-font-size\"><strong>La  premi\u00e8re consultation sera de 60\u20ac, puis le suivi  sera de 40\u20ac.<\/strong><\/p>\n\n\n\n<p><\/p>\n\n\n\n<p class=\"has-accent-2-color has-text-color has-large-font-size\"> . On peut aussi \u00e9changer par sms, si vous avez des questions ou des modifications sur la mise en place, apr\u00e8s notre premier  rendez vous.<\/p>\n\n\n\n<p class=\"has-text-align-center has-accent-2-color has-text-color has-large-font-size\">Nathalie Sineux, Th\u00e9rapeute en Ayurv\u00e9da (dipl\u00f4me fran\u00e7ais et Indien)<\/p>\n\n\n\n<div class=\"wp-block-buttons is-horizontal is-content-justification-center is-layout-flex wp-container-core-buttons-is-layout-499968f5 wp-block-buttons-is-layout-flex\">\n<div class=\"wp-block-button\"><a class=\"wp-block-button__link wp-element-button\" href=\"https:\/\/www.nathalie-yoga.com\/index.php\/contact\/\" target=\"_blank\" rel=\"noreferrer noopener\">contactez-moi<\/a><\/div>\n<\/div>\n\n\n\n<div class=\"wp-block-columns is-layout-flex wp-container-core-columns-is-layout-9d6595d7 wp-block-columns-is-layout-flex\">\n<div class=\"wp-block-column is-layout-flow wp-block-column-is-layout-flow\">\n<figure class=\"wp-block-image size-large\"><img loading=\"lazy\" decoding=\"async\" width=\"1024\" height=\"699\" src=\"https:\/\/www.nathalie-yoga.com\/wp-content\/uploads\/2021\/11\/retro-g06761f8db_1280-1024x699.jpg\" alt=\"\" class=\"wp-image-1077\" srcset=\"https:\/\/www.nathalie-yoga.com\/wp-content\/uploads\/2021\/11\/retro-g06761f8db_1280-1024x699.jpg 1024w, https:\/\/www.nathalie-yoga.com\/wp-content\/uploads\/2021\/11\/retro-g06761f8db_1280-300x205.jpg 300w, https:\/\/www.nathalie-yoga.com\/wp-content\/uploads\/2021\/11\/retro-g06761f8db_1280-768x524.jpg 768w, https:\/\/www.nathalie-yoga.com\/wp-content\/uploads\/2021\/11\/retro-g06761f8db_1280-439x300.jpg 439w, https:\/\/www.nathalie-yoga.com\/wp-content\/uploads\/2021\/11\/retro-g06761f8db_1280.jpg 1280w\" sizes=\"auto, (max-width: 1024px) 100vw, 1024px\" \/><\/figure>\n<\/div>\n\n\n\n<div class=\"wp-block-column is-layout-flow wp-block-column-is-layout-flow\">\n<figure class=\"wp-block-image size-large\"><img loading=\"lazy\" decoding=\"async\" width=\"1024\" height=\"678\" src=\"https:\/\/www.nathalie-yoga.com\/wp-content\/uploads\/2021\/11\/spices-g39c82ff64_1920-1-1024x678.jpg\" alt=\"\" class=\"wp-image-1078\" srcset=\"https:\/\/www.nathalie-yoga.com\/wp-content\/uploads\/2021\/11\/spices-g39c82ff64_1920-1-1024x678.jpg 1024w, https:\/\/www.nathalie-yoga.com\/wp-content\/uploads\/2021\/11\/spices-g39c82ff64_1920-1-300x199.jpg 300w, https:\/\/www.nathalie-yoga.com\/wp-content\/uploads\/2021\/11\/spices-g39c82ff64_1920-1-768x508.jpg 768w, https:\/\/www.nathalie-yoga.com\/wp-content\/uploads\/2021\/11\/spices-g39c82ff64_1920-1-1536x1017.jpg 1536w, https:\/\/www.nathalie-yoga.com\/wp-content\/uploads\/2021\/11\/spices-g39c82ff64_1920-1-453x300.jpg 453w, https:\/\/www.nathalie-yoga.com\/wp-content\/uploads\/2021\/11\/spices-g39c82ff64_1920-1.jpg 1920w\" sizes=\"auto, (max-width: 1024px) 100vw, 1024px\" \/><\/figure>\n<\/div>\n<\/div>\n\n\n\n<p><\/p>\n<!--CusAds0-->\n<div style=\"font-size: 0px; height: 0px; line-height: 0px; margin: 0; padding: 0; clear: both;\"><\/div>","protected":false},"excerpt":{"rendered":"<p>La consultation Ayurv\u00e9dique , pour VOUS connaitre avant tout : Soit pour votre constitution ou soit pour d\u00e9finir une routine journali\u00e8re, soit faire un tableau &hellip;<\/p>\n","protected":false},"author":1,"featured_media":637,"parent":0,"menu_order":0,"comment_status":"closed","ping_status":"closed","template":"","meta":{"footnotes":""},"class_list":["post-169","page","type-page","status-publish","has-post-thumbnail","hentry"],"yoast_head":"<!-- This site is optimized with the Yoast SEO plugin v23.7 - https:\/\/yoast.com\/wordpress\/plugins\/seo\/ -->\n<title>Consultation - NAThalie-YOGA<\/title>\n<meta name=\"description\" content=\"Pour conna\u00eetre votre profil Ayurv\u00e9dique, faire et mettre en place une alimentation plus adapt\u00e9e plusieurs solutions s&#039;offrent \u00e0 vous.\" \/>\n<meta name=\"robots\" content=\"index, follow, max-snippet:-1, max-image-preview:large, max-video-preview:-1\" \/>\n<link rel=\"canonical\" href=\"https:\/\/www.nathalie-yoga.com\/index.php\/consultation\/\" \/>\n<meta property=\"og:locale\" content=\"fr_FR\" \/>\n<meta property=\"og:type\" content=\"article\" \/>\n<meta property=\"og:title\" content=\"Consultation - NAThalie-YOGA\" \/>\n<meta property=\"og:description\" content=\"Pour conna\u00eetre votre profil Ayurv\u00e9dique, faire et mettre en place une alimentation plus adapt\u00e9e plusieurs solutions s&#039;offrent \u00e0 vous.\" \/>\n<meta property=\"og:url\" content=\"https:\/\/www.nathalie-yoga.com\/index.php\/consultation\/\" \/>\n<meta property=\"og:site_name\" content=\"NAThalie-YOGA\" \/>\n<meta property=\"article:publisher\" content=\"https:\/\/www.facebook.com\/Nathalieyoga-105104835221700\" \/>\n<meta property=\"article:modified_time\" content=\"2025-08-14T08:43:33+00:00\" \/>\n<meta property=\"og:image\" content=\"https:\/\/www.nathalie-yoga.com\/wp-content\/uploads\/2021\/09\/Consultation.jpg\" \/>\n\t<meta property=\"og:image:width\" content=\"1238\" \/>\n\t<meta property=\"og:image:height\" content=\"676\" \/>\n\t<meta property=\"og:image:type\" content=\"image\/jpeg\" \/>\n<meta name=\"twitter:card\" content=\"summary_large_image\" \/>\n<meta name=\"twitter:label1\" content=\"Dur\u00e9e de lecture estim\u00e9e\" \/>\n\t<meta name=\"twitter:data1\" content=\"2 minutes\" \/>\n<script type=\"application\/ld+json\" class=\"yoast-schema-graph\">{\"@context\":\"https:\/\/schema.org\",\"@graph\":[{\"@type\":\"WebPage\",\"@id\":\"https:\/\/www.nathalie-yoga.com\/index.php\/consultation\/\",\"url\":\"https:\/\/www.nathalie-yoga.com\/index.php\/consultation\/\",\"name\":\"Consultation - NAThalie-YOGA\",\"isPartOf\":{\"@id\":\"https:\/\/www.nathalie-yoga.com\/#website\"},\"primaryImageOfPage\":{\"@id\":\"https:\/\/www.nathalie-yoga.com\/index.php\/consultation\/#primaryimage\"},\"image\":{\"@id\":\"https:\/\/www.nathalie-yoga.com\/index.php\/consultation\/#primaryimage\"},\"thumbnailUrl\":\"https:\/\/www.nathalie-yoga.com\/wp-content\/uploads\/2021\/09\/Consultation.jpg\",\"datePublished\":\"2021-08-11T08:05:05+00:00\",\"dateModified\":\"2025-08-14T08:43:33+00:00\",\"description\":\"Pour conna\u00eetre votre profil Ayurv\u00e9dique, faire et mettre en place une alimentation plus adapt\u00e9e plusieurs solutions s'offrent \u00e0 vous.\",\"breadcrumb\":{\"@id\":\"https:\/\/www.nathalie-yoga.com\/index.php\/consultation\/#breadcrumb\"},\"inLanguage\":\"fr-FR\",\"potentialAction\":[{\"@type\":\"ReadAction\",\"target\":[\"https:\/\/www.nathalie-yoga.com\/index.php\/consultation\/\"]}]},{\"@type\":\"ImageObject\",\"inLanguage\":\"fr-FR\",\"@id\":\"https:\/\/www.nathalie-yoga.com\/index.php\/consultation\/#primaryimage\",\"url\":\"https:\/\/www.nathalie-yoga.com\/wp-content\/uploads\/2021\/09\/Consultation.jpg\",\"contentUrl\":\"https:\/\/www.nathalie-yoga.com\/wp-content\/uploads\/2021\/09\/Consultation.jpg\",\"width\":1238,\"height\":676},{\"@type\":\"BreadcrumbList\",\"@id\":\"https:\/\/www.nathalie-yoga.com\/index.php\/consultation\/#breadcrumb\",\"itemListElement\":[{\"@type\":\"ListItem\",\"position\":1,\"name\":\"Accueil\",\"item\":\"https:\/\/www.nathalie-yoga.com\/\"},{\"@type\":\"ListItem\",\"position\":2,\"name\":\"Consultation\"}]},{\"@type\":\"WebSite\",\"@id\":\"https:\/\/www.nathalie-yoga.com\/#website\",\"url\":\"https:\/\/www.nathalie-yoga.com\/\",\"name\":\"NAThalie-YOGA\",\"description\":\"Ayurveda &amp; Yoga\",\"publisher\":{\"@id\":\"https:\/\/www.nathalie-yoga.com\/#organization\"},\"potentialAction\":[{\"@type\":\"SearchAction\",\"target\":{\"@type\":\"EntryPoint\",\"urlTemplate\":\"https:\/\/www.nathalie-yoga.com\/?s={search_term_string}\"},\"query-input\":{\"@type\":\"PropertyValueSpecification\",\"valueRequired\":true,\"valueName\":\"search_term_string\"}}],\"inLanguage\":\"fr-FR\"},{\"@type\":\"Organization\",\"@id\":\"https:\/\/www.nathalie-yoga.com\/#organization\",\"name\":\"NAThalie-YOGA\",\"url\":\"https:\/\/www.nathalie-yoga.com\/\",\"logo\":{\"@type\":\"ImageObject\",\"inLanguage\":\"fr-FR\",\"@id\":\"https:\/\/www.nathalie-yoga.com\/#\/schema\/logo\/image\/\",\"url\":\"https:\/\/www.nathalie-yoga.com\/wp-content\/uploads\/2021\/11\/cropped-LogoSiteCercleCouleur.png\",\"contentUrl\":\"https:\/\/www.nathalie-yoga.com\/wp-content\/uploads\/2021\/11\/cropped-LogoSiteCercleCouleur.png\",\"width\":168,\"height\":204,\"caption\":\"NAThalie-YOGA\"},\"image\":{\"@id\":\"https:\/\/www.nathalie-yoga.com\/#\/schema\/logo\/image\/\"},\"sameAs\":[\"https:\/\/www.facebook.com\/Nathalieyoga-105104835221700\",\"https:\/\/studio.youtube.com\/channel\/UCIzlfL2iLtNhlW_xsvmi7-g\/videos\/upload?filter=[]&amp;sort={&quot;columnType&quot;:&quot;date&quot;,&quot;sortOrder&quot;DESCENDING&quot;}\"]}]}<\/script>\n<!-- \/ Yoast SEO plugin. -->","yoast_head_json":{"title":"Consultation - NAThalie-YOGA","description":"Pour conna\u00eetre votre profil Ayurv\u00e9dique, faire et mettre en place une alimentation plus adapt\u00e9e plusieurs solutions s'offrent \u00e0 vous.","robots":{"index":"index","follow":"follow","max-snippet":"max-snippet:-1","max-image-preview":"max-image-preview:large","max-video-preview":"max-video-preview:-1"},"canonical":"https:\/\/www.nathalie-yoga.com\/index.php\/consultation\/","og_locale":"fr_FR","og_type":"article","og_title":"Consultation - NAThalie-YOGA","og_description":"Pour conna\u00eetre votre profil Ayurv\u00e9dique, faire et mettre en place une alimentation plus adapt\u00e9e plusieurs solutions s'offrent \u00e0 vous.","og_url":"https:\/\/www.nathalie-yoga.com\/index.php\/consultation\/","og_site_name":"NAThalie-YOGA","article_publisher":"https:\/\/www.facebook.com\/Nathalieyoga-105104835221700","article_modified_time":"2025-08-14T08:43:33+00:00","og_image":[{"width":1238,"height":676,"url":"https:\/\/www.nathalie-yoga.com\/wp-content\/uploads\/2021\/09\/Consultation.jpg","type":"image\/jpeg"}],"twitter_card":"summary_large_image","twitter_misc":{"Dur\u00e9e de lecture estim\u00e9e":"2 minutes"},"schema":{"@context":"https:\/\/schema.org","@graph":[{"@type":"WebPage","@id":"https:\/\/www.nathalie-yoga.com\/index.php\/consultation\/","url":"https:\/\/www.nathalie-yoga.com\/index.php\/consultation\/","name":"Consultation - NAThalie-YOGA","isPartOf":{"@id":"https:\/\/www.nathalie-yoga.com\/#website"},"primaryImageOfPage":{"@id":"https:\/\/www.nathalie-yoga.com\/index.php\/consultation\/#primaryimage"},"image":{"@id":"https:\/\/www.nathalie-yoga.com\/index.php\/consultation\/#primaryimage"},"thumbnailUrl":"https:\/\/www.nathalie-yoga.com\/wp-content\/uploads\/2021\/09\/Consultation.jpg","datePublished":"2021-08-11T08:05:05+00:00","dateModified":"2025-08-14T08:43:33+00:00","description":"Pour conna\u00eetre votre profil Ayurv\u00e9dique, faire et mettre en place une alimentation plus adapt\u00e9e plusieurs solutions s'offrent \u00e0 vous.","breadcrumb":{"@id":"https:\/\/www.nathalie-yoga.com\/index.php\/consultation\/#breadcrumb"},"inLanguage":"fr-FR","potentialAction":[{"@type":"ReadAction","target":["https:\/\/www.nathalie-yoga.com\/index.php\/consultation\/"]}]},{"@type":"ImageObject","inLanguage":"fr-FR","@id":"https:\/\/www.nathalie-yoga.com\/index.php\/consultation\/#primaryimage","url":"https:\/\/www.nathalie-yoga.com\/wp-content\/uploads\/2021\/09\/Consultation.jpg","contentUrl":"https:\/\/www.nathalie-yoga.com\/wp-content\/uploads\/2021\/09\/Consultation.jpg","width":1238,"height":676},{"@type":"BreadcrumbList","@id":"https:\/\/www.nathalie-yoga.com\/index.php\/consultation\/#breadcrumb","itemListElement":[{"@type":"ListItem","position":1,"name":"Accueil","item":"https:\/\/www.nathalie-yoga.com\/"},{"@type":"ListItem","position":2,"name":"Consultation"}]},{"@type":"WebSite","@id":"https:\/\/www.nathalie-yoga.com\/#website","url":"https:\/\/www.nathalie-yoga.com\/","name":"NAThalie-YOGA","description":"Ayurveda &amp; Yoga","publisher":{"@id":"https:\/\/www.nathalie-yoga.com\/#organization"},"potentialAction":[{"@type":"SearchAction","target":{"@type":"EntryPoint","urlTemplate":"https:\/\/www.nathalie-yoga.com\/?s={search_term_string}"},"query-input":{"@type":"PropertyValueSpecification","valueRequired":true,"valueName":"search_term_string"}}],"inLanguage":"fr-FR"},{"@type":"Organization","@id":"https:\/\/www.nathalie-yoga.com\/#organization","name":"NAThalie-YOGA","url":"https:\/\/www.nathalie-yoga.com\/","logo":{"@type":"ImageObject","inLanguage":"fr-FR","@id":"https:\/\/www.nathalie-yoga.com\/#\/schema\/logo\/image\/","url":"https:\/\/www.nathalie-yoga.com\/wp-content\/uploads\/2021\/11\/cropped-LogoSiteCercleCouleur.png","contentUrl":"https:\/\/www.nathalie-yoga.com\/wp-content\/uploads\/2021\/11\/cropped-LogoSiteCercleCouleur.png","width":168,"height":204,"caption":"NAThalie-YOGA"},"image":{"@id":"https:\/\/www.nathalie-yoga.com\/#\/schema\/logo\/image\/"},"sameAs":["https:\/\/www.facebook.com\/Nathalieyoga-105104835221700","https:\/\/studio.youtube.com\/channel\/UCIzlfL2iLtNhlW_xsvmi7-g\/videos\/upload?filter=[]&amp;sort={&quot;columnType&quot;:&quot;date&quot;,&quot;sortOrder&quot;DESCENDING&quot;}"]}]}},"jetpack_sharing_enabled":false,"_links":{"self":[{"href":"https:\/\/www.nathalie-yoga.com\/index.php\/wp-json\/wp\/v2\/pages\/169","targetHints":{"allow":["GET"]}}],"collection":[{"href":"https:\/\/www.nathalie-yoga.com\/index.php\/wp-json\/wp\/v2\/pages"}],"about":[{"href":"https:\/\/www.nathalie-yoga.com\/index.php\/wp-json\/wp\/v2\/types\/page"}],"author":[{"embeddable":true,"href":"https:\/\/www.nathalie-yoga.com\/index.php\/wp-json\/wp\/v2\/users\/1"}],"replies":[{"embeddable":true,"href":"https:\/\/www.nathalie-yoga.com\/index.php\/wp-json\/wp\/v2\/comments?post=169"}],"version-history":[{"count":16,"href":"https:\/\/www.nathalie-yoga.com\/index.php\/wp-json\/wp\/v2\/pages\/169\/revisions"}],"predecessor-version":[{"id":1609,"href":"https:\/\/www.nathalie-yoga.com\/index.php\/wp-json\/wp\/v2\/pages\/169\/revisions\/1609"}],"wp:featuredmedia":[{"embeddable":true,"href":"https:\/\/www.nathalie-yoga.com\/index.php\/wp-json\/wp\/v2\/media\/637"}],"wp:attachment":[{"href":"https:\/\/www.nathalie-yoga.com\/index.php\/wp-json\/wp\/v2\/media?parent=169"}],"curies":[{"name":"wp","href":"https:\/\/api.w.org\/{rel}","templated":true}]}}