{"id":131,"date":"2021-08-10T02:10:05","date_gmt":"2021-08-10T00:10:05","guid":{"rendered":"https:\/\/www.nathalie-yoga.com\/?page_id=131"},"modified":"2025-08-14T11:41:11","modified_gmt":"2025-08-14T09:41:11","slug":"om","status":"publish","type":"page","link":"https:\/\/www.nathalie-yoga.com\/","title":{"rendered":"OM"},"content":{"rendered":"\n<p class=\"has-accent-2-color has-text-color has-large-font-size\">Un&nbsp;<strong>mantra<\/strong>&nbsp;(<a href=\"https:\/\/fr.wikipedia.org\/wiki\/Sanskrit\">sanskrit<\/a>&nbsp;;&nbsp;<a href=\"https:\/\/fr.wikipedia.org\/wiki\/Devan%C4%81gar%C4%AB\">devan\u0101gar\u012b<\/a>&nbsp;:  est une formule&nbsp;<a href=\"https:\/\/fr.wikipedia.org\/wiki\/Sacr%C3%A9\">sacr\u00e9e<\/a>&nbsp;ou&nbsp;<a href=\"https:\/\/fr.wikipedia.org\/wiki\/Invocation\">invocation<\/a>&nbsp;utilis\u00e9e dans l&rsquo;<a href=\"https:\/\/fr.wikipedia.org\/wiki\/Hindouisme\">hindouisme<\/a>, le&nbsp;<a href=\"https:\/\/fr.wikipedia.org\/wiki\/Bouddhisme\">bouddhisme<\/a>, le&nbsp;<a href=\"https:\/\/fr.wikipedia.org\/wiki\/Sikhisme\">sikhisme<\/a>&nbsp;et le&nbsp;<a href=\"https:\/\/fr.wikipedia.org\/wiki\/Ja%C3%AFnisme\">ja\u00efnisme<\/a>, et aussi dans notre soci\u00e9t\u00e9 moderne occidentale.<\/p>\n\n\n\n<p class=\"has-accent-2-color has-text-color has-large-font-size\">On trouve les premiers mantra en&nbsp;<a href=\"https:\/\/fr.wikipedia.org\/wiki\/Sanskrit\">sanskrit<\/a>&nbsp;<a href=\"https:\/\/fr.wikipedia.org\/wiki\/V%C3%A9disme\">v\u00e9dique<\/a>&nbsp;dans le&nbsp;<a href=\"https:\/\/fr.wikipedia.org\/wiki\/Rig-V%C3%A9da\">Rig-V\u00e9da<\/a>, qui sont utilis\u00e9s \u00e0 des fins rituelles. Leur usage a par la suite \u00e9t\u00e9 syst\u00e9matis\u00e9 dans le&nbsp;<a href=\"https:\/\/fr.wikipedia.org\/wiki\/Tantrisme\">tantrisme<\/a>&nbsp;en tant qu&rsquo;instrument de concentration et de verbalisation positive. Depuis l&rsquo;Inde, ils se sont r\u00e9pandus avec le bouddhisme, au Tibet, en Asie du Sud-Est et en Extr\u00eame-Orient. De nos jours ils sont aussi utilis\u00e9s en Occident \u00e0 des fins spirituelles ou&nbsp;<a href=\"https:\/\/fr.wikipedia.org\/wiki\/M%C3%A9ditation\">m\u00e9ditatives<\/a>.<\/p>\n\n\n\n<p class=\"has-accent-2-color has-text-color has-large-font-size\">Le OM ou AUM, sont des bija mantra, mot unique.<\/p>\n\n\n\n<p class=\"has-accent-2-color has-text-color has-large-font-size\">Le son vibre dans notre gorge puis dans le corps entier et \u00e0 travers le cerveau. Ces vibrations ont des effets positives. O\u00f9 l&rsquo;importance des mots qui  r\u00e9sonnent dans la gorge et sortent de notre bouche.<\/p>\n\n\n\n<p class=\"has-text-align-center has-accent-2-color has-accent-1-background-color has-text-color has-background has-large-font-size\"><strong>Notre langage quotidien a une importance, prendre conscience de ce que l&rsquo;on dit aux autres et \u00e0 soi, oui nous nous parlons aussi, vous le savez!<\/strong><\/p>\n\n\n\n<h5 class=\"has-accent-2-color has-text-color has-large-font-size wp-block-heading\">Le son est vibration et  diffusant:  il part de la gorge, monte vers le cr\u00e2ne et descend dans le corps&#8230;&#8230;<\/h5>\n\n\n\n<p class=\"has-accent-2-color has-text-color has-large-font-size\">Les V\u00e9das affirment que le son OM est le son originel, celui de la cr\u00e9ation du Monde. Le son est donc vibration et \u00e9nergie et a donc une valeur th\u00e9rapeutique, un pouvoir spirituel majeur. Tout comme le concept de bol tib\u00e9tain o\u00f9 le son sert \u00e0 soigner, \u00e0 r\u00e9\u00e9quilibrer les chakras en atteignant toutes les cellules du corps physique et \u00e9nerg\u00e9tique. L\u00e0 n\u2019est pas le sujet, mais si cela vous int\u00e9resse, je pourrai consacrer un article entier aux bienfaits et pouvoirs du bol tib\u00e9tain, qui lui aussi est int\u00e9ressant pour amener \u00e0 l\u2019Int\u00e9riorit\u00e9 et \u00e0 la M\u00e9ditation. Le Mantra sert donc \u00e0 se laisser impr\u00e9gner des forces du son, des significations qui lui sont associ\u00e9es ainsi qu\u2019amener \u00e0 un taux vibratoire tr\u00e8s \u00e9lev\u00e9 nous permettant de ressentir le vivant diff\u00e9remment, de fa\u00e7on subtil, l\u00e9g\u00e8re. Le son nous transporte au-del\u00e0 des manifestations mentales et le fait de d\u2019 unir sa voix \u00e0 celles des autres pratiquants intensifie tr\u00e8s puissamment ce ressenti ! Il n\u2019est pas rare de voir des pratiquant-e-s se faire cueillir par la puissance du mantra, et pleurer \u00e0 la fin d\u2019une s\u00e9ance qui se termine par un mantra tant le son \u00e0 un pouvoir de sublimation, de transcendance !<\/p>\n\n\n\n<h5 class=\"has-accent-2-color has-text-color has-large-font-size wp-block-heading\">Vous avez quelques doutes?<\/h5>\n\n\n\n<p class=\"has-accent-2-color has-text-color has-large-font-size\">Vous vous dites que chantez comme une casserole, que vous n\u2019\u00eates pas du tout \u00e0 l\u2019aise avec votre voix et que l\u2019unir \u00e0 celles des autres n\u2019est pas du tout conseill\u00e9 pour votre besoin d\u2019appartenance sociale? Eh bien d\u00e9trompez vous car une fois que l\u2019on pose sa voix, c\u2019est le mantra qui vous emporte ! C\u2019est le mantra qui vous d\u00e9fait et qui vous fait devenir ce mantra ! Je vous assure, c\u2019est un voyage comique \u00e0 la port\u00e9e de chacun qui permet de laisser tomber tout jugement, toute opinion, toute conception du bien et du mal, du bon et du mauvais. Le mantra nous permet de devenir paix et Amour ! Car quoi de meilleur que de partager avec notre entourage, avec le monde, le bonheur d\u2019\u00eatre vivant ? Le mantra c\u2019est aussi pr\u00e9cis\u00e9ment cela, c\u2019est un moyen de rentrer en r\u00e9sonnance et en communication avec tout ce qui vibre autour de nous. C\u2019est un outil de gu\u00e9rison collective et intime qui m\u00e8ne \u00e0 la Confiance et \u00e0 la Joie de vivre simplement\u2026<\/p>\n\n\n\n<h5 class=\"has-accent-2-color has-text-color has-large-font-size wp-block-heading\">Passez \u00e0 l&rsquo;action<\/h5>\n\n\n\n<p class=\"has-accent-2-color has-text-color has-large-font-size\">Essayez, branchez-vous sur Youtube, et chantez ce mantra&nbsp; au moins 10 minutes <\/p>\n\n\n\n<p class=\"has-accent-2-color has-text-color has-large-font-size\"><strong>\u00ab&nbsp;<em>Lokah Samastah<\/em>&nbsp;<em>Sukhino Bhavantu<\/em>&nbsp;\u00bb<\/strong>. Que tous les \u00eatres, dans tous les mondes soient heureux et libres. Que mes paroles, mes pens\u00e9es, mes actions puissent contribuer \u00e0 cette paix et ce bonheur pour le b\u00e9n\u00e9fice de tous.<\/p>\n\n\n\n<p class=\"has-accent-2-color has-text-color has-large-font-size\">Si le mantra poursuit son chemin plusieurs heures ou jours suivant le chant, c\u2019est que les bienfaits sont \u00e0 l\u2019\u0153uvre, car on dit que les vibrations du mantra impr\u00e8gnent des jours durant notre corps et emp\u00eachent ainsi notre mental de tourner en rond et de nous raconter encore et toujours, des jugements sur ce monde et ses myst\u00e8res qui lui \u00e9chappent.<\/p>\n\n\n\n<p class=\"has-accent-2-color has-text-color has-large-font-size\"><strong> Belle pratique \u00e0 vous ! Et le mieux, pour une premi\u00e8re fois, c\u2019est d\u00e9j\u00e0 d\u2019\u00e9couter des mantras chez soi<\/strong>.<\/p>\n\n\n\n<figure class=\"wp-block-image size-full is-resized\"><img loading=\"lazy\" decoding=\"async\" src=\"https:\/\/www.nathalie-yoga.com\/wp-content\/uploads\/2021\/10\/mantras-etchakras-1.jpg\" alt=\"\" class=\"wp-image-866\" width=\"663\" height=\"421\"\/><figcaption class=\"wp-element-caption\"><strong><span style=\"text-decoration: underline;\">Les mantras et les chakras<\/span><\/strong><\/figcaption><\/figure>\n\n\n\n<p class=\"has-large-font-size\">Nathalie Sineux<\/p>\n<!--CusAds0-->\n<div style=\"font-size: 0px; height: 0px; line-height: 0px; margin: 0; padding: 0; clear: both;\"><\/div>","protected":false},"excerpt":{"rendered":"<p>Un&nbsp;mantra&nbsp;(sanskrit&nbsp;;&nbsp;devan\u0101gar\u012b&nbsp;: est une formule&nbsp;sacr\u00e9e&nbsp;ou&nbsp;invocation&nbsp;utilis\u00e9e dans l&rsquo;hindouisme, le&nbsp;bouddhisme, le&nbsp;sikhisme&nbsp;et le&nbsp;ja\u00efnisme, et aussi dans notre soci\u00e9t\u00e9 moderne occidentale. On trouve les premiers mantra en&nbsp;sanskrit&nbsp;v\u00e9dique&nbsp;dans le&nbsp;Rig-V\u00e9da, qui sont &hellip;<\/p>\n","protected":false},"author":1,"featured_media":0,"parent":0,"menu_order":0,"comment_status":"closed","ping_status":"closed","template":"","meta":{"footnotes":""},"class_list":["post-131","page","type-page","status-publish","hentry"],"yoast_head":"<!-- This site is optimized with the Yoast SEO plugin v23.7 - https:\/\/yoast.com\/wordpress\/plugins\/seo\/ -->\n<title>OM - NAThalie-YOGA<\/title>\n<meta name=\"description\" content=\"Le son vibre dans notre gorge puis dans le corps entier et \u00e0 travers le cerveau. O\u00f9 l&#039;importance des mots qui r\u00e9sonnent.\" \/>\n<meta name=\"robots\" content=\"index, follow, max-snippet:-1, max-image-preview:large, max-video-preview:-1\" \/>\n<link rel=\"canonical\" href=\"https:\/\/www.nathalie-yoga.com\/\" \/>\n<meta property=\"og:locale\" content=\"fr_FR\" \/>\n<meta property=\"og:type\" content=\"article\" \/>\n<meta property=\"og:title\" content=\"OM - NAThalie-YOGA\" \/>\n<meta property=\"og:description\" content=\"Le son vibre dans notre gorge puis dans le corps entier et \u00e0 travers le cerveau. O\u00f9 l&#039;importance des mots qui r\u00e9sonnent.\" \/>\n<meta property=\"og:url\" content=\"https:\/\/www.nathalie-yoga.com\/\" \/>\n<meta property=\"og:site_name\" content=\"NAThalie-YOGA\" \/>\n<meta property=\"article:publisher\" content=\"https:\/\/www.facebook.com\/Nathalieyoga-105104835221700\" \/>\n<meta property=\"article:modified_time\" content=\"2025-08-14T09:41:11+00:00\" \/>\n<meta property=\"og:image\" content=\"https:\/\/www.nathalie-yoga.com\/wp-content\/uploads\/2021\/10\/mantras-etchakras-1.jpg\" \/>\n\t<meta property=\"og:image:width\" content=\"282\" \/>\n\t<meta property=\"og:image:height\" content=\"179\" \/>\n\t<meta property=\"og:image:type\" content=\"image\/jpeg\" \/>\n<meta name=\"twitter:card\" content=\"summary_large_image\" \/>\n<meta name=\"twitter:label1\" content=\"Dur\u00e9e de lecture estim\u00e9e\" \/>\n\t<meta name=\"twitter:data1\" content=\"4 minutes\" \/>\n<script type=\"application\/ld+json\" class=\"yoast-schema-graph\">{\"@context\":\"https:\/\/schema.org\",\"@graph\":[{\"@type\":\"WebPage\",\"@id\":\"https:\/\/www.nathalie-yoga.com\/\",\"url\":\"https:\/\/www.nathalie-yoga.com\/\",\"name\":\"OM - NAThalie-YOGA\",\"isPartOf\":{\"@id\":\"https:\/\/www.nathalie-yoga.com\/#website\"},\"primaryImageOfPage\":{\"@id\":\"https:\/\/www.nathalie-yoga.com\/#primaryimage\"},\"image\":{\"@id\":\"https:\/\/www.nathalie-yoga.com\/#primaryimage\"},\"thumbnailUrl\":\"https:\/\/www.nathalie-yoga.com\/wp-content\/uploads\/2021\/10\/mantras-etchakras-1.jpg\",\"datePublished\":\"2021-08-10T00:10:05+00:00\",\"dateModified\":\"2025-08-14T09:41:11+00:00\",\"description\":\"Le son vibre dans notre gorge puis dans le corps entier et \u00e0 travers le cerveau. O\u00f9 l'importance des mots qui r\u00e9sonnent.\",\"breadcrumb\":{\"@id\":\"https:\/\/www.nathalie-yoga.com\/#breadcrumb\"},\"inLanguage\":\"fr-FR\",\"potentialAction\":[{\"@type\":\"ReadAction\",\"target\":[\"https:\/\/www.nathalie-yoga.com\/\"]}]},{\"@type\":\"ImageObject\",\"inLanguage\":\"fr-FR\",\"@id\":\"https:\/\/www.nathalie-yoga.com\/#primaryimage\",\"url\":\"https:\/\/www.nathalie-yoga.com\/wp-content\/uploads\/2021\/10\/mantras-etchakras-1.jpg\",\"contentUrl\":\"https:\/\/www.nathalie-yoga.com\/wp-content\/uploads\/2021\/10\/mantras-etchakras-1.jpg\",\"width\":282,\"height\":179},{\"@type\":\"BreadcrumbList\",\"@id\":\"https:\/\/www.nathalie-yoga.com\/#breadcrumb\",\"itemListElement\":[{\"@type\":\"ListItem\",\"position\":1,\"name\":\"Accueil\",\"item\":\"https:\/\/www.nathalie-yoga.com\/\"},{\"@type\":\"ListItem\",\"position\":2,\"name\":\"OM\"}]},{\"@type\":\"WebSite\",\"@id\":\"https:\/\/www.nathalie-yoga.com\/#website\",\"url\":\"https:\/\/www.nathalie-yoga.com\/\",\"name\":\"NAThalie-YOGA\",\"description\":\"Ayurveda &amp; Yoga\",\"publisher\":{\"@id\":\"https:\/\/www.nathalie-yoga.com\/#organization\"},\"potentialAction\":[{\"@type\":\"SearchAction\",\"target\":{\"@type\":\"EntryPoint\",\"urlTemplate\":\"https:\/\/www.nathalie-yoga.com\/?s={search_term_string}\"},\"query-input\":{\"@type\":\"PropertyValueSpecification\",\"valueRequired\":true,\"valueName\":\"search_term_string\"}}],\"inLanguage\":\"fr-FR\"},{\"@type\":\"Organization\",\"@id\":\"https:\/\/www.nathalie-yoga.com\/#organization\",\"name\":\"NAThalie-YOGA\",\"url\":\"https:\/\/www.nathalie-yoga.com\/\",\"logo\":{\"@type\":\"ImageObject\",\"inLanguage\":\"fr-FR\",\"@id\":\"https:\/\/www.nathalie-yoga.com\/#\/schema\/logo\/image\/\",\"url\":\"https:\/\/www.nathalie-yoga.com\/wp-content\/uploads\/2021\/11\/cropped-LogoSiteCercleCouleur.png\",\"contentUrl\":\"https:\/\/www.nathalie-yoga.com\/wp-content\/uploads\/2021\/11\/cropped-LogoSiteCercleCouleur.png\",\"width\":168,\"height\":204,\"caption\":\"NAThalie-YOGA\"},\"image\":{\"@id\":\"https:\/\/www.nathalie-yoga.com\/#\/schema\/logo\/image\/\"},\"sameAs\":[\"https:\/\/www.facebook.com\/Nathalieyoga-105104835221700\",\"https:\/\/studio.youtube.com\/channel\/UCIzlfL2iLtNhlW_xsvmi7-g\/videos\/upload?filter=[]&amp;sort={&quot;columnType&quot;:&quot;date&quot;,&quot;sortOrder&quot;DESCENDING&quot;}\"]}]}<\/script>\n<!-- \/ Yoast SEO plugin. -->","yoast_head_json":{"title":"OM - NAThalie-YOGA","description":"Le son vibre dans notre gorge puis dans le corps entier et \u00e0 travers le cerveau. O\u00f9 l'importance des mots qui r\u00e9sonnent.","robots":{"index":"index","follow":"follow","max-snippet":"max-snippet:-1","max-image-preview":"max-image-preview:large","max-video-preview":"max-video-preview:-1"},"canonical":"https:\/\/www.nathalie-yoga.com\/","og_locale":"fr_FR","og_type":"article","og_title":"OM - NAThalie-YOGA","og_description":"Le son vibre dans notre gorge puis dans le corps entier et \u00e0 travers le cerveau. O\u00f9 l'importance des mots qui r\u00e9sonnent.","og_url":"https:\/\/www.nathalie-yoga.com\/","og_site_name":"NAThalie-YOGA","article_publisher":"https:\/\/www.facebook.com\/Nathalieyoga-105104835221700","article_modified_time":"2025-08-14T09:41:11+00:00","og_image":[{"width":282,"height":179,"url":"https:\/\/www.nathalie-yoga.com\/wp-content\/uploads\/2021\/10\/mantras-etchakras-1.jpg","type":"image\/jpeg"}],"twitter_card":"summary_large_image","twitter_misc":{"Dur\u00e9e de lecture estim\u00e9e":"4 minutes"},"schema":{"@context":"https:\/\/schema.org","@graph":[{"@type":"WebPage","@id":"https:\/\/www.nathalie-yoga.com\/","url":"https:\/\/www.nathalie-yoga.com\/","name":"OM - NAThalie-YOGA","isPartOf":{"@id":"https:\/\/www.nathalie-yoga.com\/#website"},"primaryImageOfPage":{"@id":"https:\/\/www.nathalie-yoga.com\/#primaryimage"},"image":{"@id":"https:\/\/www.nathalie-yoga.com\/#primaryimage"},"thumbnailUrl":"https:\/\/www.nathalie-yoga.com\/wp-content\/uploads\/2021\/10\/mantras-etchakras-1.jpg","datePublished":"2021-08-10T00:10:05+00:00","dateModified":"2025-08-14T09:41:11+00:00","description":"Le son vibre dans notre gorge puis dans le corps entier et \u00e0 travers le cerveau. O\u00f9 l'importance des mots qui r\u00e9sonnent.","breadcrumb":{"@id":"https:\/\/www.nathalie-yoga.com\/#breadcrumb"},"inLanguage":"fr-FR","potentialAction":[{"@type":"ReadAction","target":["https:\/\/www.nathalie-yoga.com\/"]}]},{"@type":"ImageObject","inLanguage":"fr-FR","@id":"https:\/\/www.nathalie-yoga.com\/#primaryimage","url":"https:\/\/www.nathalie-yoga.com\/wp-content\/uploads\/2021\/10\/mantras-etchakras-1.jpg","contentUrl":"https:\/\/www.nathalie-yoga.com\/wp-content\/uploads\/2021\/10\/mantras-etchakras-1.jpg","width":282,"height":179},{"@type":"BreadcrumbList","@id":"https:\/\/www.nathalie-yoga.com\/#breadcrumb","itemListElement":[{"@type":"ListItem","position":1,"name":"Accueil","item":"https:\/\/www.nathalie-yoga.com\/"},{"@type":"ListItem","position":2,"name":"OM"}]},{"@type":"WebSite","@id":"https:\/\/www.nathalie-yoga.com\/#website","url":"https:\/\/www.nathalie-yoga.com\/","name":"NAThalie-YOGA","description":"Ayurveda &amp; Yoga","publisher":{"@id":"https:\/\/www.nathalie-yoga.com\/#organization"},"potentialAction":[{"@type":"SearchAction","target":{"@type":"EntryPoint","urlTemplate":"https:\/\/www.nathalie-yoga.com\/?s={search_term_string}"},"query-input":{"@type":"PropertyValueSpecification","valueRequired":true,"valueName":"search_term_string"}}],"inLanguage":"fr-FR"},{"@type":"Organization","@id":"https:\/\/www.nathalie-yoga.com\/#organization","name":"NAThalie-YOGA","url":"https:\/\/www.nathalie-yoga.com\/","logo":{"@type":"ImageObject","inLanguage":"fr-FR","@id":"https:\/\/www.nathalie-yoga.com\/#\/schema\/logo\/image\/","url":"https:\/\/www.nathalie-yoga.com\/wp-content\/uploads\/2021\/11\/cropped-LogoSiteCercleCouleur.png","contentUrl":"https:\/\/www.nathalie-yoga.com\/wp-content\/uploads\/2021\/11\/cropped-LogoSiteCercleCouleur.png","width":168,"height":204,"caption":"NAThalie-YOGA"},"image":{"@id":"https:\/\/www.nathalie-yoga.com\/#\/schema\/logo\/image\/"},"sameAs":["https:\/\/www.facebook.com\/Nathalieyoga-105104835221700","https:\/\/studio.youtube.com\/channel\/UCIzlfL2iLtNhlW_xsvmi7-g\/videos\/upload?filter=[]&amp;sort={&quot;columnType&quot;:&quot;date&quot;,&quot;sortOrder&quot;DESCENDING&quot;}"]}]}},"jetpack_sharing_enabled":false,"_links":{"self":[{"href":"https:\/\/www.nathalie-yoga.com\/index.php\/wp-json\/wp\/v2\/pages\/131","targetHints":{"allow":["GET"]}}],"collection":[{"href":"https:\/\/www.nathalie-yoga.com\/index.php\/wp-json\/wp\/v2\/pages"}],"about":[{"href":"https:\/\/www.nathalie-yoga.com\/index.php\/wp-json\/wp\/v2\/types\/page"}],"author":[{"embeddable":true,"href":"https:\/\/www.nathalie-yoga.com\/index.php\/wp-json\/wp\/v2\/users\/1"}],"replies":[{"embeddable":true,"href":"https:\/\/www.nathalie-yoga.com\/index.php\/wp-json\/wp\/v2\/comments?post=131"}],"version-history":[{"count":5,"href":"https:\/\/www.nathalie-yoga.com\/index.php\/wp-json\/wp\/v2\/pages\/131\/revisions"}],"predecessor-version":[{"id":1387,"href":"https:\/\/www.nathalie-yoga.com\/index.php\/wp-json\/wp\/v2\/pages\/131\/revisions\/1387"}],"wp:attachment":[{"href":"https:\/\/www.nathalie-yoga.com\/index.php\/wp-json\/wp\/v2\/media?parent=131"}],"curies":[{"name":"wp","href":"https:\/\/api.w.org\/{rel}","templated":true}]}}